{"id":4595,"date":"2021-12-08T16:37:28","date_gmt":"2021-12-08T15:37:28","guid":{"rendered":"https:\/\/beta.serbski-institut.de\/library-archive\/sorbian-central-library\/"},"modified":"2026-03-23T13:39:07","modified_gmt":"2026-03-23T12:39:07","slug":"sorbian-central-library","status":"publish","type":"page","link":"https:\/\/www.serbski-institut.de\/en\/sorbian-central-library\/","title":{"rendered":"Sorbian Central Library"},"content":{"rendered":"<p>Founded 1949. Main function: Collecting all literature in the Sorbian languages, about Sorbs and about Upper and Lower Lusatia. The library is also the scientific library of the Sorbian Institute and due to exchange agreements with libraries abroad has a valuable collection of books and magazines in Slavic languages and relating to Slavic studies.<br \/>\nThe library was founded from the remains of the Ma\u0107ica Serbska library and expanded by purchases and gifts from the private libraries of Ota Wi\u0107az (Otto Lehmann), Pawo\u0142 Nedo (Paul Nedo), M\u011br\u0107in Nowak-Njechor\u0144ski (Martin Nowak-Neumann) und Jan Me\u0161kank (Jan Meschgang). Since it was founded in 1958, the publisher Domowina-Verlag has regularly provided the Sorbian Central Library with deposit copies.<br \/>\nLibrary data: 110 000 media, of which 27 000 magazine volumes; stand-alone publications: 13 000 in Sorbian languages, 25 000 in Slavic languages.<\/p>\n<p>In the <a href=\"https:\/\/www.serbski-institut.de\/bibliothek\/virtueller-lesesaal\/\">Virtual reading hall<\/a> you will find all the offers of the Sorbian Central Library and the holdings of the Sorbian Cultural Archive at a glance.<\/p>\n<h2>Opening times<\/h2>\n<p>Monday \u2013 Wednesday 9 am \u2013 4 pm<br \/>\nThursday 9 am \u2013 6 pm<br \/>\nFriday closed.<\/p>\n<div class=\"alert alert-warning\">Maundy Thursday, April 2nd 2026, the library and archive will only be open until 4 p.m. We wish our readers a blessed Easter! <\/div>\n<p>Contact: <a href=\"&#x6d;a&#x69;&#108;&#x74;&#111;&#x3a;&#x62;i&#x62;&#108;&#x69;&#111;&#x74;&#101;k&#x61;&#45;&#x61;&#114;&#x63;&#104;i&#x77;&#64;&#x73;&#101;&#x72;&#98;s&#x6b;i&#x2d;&#105;&#x6e;&#115;t&#x69;t&#x75;&#116;&#x2e;&#100;e\">&#98;&#x69;&#98;&#x6c;i&#x6f;t&#101;&#x6b;&#97;&#x2d;&#97;&#x72;c&#x68;i&#119;&#x40;&#115;&#x65;r&#x62;s&#x6b;&#x69;&#45;&#x69;&#110;&#x73;t&#x69;t&#117;&#x74;&#46;&#x64;&#101;<\/a><br \/>\nTelefon: +493591\/4972-15 (Information reading room)<\/p>\n","protected":false},"excerpt":{"rendered":"<p>Founded 1949. Main function: Collecting all literature in the Sorbian languages, about Sorbs and about Upper and Lower Lusatia. The library is also the scientific library of the Sorbian Institute and due to exchange agreements with libraries abroad has a valuable collection of books and magazines in Slavic languages and relating to Slavic studies. The [&hellip;]<\/p>\n","protected":false},"author":32,"featured_media":7659,"parent":0,"menu_order":9,"comment_status":"closed","ping_status":"closed","template":"","meta":{"_acf_changed":false,"footnotes":""},"class_list":["post-4595","page","type-page","status-publish","has-post-thumbnail","hentry"],"acf":[],"_links":{"self":[{"href":"https:\/\/www.serbski-institut.de\/en\/wp-json\/wp\/v2\/pages\/4595","targetHints":{"allow":["GET"]}}],"collection":[{"href":"https:\/\/www.serbski-institut.de\/en\/wp-json\/wp\/v2\/pages"}],"about":[{"href":"https:\/\/www.serbski-institut.de\/en\/wp-json\/wp\/v2\/types\/page"}],"author":[{"embeddable":true,"href":"https:\/\/www.serbski-institut.de\/en\/wp-json\/wp\/v2\/users\/32"}],"replies":[{"embeddable":true,"href":"https:\/\/www.serbski-institut.de\/en\/wp-json\/wp\/v2\/comments?post=4595"}],"version-history":[{"count":3,"href":"https:\/\/www.serbski-institut.de\/en\/wp-json\/wp\/v2\/pages\/4595\/revisions"}],"predecessor-version":[{"id":252274,"href":"https:\/\/www.serbski-institut.de\/en\/wp-json\/wp\/v2\/pages\/4595\/revisions\/252274"}],"wp:featuredmedia":[{"embeddable":true,"href":"https:\/\/www.serbski-institut.de\/en\/wp-json\/wp\/v2\/media\/7659"}],"wp:attachment":[{"href":"https:\/\/www.serbski-institut.de\/en\/wp-json\/wp\/v2\/media?parent=4595"}],"curies":[{"name":"wp","href":"https:\/\/api.w.org\/{rel}","templated":true}]}}