{"id":10391,"date":"2022-12-13T16:17:50","date_gmt":"2022-12-13T15:17:50","guid":{"rendered":"https:\/\/www.serbski-institut.de\/slezenje\/kulturne-wedomnosci\/zakoncone-projekty\/"},"modified":"2023-01-16T17:17:39","modified_gmt":"2023-01-16T16:17:39","slug":"zakoncone-projekty","status":"publish","type":"page","link":"https:\/\/www.serbski-institut.de\/ns\/slezenje\/kulturne-wedomnosci\/zakoncone-projekty\/","title":{"rendered":"Zak\u00f3\u0144cone projekty"},"content":{"rendered":"<p>P\u015begl\u011bd zak\u00f3\u0144conych projektow w\u00f3t\u017a\u011blenja kulturne w\u011bdomnos\u0107i su w natwari a se stawnje wudopo\u0142njujo.<\/p>\n","protected":false},"excerpt":{"rendered":"<p>P\u015begl\u011bd zak\u00f3\u0144conych projektow w\u00f3t\u017a\u011blenja kulturne w\u011bdomnos\u0107i su w natwari a se stawnje wudopo\u0142njujo.<\/p>\n","protected":false},"author":12,"featured_media":0,"parent":3074,"menu_order":0,"comment_status":"closed","ping_status":"closed","template":"archive-projekte_kw.php","meta":{"_acf_changed":false,"footnotes":""},"class_list":["post-10391","page","type-page","status-publish","hentry"],"acf":[],"_links":{"self":[{"href":"https:\/\/www.serbski-institut.de\/ns\/wp-json\/wp\/v2\/pages\/10391","targetHints":{"allow":["GET"]}}],"collection":[{"href":"https:\/\/www.serbski-institut.de\/ns\/wp-json\/wp\/v2\/pages"}],"about":[{"href":"https:\/\/www.serbski-institut.de\/ns\/wp-json\/wp\/v2\/types\/page"}],"author":[{"embeddable":true,"href":"https:\/\/www.serbski-institut.de\/ns\/wp-json\/wp\/v2\/users\/12"}],"replies":[{"embeddable":true,"href":"https:\/\/www.serbski-institut.de\/ns\/wp-json\/wp\/v2\/comments?post=10391"}],"version-history":[{"count":1,"href":"https:\/\/www.serbski-institut.de\/ns\/wp-json\/wp\/v2\/pages\/10391\/revisions"}],"predecessor-version":[{"id":10402,"href":"https:\/\/www.serbski-institut.de\/ns\/wp-json\/wp\/v2\/pages\/10391\/revisions\/10402"}],"up":[{"embeddable":true,"href":"https:\/\/www.serbski-institut.de\/ns\/wp-json\/wp\/v2\/pages\/3074"}],"wp:attachment":[{"href":"https:\/\/www.serbski-institut.de\/ns\/wp-json\/wp\/v2\/media?parent=10391"}],"curies":[{"name":"wp","href":"https:\/\/api.w.org\/{rel}","templated":true}]}}