{"id":10398,"date":"2022-12-13T17:45:06","date_gmt":"2022-12-13T16:45:06","guid":{"rendered":"https:\/\/www.serbski-institut.de\/slezenje\/kulturne-wedomnosci\/zelowe-polo-institucionalizacija-serbskeje-kultury-w-modernje\/"},"modified":"2023-01-16T17:19:59","modified_gmt":"2023-01-16T16:19:59","slug":"zelowe-polo-institucionalizacija-serbskeje-kultury-w-modernje","status":"publish","type":"page","link":"https:\/\/www.serbski-institut.de\/ns\/slezenje\/kulturne-wedomnosci\/zelowe-polo-institucionalizacija-serbskeje-kultury-w-modernje\/","title":{"rendered":"\u0179\u011b\u0142owe p\u00f3lo \u201einstitucionalizacija serbskeje kultury w modernje&#8221;"},"content":{"rendered":"<p>Die neuzeitliche Geschichte der Sorben ist die Geschichte einer umf\u00e4nglichen Institutionalisierung von kultureller Differenz. Namentlich im Verlauf des (kurzen) 20. Jahrhunderts, und somit \u2013 gerade oder paradoxerweise \u2013 in einer Zeit tiefgreifender politischer und gesellschaftlicher Verwerfungen, erreichte die institutionelle und organisatorische Einhegung und Durchdringung von sorbischer Existenz ihre Hochphase. Eng mit dieser Entwicklung verbunden war die funktionale Aus\u00addifferenzierung der sorbischen Gesellschaft in verschiedene soziale Felder mit eigenen institutionellen Strukturen \u2013 namentlich im Bereich der politischen Mit- und Selbstbestimmung, der Sprachpolitik und -pflege, der Wirtschaft, der Religion, der k\u00fcnstlerischen Artikulation, der massenmedialen Repr\u00e4sentation sowie nicht zuletzt auch im Kontext von Erziehung und Wissenschaft. Damit einher ging schlie\u00dflich eine zunehmende Professionalisierung sorbischer kultureller Praxen, die sich insbesondere in der Spezialisierung kultureller Kompetenzen, der Monetarisierung (Verg\u00fctung) kultureller Leistungen sowie ihrer Kommerzialisierung ausdr\u00fcckte.<\/p>\n<p>Im Zentrum des Forschungsschwerpunkts steht die Frage nach dem Verh\u00e4ltnis von Institutionalisierung und kulturellem wie sozialem Wandel in der neuzeitlichen Geschichte der Sorben. Institutionen werden dabei in normativer wie organisationaler Dimension als wesentliche Voraussetzung einer ambivalenten Versicherheitlichung von sorbischer Kultur in der Moderne verstanden. Gefragt wird daher einerseits, in welcher Form institutionelle Arrangements zur St\u00e4rkung von kultureller Souver\u00e4nit\u00e4t und Resilienz bei den Sorben beigetragen haben. Andererseits wird untersucht, wo institutionelle Mechanismen (gezielt oder ungewollt) destabilisierend und delegitimierend auf das Sorbische eingewirkt und seine Vulnerabilit\u00e4t erh\u00f6ht haben.<\/p>\n<p>Sprecher: <a href=\"https:\/\/www.serbski-institut.de\/mitarbeiter\/dr-friedrich-pollack\/\">Dr. Friedrich Pollack<\/a><\/p>\n","protected":false},"excerpt":{"rendered":"<p>Die neuzeitliche Geschichte der Sorben ist die Geschichte einer umf\u00e4nglichen Institutionalisierung von kultureller Differenz. Namentlich im Verlauf des (kurzen) 20. Jahrhunderts, und somit \u2013 gerade oder paradoxerweise \u2013 in einer Zeit tiefgreifender politischer und gesellschaftlicher Verwerfungen, erreichte die institutionelle und organisatorische Einhegung und Durchdringung von sorbischer Existenz ihre Hochphase. Eng mit dieser Entwicklung verbunden war [&hellip;]<\/p>\n","protected":false},"author":32,"featured_media":7805,"parent":3074,"menu_order":0,"comment_status":"closed","ping_status":"closed","template":"archive-projekte_kw.php","meta":{"_acf_changed":false,"footnotes":""},"class_list":["post-10398","page","type-page","status-publish","has-post-thumbnail","hentry"],"acf":[],"_links":{"self":[{"href":"https:\/\/www.serbski-institut.de\/ns\/wp-json\/wp\/v2\/pages\/10398","targetHints":{"allow":["GET"]}}],"collection":[{"href":"https:\/\/www.serbski-institut.de\/ns\/wp-json\/wp\/v2\/pages"}],"about":[{"href":"https:\/\/www.serbski-institut.de\/ns\/wp-json\/wp\/v2\/types\/page"}],"author":[{"embeddable":true,"href":"https:\/\/www.serbski-institut.de\/ns\/wp-json\/wp\/v2\/users\/32"}],"replies":[{"embeddable":true,"href":"https:\/\/www.serbski-institut.de\/ns\/wp-json\/wp\/v2\/comments?post=10398"}],"version-history":[{"count":1,"href":"https:\/\/www.serbski-institut.de\/ns\/wp-json\/wp\/v2\/pages\/10398\/revisions"}],"predecessor-version":[{"id":10400,"href":"https:\/\/www.serbski-institut.de\/ns\/wp-json\/wp\/v2\/pages\/10398\/revisions\/10400"}],"up":[{"embeddable":true,"href":"https:\/\/www.serbski-institut.de\/ns\/wp-json\/wp\/v2\/pages\/3074"}],"wp:featuredmedia":[{"embeddable":true,"href":"https:\/\/www.serbski-institut.de\/ns\/wp-json\/wp\/v2\/media\/7805"}],"wp:attachment":[{"href":"https:\/\/www.serbski-institut.de\/ns\/wp-json\/wp\/v2\/media?parent=10398"}],"curies":[{"name":"wp","href":"https:\/\/api.w.org\/{rel}","templated":true}]}}