{"id":10399,"date":"2022-12-13T17:46:12","date_gmt":"2022-12-13T16:46:12","guid":{"rendered":"https:\/\/www.serbski-institut.de\/slezenje\/kulturne-wedomnosci\/zelowe-polo-wasnja-zywjenja-we-luzycy-w-21-stolesu\/"},"modified":"2024-09-16T13:40:40","modified_gmt":"2024-09-16T11:40:40","slug":"zelowe-polo-wasnja-zywjenja-we-luzycy-w-21-stolesu","status":"publish","type":"page","link":"https:\/\/www.serbski-institut.de\/ns\/slezenje\/kulturne-wedomnosci\/zelowe-polo-wasnja-zywjenja-we-luzycy-w-21-stolesu\/","title":{"rendered":"\u0179\u011b\u0142owe p\u00f3lo \u201ewa\u0161nja \u017eywjenja we \u0141u\u017eycy w 21. stol\u011b\u015bu&#8221;"},"content":{"rendered":"<p>Lebensweisen ethnischer Minderheiten stehen in modernen Gesellschaften unter erheblichem Anpassungs- und Assimilationsdruck. Der Fokus im Forschungsschwerpunkt richtet sich vor diesem Hintergrund auf gegenw\u00e4rtige Lebensweisen in der mehrsprachigen Lausitz. Der wirtschaftliche, politische und demografische Strukturwandel zieht eine elementare Umgestaltung alltagskultureller Praxen nach sich. Die Wandlungen \u00e4u\u00dfern sich jedoch nicht nur in Verlustszenarien, sondern gleicherma\u00dfen in neuen Beheimatungsstrategien und kulturellen Taktiken, mit denen die unterschiedlichen Akteur(innen) vor Ort auf die Ver\u00e4nderungen ihrer Lebenswelten reagieren (Trummer 2015: 140). Demnach l\u00e4sst sich vieler\u00adorts auch eine Vitalisierung resp. Revitalisierung von Minderheitenkulturen erkennen.<\/p>\n<p>Der Forschungsschwerpunkt stellt drei zentrale Forschungsfragen in den Mittelpunkt, die allen zugeordneten Projekten immanent sind: Wie konstituiert sich heute l\u00e4ndliche sorbische, bi- und mehrkulturelle Alltagskultur in ihrer Komplexit\u00e4t? Welche sozialen Mechanismen tragen zur (Re-)Vitalisierung sorbischer Kultur bei und auf welche Art und Weise k\u00f6nnen Angeh\u00f6rige von Minderheitenkulturen selbst zu ihrer Bewahrung beitragen und auf ihre Entwicklung einwirken?<\/p>\n<p>Sprecher:\u00a0<a href=\"https:\/\/www.serbski-institut.de\/mitarbeiter\/dr-fabian-jacobs\/\">Dr. Fabian Jacobs<\/a><\/p>\n","protected":false},"excerpt":{"rendered":"<p>Lebensweisen ethnischer Minderheiten stehen in modernen Gesellschaften unter erheblichem Anpassungs- und Assimilationsdruck. Der Fokus im Forschungsschwerpunkt richtet sich vor diesem Hintergrund auf gegenw\u00e4rtige Lebensweisen in der mehrsprachigen Lausitz. Der wirtschaftliche, politische und demografische Strukturwandel zieht eine elementare Umgestaltung alltagskultureller Praxen nach sich. Die Wandlungen \u00e4u\u00dfern sich jedoch nicht nur in Verlustszenarien, sondern gleicherma\u00dfen in neuen [&hellip;]<\/p>\n","protected":false},"author":32,"featured_media":7800,"parent":3074,"menu_order":0,"comment_status":"closed","ping_status":"closed","template":"archive-projekte_kw.php","meta":{"_acf_changed":false,"footnotes":""},"class_list":["post-10399","page","type-page","status-publish","has-post-thumbnail","hentry"],"acf":[],"_links":{"self":[{"href":"https:\/\/www.serbski-institut.de\/ns\/wp-json\/wp\/v2\/pages\/10399","targetHints":{"allow":["GET"]}}],"collection":[{"href":"https:\/\/www.serbski-institut.de\/ns\/wp-json\/wp\/v2\/pages"}],"about":[{"href":"https:\/\/www.serbski-institut.de\/ns\/wp-json\/wp\/v2\/types\/page"}],"author":[{"embeddable":true,"href":"https:\/\/www.serbski-institut.de\/ns\/wp-json\/wp\/v2\/users\/32"}],"replies":[{"embeddable":true,"href":"https:\/\/www.serbski-institut.de\/ns\/wp-json\/wp\/v2\/comments?post=10399"}],"version-history":[{"count":1,"href":"https:\/\/www.serbski-institut.de\/ns\/wp-json\/wp\/v2\/pages\/10399\/revisions"}],"predecessor-version":[{"id":17970,"href":"https:\/\/www.serbski-institut.de\/ns\/wp-json\/wp\/v2\/pages\/10399\/revisions\/17970"}],"up":[{"embeddable":true,"href":"https:\/\/www.serbski-institut.de\/ns\/wp-json\/wp\/v2\/pages\/3074"}],"wp:featuredmedia":[{"embeddable":true,"href":"https:\/\/www.serbski-institut.de\/ns\/wp-json\/wp\/v2\/media\/7800"}],"wp:attachment":[{"href":"https:\/\/www.serbski-institut.de\/ns\/wp-json\/wp\/v2\/media?parent=10399"}],"curies":[{"name":"wp","href":"https:\/\/api.w.org\/{rel}","templated":true}]}}