{"id":10892,"date":"2023-02-17T13:00:07","date_gmt":"2023-02-17T12:00:07","guid":{"rendered":"https:\/\/www.serbski-institut.de\/serbski-institut\/porucenja\/recne-porazowanje\/"},"modified":"2023-02-17T13:13:04","modified_gmt":"2023-02-17T12:13:04","slug":"recne-porazowanje","status":"publish","type":"page","link":"https:\/\/www.serbski-institut.de\/ns\/institut\/porucenja\/recne-porazowanje\/","title":{"rendered":"R\u011bcne p\u00f3ra\u017aowanje"},"content":{"rendered":"<p>Sobu\u017a\u011b\u0142a\u015berje r\u011bcyw\u011bdnego w\u00f3t\u017a\u011blenja su zw\u00f3lne, Was we wob\u0142uku sw\u00f3jich casowych m\u00f3\u017enos\u0107ow gl\u011bdajucy na p\u0161a\u0161anja g\u00f3rno- a dolnoserbskeje r\u011bcneje korektnos\u0107i p\u00f3ra\u017aowa\u015b. Za komunalne a komercielne institucije p\u00f3bitujomy pomoc p\u015bi korektnem serbskor\u011bcnem p\u00f3pisanju drogowych a wejsa\u0144skich\/m\u011bs\u0107a\u0144skich ka\u017e teke pokazkowych toflow.<\/p>\n<p>P\u0161a\u0161anja gl\u011bdajucy na g\u00f3rnoserb\u0161\u0107inu:<\/p>\n<ul>\n<li><a href=\"https:\/\/www.serbski-institut.de\/mitarbeiter\/dr-anja-pohontsch\/\">Anja Pohon\u010dowa<\/a><\/li>\n<li><a href=\"https:\/\/www.serbski-institut.de\/mitarbeiter\/dr-jana-schulz\/\">Jana \u0160o\u0142\u0107ina<\/a><\/li>\n<li><a href=\"https:\/\/www.serbski-institut.de\/mitarbeiter\/dr-lenka-scholze\/\">Le\u0144ka \u0160o\u0142\u0107ic<\/a><\/li>\n<\/ul>\n<p>P\u0161a\u0161anja gl\u011bdajucy na dolnoserb\u0161\u0107inu:<\/p>\n<ul>\n<li><a href=\"https:\/\/www.serbski-institut.de\/mitarbeiter\/dr-fabian-kaulfuerst\/\">Fabian Kaulf\u00fcrst<\/a><\/li>\n<\/ul>\n<p>Pla w\u011bt\u0161ych p\u015be\u0142o\u017eowa\u0144skich nadawkow wobro\u015b\u0107o se p\u0161osym na profesionalne <a href=\"https:\/\/www.domowina.de\/hsb\/kontakt\/prelozowarjo-1\" target=\"_blank\" rel=\"noopener\">p\u015be\u0142o\u017eowarje<\/a> .<br \/>\nSerwis za p\u0161a\u0161anja gl\u011bdajucy na p\u00f3chad mjenjow, p\u015bizw\u00f3lonos\u0107 p\u015bedmjenjow a p\u00f3dobne p\u00f3bitujo <a href=\"http:\/\/www.gfn.name\/namenberatung\/\" target=\"_blank\" rel=\"noopener\">Towaristwo za mjenjow\u011bdu z.t.<\/a><\/p>\n<p>P\u015bi zwop\u0161awdnjenju Kazni w\u00f3 online-p\u015bistupje a Bramborskeje kazni w\u00f3 e-governmen\u015be \u017aiwa se teke na <strong>dolnoserb\u0161\u0107inu<\/strong>. Z financ\u011browanim <strong>koordinaciskego resp. p\u015bestaja\u0155skego \u017a\u011b\u0142owego m\u011bstna<\/strong> zm\u00f3\u017enijo Bramborska, a\u017e m\u00f3\u017eo se p\u0161awo wu\u017eywanja teje r\u011bcy w kontak\u015be ze <strong>zastojnstwami<\/strong> wu\u017eywa\u015b teke we wob\u0142uku<strong> elektroniskich p\u00f3s\u0142u\u017ebow<\/strong>. \u0179\u011b\u0142owe m\u011bstno stara se w\u00f3 p\u015be\u0142o\u017eki, ra\u017ai zastojnstwam a koordin\u011brujo notne terminologiske wuwijanje dolnoserb\u0161\u0107iny. Za nadawk jo se m\u00f3ga\u0142 zdoby\u015b <a href=\"https:\/\/www.serbski-institut.de\/mitarbeiter\/gregor-wieczorek\/\">Gregor Wieczorek<\/a>\u200e\u200e.<\/p>\n","protected":false},"excerpt":{"rendered":"<p>Sobu\u017a\u011b\u0142a\u015berje r\u011bcyw\u011bdnego w\u00f3t\u017a\u011blenja su zw\u00f3lne, Was we wob\u0142uku sw\u00f3jich casowych m\u00f3\u017enos\u0107ow gl\u011bdajucy na p\u0161a\u0161anja g\u00f3rno- a dolnoserbskeje r\u011bcneje korektnos\u0107i p\u00f3ra\u017aowa\u015b. Za komunalne a komercielne institucije p\u00f3bitujomy pomoc p\u015bi korektnem serbskor\u011bcnem p\u00f3pisanju drogowych a wejsa\u0144skich\/m\u011bs\u0107a\u0144skich ka\u017e teke pokazkowych toflow. P\u0161a\u0161anja gl\u011bdajucy na g\u00f3rnoserb\u0161\u0107inu: Anja Pohon\u010dowa Jana \u0160o\u0142\u0107ina Le\u0144ka \u0160o\u0142\u0107ic P\u0161a\u0161anja gl\u011bdajucy na dolnoserb\u0161\u0107inu: Fabian Kaulf\u00fcrst Pla [&hellip;]<\/p>\n","protected":false},"author":32,"featured_media":0,"parent":3056,"menu_order":10,"comment_status":"closed","ping_status":"closed","template":"","meta":{"_acf_changed":false,"footnotes":""},"class_list":["post-10892","page","type-page","status-publish","hentry"],"acf":[],"_links":{"self":[{"href":"https:\/\/www.serbski-institut.de\/ns\/wp-json\/wp\/v2\/pages\/10892","targetHints":{"allow":["GET"]}}],"collection":[{"href":"https:\/\/www.serbski-institut.de\/ns\/wp-json\/wp\/v2\/pages"}],"about":[{"href":"https:\/\/www.serbski-institut.de\/ns\/wp-json\/wp\/v2\/types\/page"}],"author":[{"embeddable":true,"href":"https:\/\/www.serbski-institut.de\/ns\/wp-json\/wp\/v2\/users\/32"}],"replies":[{"embeddable":true,"href":"https:\/\/www.serbski-institut.de\/ns\/wp-json\/wp\/v2\/comments?post=10892"}],"version-history":[{"count":1,"href":"https:\/\/www.serbski-institut.de\/ns\/wp-json\/wp\/v2\/pages\/10892\/revisions"}],"predecessor-version":[{"id":10895,"href":"https:\/\/www.serbski-institut.de\/ns\/wp-json\/wp\/v2\/pages\/10892\/revisions\/10895"}],"up":[{"embeddable":true,"href":"https:\/\/www.serbski-institut.de\/ns\/wp-json\/wp\/v2\/pages\/3056"}],"wp:attachment":[{"href":"https:\/\/www.serbski-institut.de\/ns\/wp-json\/wp\/v2\/media?parent=10892"}],"curies":[{"name":"wp","href":"https:\/\/api.w.org\/{rel}","templated":true}]}}