{"id":1277,"date":"2021-11-09T15:14:07","date_gmt":"2021-11-09T14:14:07","guid":{"rendered":"https:\/\/beta.serbski-institut.de\/letopis\/"},"modified":"2026-03-10T10:28:17","modified_gmt":"2026-03-10T09:28:17","slug":"letopis","status":"publish","type":"page","link":"https:\/\/www.serbski-institut.de\/ns\/publikacije\/letopis\/","title":{"rendered":"L\u011btopis &#8211; Casopis za sorabistiku a p\u015birownujuce mje\u0144\u0161ynowe sl\u011b\u017aenje"},"content":{"rendered":"<p>Serbski institut wudawa \u201eL\u011btopis\u201d ako interdisciplinarny periodikum na p\u00f3lu sorabistiskego a humanistiskego sl\u011b\u017aenja. Casopis jo se za\u0142o\u017ey\u0142 w l\u011b\u015be 1952. W\u00f3n se wudawa w\u00f3t l\u011bta 2023 online p\u00f3d <a href=\"https:\/\/xn--ltopis-b5a.de\/letopis\" target=\"_blank\" rel=\"noopener\">www.l\u011btopis.de<\/a> a z p\u00f3dtitelom &#8220;Casopis za sorabistiku a p\u015birownujuce mje\u0144\u0161ynowe sl\u011b\u017aenje&#8221;. P\u015biwzete artikele w\u00f3zjawiju se online, ku\u017edy w\u00f3sebje (a ze sw\u00f3jskeju DOI), a sl\u011bdkoju teke w\u0161ykne groma\u017ae we \u015bi\u0161\u0107anej formje ako l\u011btna publikacija.<\/p>\n<ul>\n<li>Informacije<a href=\"https:\/\/xn--ltopis-b5a.de\/letopis\/about\/editorialTeam\" target=\"_blank\" rel=\"noopener\"> k redakciji<\/a> a <a href=\"https:\/\/xn--ltopis-b5a.de\/letopis\/about\/submissions\" target=\"_blank\" rel=\"noopener\">formalnemu wug\u00f3towanju<\/a> namakajo\u015bo na homepage casopisa.<\/li>\n<li>Wuda\u015ba w\u00f3t ze\u0161ywka 2008\/1 do ze\u0161ywka 2022\/2 su teke online na webstronje <a title=\"Externer Link www.ceeol.com\" href=\"https:\/\/www.ceeol.com\/search\/journal-detail?id=718\" target=\"_blank\" rel=\"noopener\">www.ceeol.com<\/a> p\u015bistupne.<\/li>\n<li>Star\u0161e p\u015binoski L\u011btopisa (z casa do 1990) su w <a href=\"https:\/\/www.serbski-institut.de\/bibliothek\/\">cytarni Serbskeje centralneje biblioteki<\/a> digitalnje p\u015bistupne.<\/li>\n<\/ul>\n","protected":false},"excerpt":{"rendered":"<p>Serbski institut wudawa \u201eL\u011btopis\u201d ako interdisciplinarny periodikum na p\u00f3lu sorabistiskego a humanistiskego sl\u011b\u017aenja. Casopis jo se za\u0142o\u017ey\u0142 w l\u011b\u015be 1952. W\u00f3n se wudawa w\u00f3t l\u011bta 2023 online p\u00f3d www.l\u011btopis.de a z p\u00f3dtitelom &#8220;Casopis za sorabistiku a p\u015birownujuce mje\u0144\u0161ynowe sl\u011b\u017aenje&#8221;. P\u015biwzete artikele w\u00f3zjawiju se online, ku\u017edy w\u00f3sebje (a ze sw\u00f3jskeju DOI), a sl\u011bdkoju teke w\u0161ykne groma\u017ae [&hellip;]<\/p>\n","protected":false},"author":32,"featured_media":247952,"parent":13380,"menu_order":11,"comment_status":"closed","ping_status":"closed","template":"archive-publikationen.php","meta":{"_acf_changed":false,"footnotes":""},"class_list":["post-1277","page","type-page","status-publish","has-post-thumbnail","hentry"],"acf":[],"_links":{"self":[{"href":"https:\/\/www.serbski-institut.de\/ns\/wp-json\/wp\/v2\/pages\/1277","targetHints":{"allow":["GET"]}}],"collection":[{"href":"https:\/\/www.serbski-institut.de\/ns\/wp-json\/wp\/v2\/pages"}],"about":[{"href":"https:\/\/www.serbski-institut.de\/ns\/wp-json\/wp\/v2\/types\/page"}],"author":[{"embeddable":true,"href":"https:\/\/www.serbski-institut.de\/ns\/wp-json\/wp\/v2\/users\/32"}],"replies":[{"embeddable":true,"href":"https:\/\/www.serbski-institut.de\/ns\/wp-json\/wp\/v2\/comments?post=1277"}],"version-history":[{"count":3,"href":"https:\/\/www.serbski-institut.de\/ns\/wp-json\/wp\/v2\/pages\/1277\/revisions"}],"predecessor-version":[{"id":252119,"href":"https:\/\/www.serbski-institut.de\/ns\/wp-json\/wp\/v2\/pages\/1277\/revisions\/252119"}],"up":[{"embeddable":true,"href":"https:\/\/www.serbski-institut.de\/ns\/wp-json\/wp\/v2\/pages\/13380"}],"wp:featuredmedia":[{"embeddable":true,"href":"https:\/\/www.serbski-institut.de\/ns\/wp-json\/wp\/v2\/media\/247952"}],"wp:attachment":[{"href":"https:\/\/www.serbski-institut.de\/ns\/wp-json\/wp\/v2\/media?parent=1277"}],"curies":[{"name":"wp","href":"https:\/\/api.w.org\/{rel}","templated":true}]}}