{"id":13025,"date":"2023-11-03T08:18:30","date_gmt":"2023-11-03T07:18:30","guid":{"rendered":"https:\/\/www.serbski-institut.de\/publikacije\/sorabistiske-zelowe-papjery\/"},"modified":"2025-12-11T11:32:59","modified_gmt":"2025-12-11T10:32:59","slug":"sorabistiske-zelowe-papjery","status":"publish","type":"page","link":"https:\/\/www.serbski-institut.de\/ns\/publikacije\/sorabistiske-zelowe-papjery\/","title":{"rendered":"Sorabistiske \u017a\u011b\u0142owe papjery"},"content":{"rendered":"<p>We r\u011b\u017ae &#8220;Sorabistiske \u017a\u011b\u0142owe papjery&#8221; wuchadaju w njep\u0161awid\u0142ownych interwalach \u017a\u011b\u0142a a rozp\u0161awy, ako su nastali w\u011bt\u0161y \u017a\u011b\u0142 w projektach Serbskego instituta. Jadna se w\u00f3 poziciske abo konceptowe papjery, dokumentacije (na p\u015b. nejl\u011bp\u0161ych praktikow) a w\u00f3 p\u00f3dobne teksty z b\u011b\u017enego \u017a\u011b\u0142a. W jadnotliwych p\u015binoskach zwuraznjone nagl\u011bdy njew\u00f3tb\u0142y\u0161\u0107uju w ku\u017edem pa\u017ae m\u011bnjenje Serbskego instituta. Redakcionelna zagronitos\u0107 a p\u0161awo rozsu\u017aenja w\u00f3 p\u015biwze\u015bu do r\u011bda la\u017ey pla p\u015bis\u0142u\u0161nego wjednistwa w\u00f3t\u017a\u011blenja. Komentary a p\u015bispomnje\u015ba su lubje witane a dejali se direktnje p\u00f3s\u0142a\u015b awtoram a awtorkam p\u015binoskow.<\/p>\n<p><em>W\u0161ykne ze\u0161ywki stoje p\u00f3d Open Access wum\u011bnjenjami a ze sw\u00f3jskeju DOI na <a href=\"https:\/\/si.qucosa.de\/landing-page\/https%3A%2F%2Fsi.qucosa.de%2Fapi%2Fqucosa%253A95629%2Fmets%2F\/\" target=\"_blank\" rel=\"noopener\">publikaciskem serwerje Serbskego instituta Qucosa<\/a> k dispoziciji.<\/em><\/p>\n","protected":false},"excerpt":{"rendered":"<p>We r\u011b\u017ae &#8220;Sorabistiske \u017a\u011b\u0142owe papjery&#8221; wuchadaju w njep\u0161awid\u0142ownych interwalach \u017a\u011b\u0142a a rozp\u0161awy, ako su nastali w\u011bt\u0161y \u017a\u011b\u0142 w projektach Serbskego instituta. Jadna se w\u00f3 poziciske abo konceptowe papjery, dokumentacije (na p\u015b. nejl\u011bp\u0161ych praktikow) a w\u00f3 p\u00f3dobne teksty z b\u011b\u017enego \u017a\u011b\u0142a. W jadnotliwych p\u015binoskach zwuraznjone nagl\u011bdy njew\u00f3tb\u0142y\u0161\u0107uju w ku\u017edem pa\u017ae m\u011bnjenje Serbskego instituta. Redakcionelna zagronitos\u0107 a [&hellip;]<\/p>\n","protected":false},"author":5,"featured_media":0,"parent":13380,"menu_order":18,"comment_status":"closed","ping_status":"closed","template":"archive-publikationen.php","meta":{"_acf_changed":false,"footnotes":""},"class_list":["post-13025","page","type-page","status-publish","hentry"],"acf":[],"_links":{"self":[{"href":"https:\/\/www.serbski-institut.de\/ns\/wp-json\/wp\/v2\/pages\/13025","targetHints":{"allow":["GET"]}}],"collection":[{"href":"https:\/\/www.serbski-institut.de\/ns\/wp-json\/wp\/v2\/pages"}],"about":[{"href":"https:\/\/www.serbski-institut.de\/ns\/wp-json\/wp\/v2\/types\/page"}],"author":[{"embeddable":true,"href":"https:\/\/www.serbski-institut.de\/ns\/wp-json\/wp\/v2\/users\/5"}],"replies":[{"embeddable":true,"href":"https:\/\/www.serbski-institut.de\/ns\/wp-json\/wp\/v2\/comments?post=13025"}],"version-history":[{"count":3,"href":"https:\/\/www.serbski-institut.de\/ns\/wp-json\/wp\/v2\/pages\/13025\/revisions"}],"predecessor-version":[{"id":251080,"href":"https:\/\/www.serbski-institut.de\/ns\/wp-json\/wp\/v2\/pages\/13025\/revisions\/251080"}],"up":[{"embeddable":true,"href":"https:\/\/www.serbski-institut.de\/ns\/wp-json\/wp\/v2\/pages\/13380"}],"wp:attachment":[{"href":"https:\/\/www.serbski-institut.de\/ns\/wp-json\/wp\/v2\/media?parent=13025"}],"curies":[{"name":"wp","href":"https:\/\/api.w.org\/{rel}","templated":true}]}}