{"id":251461,"date":"2026-01-09T09:42:54","date_gmt":"2026-01-09T08:42:54","guid":{"rendered":"https:\/\/www.serbski-institut.de\/aktualne\/sorabistika-po-droze\/"},"modified":"2026-03-12T08:19:41","modified_gmt":"2026-03-12T07:19:41","slug":"sorabistika-po-droze","status":"publish","type":"page","link":"https:\/\/www.serbski-institut.de\/ns\/aktualne\/sorabistika-po-droze\/","title":{"rendered":"Sorabistika p\u00f3 droze"},"content":{"rendered":"<p>Na 1. maju 1951 jo se za\u0142o\u017ey\u0142 Institut za serbski ludospyt. Z njogo jo w l\u011b\u015be 1992 wuros\u0142 Serbski institut. Stakim ma sorabistika ju\u017eo 75 l\u011bt akademisku sl\u011b\u017aa\u0155nju we \u0141u\u017eycy. Ten jubilej jo sobu\u017a\u011b\u0142a\u015berjam instituta dobra g\u00f3\u017aba, aby dali lu\u017aam p\u00f3gl\u011bda\u015b do sw\u00f3jich sl\u011b\u017aenjow k r\u011bcy, historiji a kulturje Serbow. Tomu s\u0142u\u017ey r\u011bd &#8220;Sorabistika p\u00f3 droze&#8221;.<\/p>\n<p>Ten program jo myslony za towaristwa, muzeje a dal\u0161ne kulturelne kub\u0142ani\u0161\u0107a w Sakskej a Bramborskej. Hynac gronjone: My p\u015bi\u017aomy k Wam, mimo togo aby Wam kosty za drogu abo honorar nastali. Bitujomy Wam p\u015bednoski w\u00f3t wum\u011b\u0142stwa, kultury a r\u011bcnych w\u00f3sebnos\u0107ow we \u0141u\u017eycy ka\u017e teke wje\u017aenja a t\u0161ojenja, \u017ao\u017e m\u00f3\u017eo\u015bo aktiwnje sobu g\u00f3towa\u015b.<\/p>\n","protected":false},"excerpt":{"rendered":"<p>Na 1. maju 1951 jo se za\u0142o\u017ey\u0142 Institut za serbski ludospyt. Z njogo jo w l\u011b\u015be 1992 wuros\u0142 Serbski institut. Stakim ma sorabistika ju\u017eo 75 l\u011bt akademisku sl\u011b\u017aa\u0155nju we \u0141u\u017eycy. Ten jubilej jo sobu\u017a\u011b\u0142a\u015berjam instituta dobra g\u00f3\u017aba, aby dali lu\u017aam p\u00f3gl\u011bda\u015b do sw\u00f3jich sl\u011b\u017aenjow k r\u011bcy, historiji a kulturje Serbow. Tomu s\u0142u\u017ey r\u011bd &#8220;Sorabistika p\u00f3 [&hellip;]<\/p>\n","protected":false},"author":33,"featured_media":251779,"parent":3358,"menu_order":0,"comment_status":"closed","ping_status":"closed","template":"archive-vortragsangebot-start.php","meta":{"_acf_changed":false,"footnotes":""},"class_list":["post-251461","page","type-page","status-publish","has-post-thumbnail","hentry"],"acf":[],"_links":{"self":[{"href":"https:\/\/www.serbski-institut.de\/ns\/wp-json\/wp\/v2\/pages\/251461","targetHints":{"allow":["GET"]}}],"collection":[{"href":"https:\/\/www.serbski-institut.de\/ns\/wp-json\/wp\/v2\/pages"}],"about":[{"href":"https:\/\/www.serbski-institut.de\/ns\/wp-json\/wp\/v2\/types\/page"}],"author":[{"embeddable":true,"href":"https:\/\/www.serbski-institut.de\/ns\/wp-json\/wp\/v2\/users\/33"}],"replies":[{"embeddable":true,"href":"https:\/\/www.serbski-institut.de\/ns\/wp-json\/wp\/v2\/comments?post=251461"}],"version-history":[{"count":3,"href":"https:\/\/www.serbski-institut.de\/ns\/wp-json\/wp\/v2\/pages\/251461\/revisions"}],"predecessor-version":[{"id":252162,"href":"https:\/\/www.serbski-institut.de\/ns\/wp-json\/wp\/v2\/pages\/251461\/revisions\/252162"}],"up":[{"embeddable":true,"href":"https:\/\/www.serbski-institut.de\/ns\/wp-json\/wp\/v2\/pages\/3358"}],"wp:featuredmedia":[{"embeddable":true,"href":"https:\/\/www.serbski-institut.de\/ns\/wp-json\/wp\/v2\/media\/251779"}],"wp:attachment":[{"href":"https:\/\/www.serbski-institut.de\/ns\/wp-json\/wp\/v2\/media?parent=251461"}],"curies":[{"name":"wp","href":"https:\/\/api.w.org\/{rel}","templated":true}]}}