{"id":2960,"date":"2021-11-23T12:00:16","date_gmt":"2021-11-23T11:00:16","guid":{"rendered":"https:\/\/beta.serbski-institut.de\/serbski-institut\/"},"modified":"2026-03-30T13:06:54","modified_gmt":"2026-03-30T11:06:54","slug":"institut","status":"publish","type":"page","link":"https:\/\/www.serbski-institut.de\/ns\/institut\/","title":{"rendered":"Institut"},"content":{"rendered":"<p>Serbski institut ze sed\u0142om w Budy\u0161ynje a w\u00f3tno\u017ekoma w Ch\u00f3\u015bebuzu p\u015bepytujo r\u011bc, stawizny a kulturu Serbow w Dolnej a G\u00f3rnej \u0141u\u017eycy w zachadnos\u0107i a p\u015bibytnos\u0107i. W\u00f3n zb\u011bra a archiw\u011brujo k tomu notne materialije, p\u015big\u00f3tujo je za w\u011bdomnostne sl\u011b\u017aenje a sp\u015bistupnja je rownocasnje zjawnos\u0107i. Mimo togo su interdisciplinarne sl\u011b\u017aenja instituta wusm\u011brjone na aktualne po\u0142o\u017eenje, na w\u00f3sebnos\u0107i a p\u015birownowanje ma\u0142ych r\u011bcow a kulturow w Europje. Sobu\u017a\u011b\u0142a\u015berje wopytuju kulturnu a r\u011bcnu praksu Serbow we wobyma \u0141u\u017eycoma ze sw\u00f3jimi m\u00f3\u017enos\u0107ami p\u00f3dp\u011browa\u015b.<\/p>\n<p>K institutoju s\u0142u\u0161atej <a href=\"https:\/\/www.serbski-institut.de\/bibliothek\/\">Serbska centralna biblioteka<\/a> a <a href=\"https:\/\/www.serbski-institut.de\/sorbisches-kulturarchiv\/\">Serbski kulturny archiw<\/a> ako jadnu\u010dkej zjawnej specialnej zb\u011brce serbskich a sorabistiskich bibliotekowych a archiwnych wobstatkow.<\/p>\n<p>Serbski institut kooper\u011brujo z drugimi w\u011bdomnostnymi institucijami w tu- a wukraju. Jogo fachniki wugbaju wucbne nadawki na uniwersitach a wusokich \u0161ulach. Ku\u017ede druge l\u011bto wug\u00f3tujo institut mjazynarodny prozdninski kurs za serbsku r\u011bc a kulturu.<\/p>\n<p>Serbski institut jo se wutw\u00f3ri\u0142 k 1. januarjoju 1992 w\u00f3t Lichotnego stata Sakska groma\u017ae z krajom Bramborska. P\u00f3 sw\u00f3jej p\u0161awniskej formje jo w\u00f3n zapisane towaristwo. Jogo tradicije ako zwenkauniwersitarne sl\u011b\u017aeni\u0161\u0107o z\u0142o\u017euju se na Institut za serbski ludospyt, k\u00f3tary\u017e jo se za\u0142o\u017ey\u0142 w l\u011b\u015be 1951 a jo p\u015bis\u0142u\u0161a\u0142 w\u00f3t 1952 do 1991 Nimskej akademiji w\u011bdomnos\u0107ow (w\u00f3t 1972: Akademiji w\u011bdomnos\u0107ow NDR).<\/p>\n<p><a href=\"https:\/\/www.serbski-institut.de\/os\/serbski-institut\/\">p\u015bir. g\u00f3rnoserbska wersija<\/a><\/p>\n<p><em>Wustawki Serbskego instituta namakajo\u015bo do\u0142ojce.<\/em><\/p>\n<div class=\"alert alert-warning\">\n<p>W l\u011b\u015be 2026 sw\u011b\u015bimy 75. jubilej. Aktualne informacije namakajo\u015bo<a href=\"https:\/\/www.serbski-institut.de\/aktuelles\/\"> w rubrice &#8220;Aktualne&#8221;<\/a>.<\/p>\n<\/div>\n","protected":false},"excerpt":{"rendered":"<p>Serbski institut ze sed\u0142om w Budy\u0161ynje a w\u00f3tno\u017ekoma w Ch\u00f3\u015bebuzu p\u015bepytujo r\u011bc, stawizny a kulturu Serbow w Dolnej a G\u00f3rnej \u0141u\u017eycy w zachadnos\u0107i a p\u015bibytnos\u0107i. W\u00f3n zb\u011bra a archiw\u011brujo k tomu notne materialije, p\u015big\u00f3tujo je za w\u011bdomnostne sl\u011b\u017aenje a sp\u015bistupnja je rownocasnje zjawnos\u0107i. Mimo togo su interdisciplinarne sl\u011b\u017aenja instituta wusm\u011brjone na aktualne po\u0142o\u017eenje, na w\u00f3sebnos\u0107i [&hellip;]<\/p>\n","protected":false},"author":32,"featured_media":0,"parent":0,"menu_order":5,"comment_status":"closed","ping_status":"closed","template":"","meta":{"_acf_changed":false,"footnotes":""},"class_list":["post-2960","page","type-page","status-publish","hentry"],"acf":[],"_links":{"self":[{"href":"https:\/\/www.serbski-institut.de\/ns\/wp-json\/wp\/v2\/pages\/2960","targetHints":{"allow":["GET"]}}],"collection":[{"href":"https:\/\/www.serbski-institut.de\/ns\/wp-json\/wp\/v2\/pages"}],"about":[{"href":"https:\/\/www.serbski-institut.de\/ns\/wp-json\/wp\/v2\/types\/page"}],"author":[{"embeddable":true,"href":"https:\/\/www.serbski-institut.de\/ns\/wp-json\/wp\/v2\/users\/32"}],"replies":[{"embeddable":true,"href":"https:\/\/www.serbski-institut.de\/ns\/wp-json\/wp\/v2\/comments?post=2960"}],"version-history":[{"count":3,"href":"https:\/\/www.serbski-institut.de\/ns\/wp-json\/wp\/v2\/pages\/2960\/revisions"}],"predecessor-version":[{"id":252347,"href":"https:\/\/www.serbski-institut.de\/ns\/wp-json\/wp\/v2\/pages\/2960\/revisions\/252347"}],"wp:attachment":[{"href":"https:\/\/www.serbski-institut.de\/ns\/wp-json\/wp\/v2\/media?parent=2960"}],"curies":[{"name":"wp","href":"https:\/\/api.w.org\/{rel}","templated":true}]}}