{"id":3054,"date":"2021-11-23T14:16:36","date_gmt":"2021-11-23T13:16:36","guid":{"rendered":"https:\/\/beta.serbski-institut.de\/biblioteka-archiw\/serbski-kulturny-archiw\/"},"modified":"2026-03-23T14:17:05","modified_gmt":"2026-03-23T13:17:05","slug":"serbski-kulturny-archiw","status":"publish","type":"page","link":"https:\/\/www.serbski-institut.de\/ns\/serbski-kulturny-archiw\/","title":{"rendered":"Serbski kulturny archiw"},"content":{"rendered":"<p>Serbski kulturny archiw jo jadnu\u010dki zjawny archiw za serbske a sorabistiske dokumenty a zb\u011brki. Tak ako biblioteka jo archiw nasta\u0142 na zak\u0142a\u017ae zb\u011brkow n\u011bgaj\u0161neje Ma\u015bice Serbskeje. Wjeliki \u017a\u011bl archiwalijow tw\u00f3rje zaw\u00f3staje\u0144stwa serbskich procowarjow, w\u011bdomnostnikow, spisowa\u015below, wum\u011b\u0142cow a komponistow Dolneje a G\u00f3rneje \u0141u\u017eyce. Dal\u0161ny wa\u017eny wobstatk jo aktowy archiw Domowiny w\u00f3t jeje za\u0142o\u017eenja w l. 1912 a\u017e do l. 1989. K tomu p\u015bidu p\u00f3d\u0142o\u017eki serbskich towaristwow, na p\u015b. Ma\u015bice Serbskeje, studentskich zjadno\u015be\u0144stwow, chorow, sportowego towaristwa \u201eSoko\u0142\u201c ka\u017e teke n\u011bkotarych kub\u0142ani\u0161\u0107ow a institucijow NDRskego casa. Wuznamne mjazy wobstatkami su nagl\u011bdne zb\u011brki fotografijow, zaw\u00f3staje\u0144stwa fotografow, zukowe paski, wideja a filmowe nagrawanja. Mimo togo zb\u011bramy kwalifikaciske \u017a\u011b\u0142a, casnikowe wur\u011bzki, plakaty a programowe ze\u0161ywki. Chowamy a p\u015bistupnimy je za historiske sl\u011b\u017aenje. Rowno tak tw\u00f3rje w\u00f3ni zajmny p\u00f3k\u0142ad za \u017ainsaj\u0161ne serbske kulturne \u017eywjenje.<br \/>\nWjeliki \u017a\u011bl wobstatkow w Serbskem kulturnem archiwje su dary. Wjaselimy se ku\u017edyckemu p\u015bedmjatoju \u2013 dopisoju, protokoloju serbskich towaristwow, fotografiji, amaterskemu filmoju, dopomnje\u0144ce \u2013, z k\u00f3tarym\u017e wudopo\u0142nijo se wobraz na\u0161ych stawiznow a na\u0161eje kultury.<\/p>\n<p>We <a href=\"https:\/\/www.serbski-institut.de\/bibliothek\/virtueller-lesesaal\/\">wirtuelnej cyta\u0155ni<\/a> su w\u0161ykne p\u00f3bitowanja Serbskego kulturnego archiwa a Serbskeje centralneje biblioteki na jadnom m\u011bstnje zgroma\u017aone.<\/p>\n<h2>\nW\u00f3tw\u00f3rje\u0144ski cas<\/h2>\n<p>w\u00f3t p\u00f3nje\u017aele do srjody: 9:00 \u2013 16:00<br \/>\nstw\u00f3rtk: 9:00 \u2013 18:00<br \/>\np\u011btk: zacynjone<\/p>\n<div class=\"alert alert-warning\">Zeleny stw\u00f3rtk, dnja 2. 4. 2026, bu\u017aotej biblioteka a archiw jano a\u017e do zeger 16 w\u00f3tw\u00f3rjonej.<br \/>\n\u017dycymy na\u0161ym cytarkam a cytarjam \u017eognowane jat\u0161y!<\/div>\n<p>Kontakt: <a class=\"link_mail hover\" title=\"link k e-mailce &#98;i&#x62;l&#x69;&#111;&#x74;&#101;&#x6b;&#97;-&#x61;r&#x63;&#104;&#x69;&#119;&#x40;&#115;&#x65;&#114;b&#x73;k&#x69;&#45;&#x69;&#110;&#x73;&#116;i&#x74;u&#x74;&#46;&#x64;&#101;\" href=\"&#x6d;&#x61;&#x69;&#x6c;&#x74;&#x6f;&#x3a;&#x62;&#x69;&#x62;&#x6c;&#x69;&#x6f;&#x74;&#x65;&#x6b;&#x61;&#x2d;&#x61;&#x72;&#x63;&#x68;&#105;&#119;&#64;&#115;&#101;&#114;&#98;&#115;&#107;&#105;&#45;&#105;&#110;&#115;&#116;itut&#46;de\">bi&#98;&#108;&#x69;&#x6f;&#x74;&#x65;ka&#45;&#97;&#x72;&#x63;&#x68;&#x69;w&#64;&#115;&#101;&#114;&#x62;&#x73;&#x6b;&#x69;-i&#110;&#115;&#x74;&#x69;&#x74;&#x75;t&#46;&#100;&#101;<\/a><br \/>\nTelefon: 03591 4972-33, -34<\/p>\n","protected":false},"excerpt":{"rendered":"<p>Serbski kulturny archiw jo jadnu\u010dki zjawny archiw za serbske a sorabistiske dokumenty a zb\u011brki. Tak ako biblioteka jo archiw nasta\u0142 na zak\u0142a\u017ae zb\u011brkow n\u011bgaj\u0161neje Ma\u015bice Serbskeje. Wjeliki \u017a\u011bl archiwalijow tw\u00f3rje zaw\u00f3staje\u0144stwa serbskich procowarjow, w\u011bdomnostnikow, spisowa\u015below, wum\u011b\u0142cow a komponistow Dolneje a G\u00f3rneje \u0141u\u017eyce. Dal\u0161ny wa\u017eny wobstatk jo aktowy archiw Domowiny w\u00f3t jeje za\u0142o\u017eenja w l. 1912 [&hellip;]<\/p>\n","protected":false},"author":32,"featured_media":0,"parent":0,"menu_order":10,"comment_status":"closed","ping_status":"closed","template":"","meta":{"_acf_changed":false,"footnotes":""},"class_list":["post-3054","page","type-page","status-publish","hentry"],"acf":[],"_links":{"self":[{"href":"https:\/\/www.serbski-institut.de\/ns\/wp-json\/wp\/v2\/pages\/3054","targetHints":{"allow":["GET"]}}],"collection":[{"href":"https:\/\/www.serbski-institut.de\/ns\/wp-json\/wp\/v2\/pages"}],"about":[{"href":"https:\/\/www.serbski-institut.de\/ns\/wp-json\/wp\/v2\/types\/page"}],"author":[{"embeddable":true,"href":"https:\/\/www.serbski-institut.de\/ns\/wp-json\/wp\/v2\/users\/32"}],"replies":[{"embeddable":true,"href":"https:\/\/www.serbski-institut.de\/ns\/wp-json\/wp\/v2\/comments?post=3054"}],"version-history":[{"count":3,"href":"https:\/\/www.serbski-institut.de\/ns\/wp-json\/wp\/v2\/pages\/3054\/revisions"}],"predecessor-version":[{"id":252280,"href":"https:\/\/www.serbski-institut.de\/ns\/wp-json\/wp\/v2\/pages\/3054\/revisions\/252280"}],"wp:attachment":[{"href":"https:\/\/www.serbski-institut.de\/ns\/wp-json\/wp\/v2\/media?parent=3054"}],"curies":[{"name":"wp","href":"https:\/\/api.w.org\/{rel}","templated":true}]}}