{"id":3068,"date":"2021-11-23T14:24:02","date_gmt":"2021-11-23T13:24:02","guid":{"rendered":"https:\/\/beta.serbski-institut.de\/serbski-institut\/sobuzelaserje-sobuzelaserki\/"},"modified":"2026-03-30T13:08:19","modified_gmt":"2026-03-30T11:08:19","slug":"sobuzelaserje-sobuzelaserki","status":"publish","type":"page","link":"https:\/\/www.serbski-institut.de\/ns\/institut\/sobuzelaserje-sobuzelaserki\/","title":{"rendered":"P\u015bistajone"},"content":{"rendered":"<p>W sl\u011bdujucem su p\u015bistajone Serbskego instituta p\u015bir\u011bdowane w\u00f3tpow\u011bdnym w\u00f3t\u017a\u011blenjam resp. organizatoriskim jadnotkam. Ce\u0142o do\u0142ojce na boce namakajo\u015bo <a href=\"#az\">alfabetisku lis\u0107inu w\u0161yknych p\u015bistajonych<\/a>.<\/p>\n","protected":false},"excerpt":{"rendered":"<p>W sl\u011bdujucem su p\u015bistajone Serbskego instituta p\u015bir\u011bdowane w\u00f3tpow\u011bdnym w\u00f3t\u017a\u011blenjam resp. organizatoriskim jadnotkam. Ce\u0142o do\u0142ojce na boce namakajo\u015bo alfabetisku lis\u0107inu w\u0161yknych p\u015bistajonych.<\/p>\n","protected":false},"author":32,"featured_media":0,"parent":2960,"menu_order":3,"comment_status":"closed","ping_status":"closed","template":"archive-mitarbeiter.php","meta":{"_acf_changed":false,"footnotes":""},"class_list":["post-3068","page","type-page","status-publish","hentry"],"acf":[],"_links":{"self":[{"href":"https:\/\/www.serbski-institut.de\/ns\/wp-json\/wp\/v2\/pages\/3068","targetHints":{"allow":["GET"]}}],"collection":[{"href":"https:\/\/www.serbski-institut.de\/ns\/wp-json\/wp\/v2\/pages"}],"about":[{"href":"https:\/\/www.serbski-institut.de\/ns\/wp-json\/wp\/v2\/types\/page"}],"author":[{"embeddable":true,"href":"https:\/\/www.serbski-institut.de\/ns\/wp-json\/wp\/v2\/users\/32"}],"replies":[{"embeddable":true,"href":"https:\/\/www.serbski-institut.de\/ns\/wp-json\/wp\/v2\/comments?post=3068"}],"version-history":[{"count":3,"href":"https:\/\/www.serbski-institut.de\/ns\/wp-json\/wp\/v2\/pages\/3068\/revisions"}],"predecessor-version":[{"id":252350,"href":"https:\/\/www.serbski-institut.de\/ns\/wp-json\/wp\/v2\/pages\/3068\/revisions\/252350"}],"up":[{"embeddable":true,"href":"https:\/\/www.serbski-institut.de\/ns\/wp-json\/wp\/v2\/pages\/2960"}],"wp:attachment":[{"href":"https:\/\/www.serbski-institut.de\/ns\/wp-json\/wp\/v2\/media?parent=3068"}],"curies":[{"name":"wp","href":"https:\/\/api.w.org\/{rel}","templated":true}]}}