{"id":3078,"date":"2021-11-23T14:34:32","date_gmt":"2021-11-23T13:34:32","guid":{"rendered":"https:\/\/beta.serbski-institut.de\/publikacije\/maly-red-serbskego-instituta\/"},"modified":"2026-03-27T10:36:01","modified_gmt":"2026-03-27T09:36:01","slug":"maly-red-serbskego-instituta","status":"publish","type":"page","link":"https:\/\/www.serbski-institut.de\/ns\/publikacije\/maly-red-serbskego-instituta\/","title":{"rendered":"Ma\u0142y r\u011bd Serbskego instituta"},"content":{"rendered":"<p>Publikaciski r\u011bd wuj\u017ao w sw\u00f3jskem nak\u0142adnistwje Serbskego instituta. Jogo tematiski spektrum wop\u015bimujo w\u011bdomnostne studije z wob\u0142uka serbskeje r\u011bcy a kultury ako teke mje\u0144\u0161ynoweje politiki. Sw\u00f3jska re\u017eija p\u015bi redakcionelnem a \u015bi\u0161\u0107a\u0155skem p\u015big\u00f3towanju ze\u0161ywkow garant\u011brujo wusoku fleksibilitu a zm\u00f3\u017enijo krotkocasne w\u00f3zjawjenje dokumentow, sk\u00f3\u0144cnych \u017a\u011b\u0142ow, konferencnych zb\u011brnikow, p\u00f3sudkow a p\u00f3d.<\/p>\n<p>Tuchylu w\u00f3zjawjaju se wuda\u015ba Ma\u0142ego r\u011bda p\u00f3n\u011bcom za open access wum\u011bnjenja na <a href=\"http:\/\/publikaciskem serwerje Serbskego instituta Quocosa\" target=\"_blank\" rel=\"noopener\">publikaciskem serwerje Serbskego instituta Qucosa<\/a>. N\u011bkotare zw\u011bzki (ze\u0161ywk co. 27 a\u017e do 39) su ju\u017eo w\u00f3zjawjone a doj\u015bpiwajobne p\u015bez sw\u00f3jsku DOI.<\/p>\n<p>Jadnotliwe (star\u0161e) wuda\u015ba su dermotne a daju se how ako pdf-ka ze\u015b\u011bgnu\u015b. \u015ai\u0161\u0107ane eksemplary skazaj\u015bo p\u0161osym p\u015bez mejlku na <a href=\"m&#97;&#x69;&#x6c;t&#111;&#x3a;&#x73;i&#64;&#115;&#x65;&#x72;b&#115;&#x6b;&#x69;-&#105;&#x6e;&#x73;t&#105;&#116;&#x75;&#x74;&#46;&#100;&#x65;\">&#115;&#x69;&#64;&#x73;&#101;&#x72;b&#x73;k&#105;&#x2d;&#105;&#x6e;&#115;&#x74;i&#x74;u&#116;&#x2e;&#100;&#x65;<\/a> abo telefoniski w sekretaria\u015be Serbskego instituta, tel. 03591 4972-0. P\u0161osym cytaj\u015bo w \u201eLis\u0107inje w\u0161ych wuda\u015bow Ma\u0142ego r\u011bda\u201d, k\u00f3tare ze\u0161ywki su rozebrane.<\/p>\n","protected":false},"excerpt":{"rendered":"<p>Publikaciski r\u011bd wuj\u017ao w sw\u00f3jskem nak\u0142adnistwje Serbskego instituta. Jogo tematiski spektrum wop\u015bimujo w\u011bdomnostne studije z wob\u0142uka serbskeje r\u011bcy a kultury ako teke mje\u0144\u0161ynoweje politiki. Sw\u00f3jska re\u017eija p\u015bi redakcionelnem a \u015bi\u0161\u0107a\u0155skem p\u015big\u00f3towanju ze\u0161ywkow garant\u011brujo wusoku fleksibilitu a zm\u00f3\u017enijo krotkocasne w\u00f3zjawjenje dokumentow, sk\u00f3\u0144cnych \u017a\u011b\u0142ow, konferencnych zb\u011brnikow, p\u00f3sudkow a p\u00f3d. Tuchylu w\u00f3zjawjaju se wuda\u015ba Ma\u0142ego r\u011bda p\u00f3n\u011bcom za [&hellip;]<\/p>\n","protected":false},"author":32,"featured_media":0,"parent":13380,"menu_order":13,"comment_status":"closed","ping_status":"closed","template":"archive-publikationen.php","meta":{"_acf_changed":false,"footnotes":""},"class_list":["post-3078","page","type-page","status-publish","hentry"],"acf":[],"_links":{"self":[{"href":"https:\/\/www.serbski-institut.de\/ns\/wp-json\/wp\/v2\/pages\/3078","targetHints":{"allow":["GET"]}}],"collection":[{"href":"https:\/\/www.serbski-institut.de\/ns\/wp-json\/wp\/v2\/pages"}],"about":[{"href":"https:\/\/www.serbski-institut.de\/ns\/wp-json\/wp\/v2\/types\/page"}],"author":[{"embeddable":true,"href":"https:\/\/www.serbski-institut.de\/ns\/wp-json\/wp\/v2\/users\/32"}],"replies":[{"embeddable":true,"href":"https:\/\/www.serbski-institut.de\/ns\/wp-json\/wp\/v2\/comments?post=3078"}],"version-history":[{"count":3,"href":"https:\/\/www.serbski-institut.de\/ns\/wp-json\/wp\/v2\/pages\/3078\/revisions"}],"predecessor-version":[{"id":252317,"href":"https:\/\/www.serbski-institut.de\/ns\/wp-json\/wp\/v2\/pages\/3078\/revisions\/252317"}],"up":[{"embeddable":true,"href":"https:\/\/www.serbski-institut.de\/ns\/wp-json\/wp\/v2\/pages\/13380"}],"wp:attachment":[{"href":"https:\/\/www.serbski-institut.de\/ns\/wp-json\/wp\/v2\/media?parent=3078"}],"curies":[{"name":"wp","href":"https:\/\/api.w.org\/{rel}","templated":true}]}}