{"id":3079,"date":"2021-11-23T14:35:32","date_gmt":"2021-11-23T13:35:32","guid":{"rendered":"https:\/\/beta.serbski-institut.de\/publikacije\/spise-serbskego-instituta\/"},"modified":"2026-03-26T15:06:42","modified_gmt":"2026-03-26T14:06:42","slug":"spise-serbskego-instituta","status":"publish","type":"page","link":"https:\/\/www.serbski-institut.de\/ns\/publikacije\/spise-serbskego-instituta\/","title":{"rendered":"Spise Serbskego instituta"},"content":{"rendered":"<p>W to\u015b tom interdisciplinarnem r\u011b\u017ae monografijow p\u015bedpo\u0142o\u017euju sobu\u017a\u011b\u0142a\u015berje \/ sobu\u017a\u011b\u0142a\u015berki Serbskego instituta a dal\u0161ne sorabisty z tu- a wukraja b\u011b\u017enje wusl\u011bdki sw\u00f3jich sl\u011b\u017aenjow. W\u00f3t l\u011bta 2026 (zw\u011bzk 73) wuj\u017ao r\u011bd Spisow pla Barlinskego w\u011bdomnostnego nak\u0142adnistwa Frank &amp; Timme. Publikacije nak\u0142aduju se dermotnje a licho p\u015bistupne we formje open access, mimo togo ako \u015bi\u0161\u0107ane wuda\u015ba.<\/p>\n<p>R\u011bd Spisow Serbskego instituta wuchada w\u00f3t nowoza\u0142o\u017eenja Serbskego instituta w l\u011b\u015be 1992. <em>Spise<\/em> su p\u00f3k\u0161acowanje <a href=\"https:\/\/www.serbski-institut.de\/veroeffentlichung\/abgeschlossene-reihen\/schriftenreihe-des-instituts-fuer-sorbische-volksforschung-1954-1990\/\">r\u011bda spisow<\/a>, k\u00f3tary\u017e jo p\u015bedchadnik instituta, Institut za serbske ludosl\u011b\u017aenje, mjazy 1954 a 1990 wuda\u0142a\u0142 (dogromady 58 zw\u011bzkow; w\u00f3t l\u011bta 1992 se znowego licy). W Spisach w\u00f3zjawjaju se nowe sl\u011b\u017aa\u0155ske wusl\u011bdki w\u00f3 r\u011bcy, stawiznach a kulturje Serbow ka\u017e teke z p\u015birownujucego mje\u0144\u0161ynowego sl\u011b\u017aenja. Pisma dokument\u011bruju sl\u011b\u017ae\u0144sku \u017a\u011b\u0142abnos\u0107 Serbskego instituta rowno tak ako konference. P\u015biwzeju pak se teke eksternje nastate sl\u011b\u017aa\u0155ske a kwalifikaciske \u017a\u011b\u0142a, k\u00f3tare\u017e se zar\u011bduju do sl\u011b\u017ae\u0144skego spektruma Serbskego instituta. R\u011bd spisow jo wuj\u0161e\u0142 a\u017e do l\u011bta 2025 (zw\u011bzk 72) pla Ludowego nak\u0142adnistwa Domowina w Budy\u0161ynje.<\/p>\n","protected":false},"excerpt":{"rendered":"<p>W to\u015b tom interdisciplinarnem r\u011b\u017ae monografijow p\u015bedpo\u0142o\u017euju sobu\u017a\u011b\u0142a\u015berje \/ sobu\u017a\u011b\u0142a\u015berki Serbskego instituta a dal\u0161ne sorabisty z tu- a wukraja b\u011b\u017enje wusl\u011bdki sw\u00f3jich sl\u011b\u017aenjow. W\u00f3t l\u011bta 2026 (zw\u011bzk 73) wuj\u017ao r\u011bd Spisow pla Barlinskego w\u011bdomnostnego nak\u0142adnistwa Frank &amp; Timme. Publikacije nak\u0142aduju se dermotnje a licho p\u015bistupne we formje open access, mimo togo ako \u015bi\u0161\u0107ane wuda\u015ba. R\u011bd [&hellip;]<\/p>\n","protected":false},"author":32,"featured_media":0,"parent":13380,"menu_order":16,"comment_status":"closed","ping_status":"closed","template":"archive-publikationen.php","meta":{"_acf_changed":false,"footnotes":""},"class_list":["post-3079","page","type-page","status-publish","hentry"],"acf":[],"_links":{"self":[{"href":"https:\/\/www.serbski-institut.de\/ns\/wp-json\/wp\/v2\/pages\/3079","targetHints":{"allow":["GET"]}}],"collection":[{"href":"https:\/\/www.serbski-institut.de\/ns\/wp-json\/wp\/v2\/pages"}],"about":[{"href":"https:\/\/www.serbski-institut.de\/ns\/wp-json\/wp\/v2\/types\/page"}],"author":[{"embeddable":true,"href":"https:\/\/www.serbski-institut.de\/ns\/wp-json\/wp\/v2\/users\/32"}],"replies":[{"embeddable":true,"href":"https:\/\/www.serbski-institut.de\/ns\/wp-json\/wp\/v2\/comments?post=3079"}],"version-history":[{"count":3,"href":"https:\/\/www.serbski-institut.de\/ns\/wp-json\/wp\/v2\/pages\/3079\/revisions"}],"predecessor-version":[{"id":252297,"href":"https:\/\/www.serbski-institut.de\/ns\/wp-json\/wp\/v2\/pages\/3079\/revisions\/252297"}],"up":[{"embeddable":true,"href":"https:\/\/www.serbski-institut.de\/ns\/wp-json\/wp\/v2\/pages\/13380"}],"wp:attachment":[{"href":"https:\/\/www.serbski-institut.de\/ns\/wp-json\/wp\/v2\/media?parent=3079"}],"curies":[{"name":"wp","href":"https:\/\/api.w.org\/{rel}","templated":true}]}}