{"id":3203,"date":"2021-11-25T14:08:05","date_gmt":"2021-11-25T13:08:05","guid":{"rendered":"https:\/\/beta.serbski-institut.de\/serbski-institut\/rozpsawy\/"},"modified":"2025-05-27T10:48:51","modified_gmt":"2025-05-27T08:48:51","slug":"rozpsawy","status":"publish","type":"page","link":"https:\/\/www.serbski-institut.de\/ns\/institut\/rozpsawy\/","title":{"rendered":"Rozp\u0161awy"},"content":{"rendered":"<h2>W\u00f3t \u017a\u011b\u0142abnos\u0107e Serbskego instituta<\/h2>\n<p>Serbski institut rozp\u0161awja regularnje p\u015bez sw\u00f3j &#8220;<a href=\"https:\/\/www.serbski-institut.de\/newsletter\/\">Wokolnik<\/a>&#8220;. W\u00f3t l\u011bta 2018 dajo dw\u011b abo t\u015bi wuda\u015ba wob l\u011bto. Mimo togo w\u00f3zjawja Serbski institut nowos\u0107i na sw\u00f3jom domacnem boce p\u00f3d rubriku &#8220;<a href=\"https:\/\/www.serbski-institut.de\/aktuelles\/\">Aktualne<\/a>&#8220;. Tam pokazuju se <a href=\"https:\/\/www.serbski-institut.de\/aktuelles\/neuigkeiten\/\">nowos\u0107i<\/a>, ale teke aktualne <a href=\"https:\/\/www.serbski-institut.de\/aktuelles\/veranstaltungen\/\">zar\u011bdowanja<\/a> a <a href=\"https:\/\/www.serbski-institut.de\/aktuelles\/ausschreibungen\/\">wupisanja<\/a>.<\/p>\n<p>Serbski institut jo wu\u0161ej togo aktiwny na &#8220;Twitterje&#8221; (<a href=\"https:\/\/twitter.com\/serbskiinstitut\" target=\"_blank\" rel=\"noopener\">@serbskiinstitut<\/a>) a prezent\u011brujo pak raz wideo na <a href=\"https:\/\/www.youtube.com\/@sorbischesinstitutserbskii9128\/about\" target=\"_blank\" rel=\"noopener\">sw\u00f3jom Youtube-kanalu<\/a>.<\/p>\n<p>Za l\u011bta 2013\/14 a 2015\/16 jo Serbski institut\u00a0 wuda\u0142 bro\u0161urce z w\u00f3sebnje p\u015big\u00f3towaneju \u017a\u011b\u0142oweju rozp\u0161awu za zajmowanu zjawnos\u0107. W njej p\u015bedstajaju se wuzw\u00f3lone sl\u011b\u017aa\u0155ske projekty, ako su zar\u011bdowane do w\u011bt\u0161ych tematiskich wobce\u0155kow, ale teke sl\u011bzynowe informacije k \u017a\u011b\u0142abnos\u0107i instituta.<\/p>\n","protected":false},"excerpt":{"rendered":"<p>W\u00f3t \u017a\u011b\u0142abnos\u0107e Serbskego instituta Serbski institut rozp\u0161awja regularnje p\u015bez sw\u00f3j &#8220;Wokolnik&#8220;. W\u00f3t l\u011bta 2018 dajo dw\u011b abo t\u015bi wuda\u015ba wob l\u011bto. Mimo togo w\u00f3zjawja Serbski institut nowos\u0107i na sw\u00f3jom domacnem boce p\u00f3d rubriku &#8220;Aktualne&#8220;. Tam pokazuju se nowos\u0107i, ale teke aktualne zar\u011bdowanja a wupisanja. Serbski institut jo wu\u0161ej togo aktiwny na &#8220;Twitterje&#8221; (@serbskiinstitut) a prezent\u011brujo [&hellip;]<\/p>\n","protected":false},"author":32,"featured_media":0,"parent":2960,"menu_order":5,"comment_status":"closed","ping_status":"closed","template":"","meta":{"_acf_changed":false,"footnotes":""},"class_list":["post-3203","page","type-page","status-publish","hentry"],"acf":[],"_links":{"self":[{"href":"https:\/\/www.serbski-institut.de\/ns\/wp-json\/wp\/v2\/pages\/3203","targetHints":{"allow":["GET"]}}],"collection":[{"href":"https:\/\/www.serbski-institut.de\/ns\/wp-json\/wp\/v2\/pages"}],"about":[{"href":"https:\/\/www.serbski-institut.de\/ns\/wp-json\/wp\/v2\/types\/page"}],"author":[{"embeddable":true,"href":"https:\/\/www.serbski-institut.de\/ns\/wp-json\/wp\/v2\/users\/32"}],"replies":[{"embeddable":true,"href":"https:\/\/www.serbski-institut.de\/ns\/wp-json\/wp\/v2\/comments?post=3203"}],"version-history":[{"count":5,"href":"https:\/\/www.serbski-institut.de\/ns\/wp-json\/wp\/v2\/pages\/3203\/revisions"}],"predecessor-version":[{"id":11463,"href":"https:\/\/www.serbski-institut.de\/ns\/wp-json\/wp\/v2\/pages\/3203\/revisions\/11463"}],"up":[{"embeddable":true,"href":"https:\/\/www.serbski-institut.de\/ns\/wp-json\/wp\/v2\/pages\/2960"}],"wp:attachment":[{"href":"https:\/\/www.serbski-institut.de\/ns\/wp-json\/wp\/v2\/media?parent=3203"}],"curies":[{"name":"wp","href":"https:\/\/api.w.org\/{rel}","templated":true}]}}