{"id":3226,"date":"2021-11-25T14:18:53","date_gmt":"2021-11-25T13:18:53","guid":{"rendered":"https:\/\/beta.serbski-institut.de\/serbski-institut\/gremije\/"},"modified":"2025-10-13T14:50:51","modified_gmt":"2025-10-13T12:50:51","slug":"gremije","status":"publish","type":"page","link":"https:\/\/www.serbski-institut.de\/ns\/institut\/gremije\/","title":{"rendered":"Gremije"},"content":{"rendered":"<h2>towaristwo<\/h2>\n<ul>\n<li><a title=\"eksterny link Lichotny stat Sakska\" href=\"http:\/\/www.smwk.sachsen.de\/\" target=\"_blank\" rel=\"noopener\">Lichotny stat Sakska<\/a><br \/>\nzastupjony p\u015bez Felicitas Roth, Sakske statne ministarstwo za w\u011bdomnos\u0107, wusoko\u0161ulstwo a wum\u011b\u0142stwo<\/li>\n<li><a title=\"eksterny link Kraj Bramborska\" href=\"http:\/\/www.mwfk.brandenburg.de\/\" target=\"_blank\" rel=\"noopener\">Kraj Bramborska<\/a><br \/>\nzastupjony p\u015bez Clemensa Neumanna, Ministarstwo za w\u011bdomnos\u0107, sl\u011b\u017aenje a kulturu kraja Bramborska<\/li>\n<li><a title=\"eksterny link Za\u0142o\u017eba za serbski lud\" href=\"https:\/\/stiftung.sorben.com\/dolnoserbski\/\" target=\"_blank\" rel=\"noopener\">Za\u0142o\u017eba za serbski lud<\/a><br \/>\nzastupjona p\u015bez direktorja Jana Budarja, Budy\u0161yn<\/li>\n<li><a title=\"eksterny link Ma\u015bica Serbska\" href=\"https:\/\/www.domowina.de\/dsb\/clonkojstwo\/sobustawske-towaristwa\/masica-serbska\/macica-serbska\/\" target=\"_blank\" rel=\"noopener\">Ma\u015bica Serbska<\/a><br \/>\nzastupjona p\u015bez mgr. Katju Branka\u010dkec, Ph.D., Praha<\/li>\n<li>em. Prof. Dr. Konrad K\u00f6stlin<br \/>\nuniwersita Wien<\/li>\n<li><a title=\"eksterny link prof. dr. Silke G\u00f6ttsch-Elten\" href=\"https:\/\/www.europaeische-ethnologie-volkskunde.uni-kiel.de\/de\/personen\/ehemalige\/prof-dr-phil-silke-goettsch-elten\" target=\"_blank\" rel=\"noopener\">prof. dr. Silke G\u00f6ttsch-Elten<\/a><br \/>\nuniwersita w Kielu<\/li>\n<li><a title=\"eksterny link prof. em. dr. Konrad K\u00f6stlin\" href=\"https:\/\/tu-dresden.de\/gsw\/slk\/slavistik\/das-institut\/professuren-und-lehrbereiche\/westslav\/inhaber-der-professur\" target=\"_blank\" rel=\"noopener\">prof. dr. Christian Prunitsch<\/a><br \/>\nTechniska uniwersita Drje\u017ed\u017aany<\/li>\n<li><a title=\"eksterny link prof. dr. dr. h.c. Roland Marti\" href=\"https:\/\/www.lsf.uni-saarland.de\/qisserver\/rds?state=verpublish&amp;status=init&amp;vmfile=no&amp;moduleCall=webInfo&amp;publishConfFile=webInfoPerson&amp;publishSubDir=personal&amp;keep=y&amp;purge=y&amp;personal.pid=1028\" target=\"_blank\" rel=\"noopener\">prof. dr. dr. h.c. Roland Marti<\/a><br \/>\nuniwersita w Saarbr\u00fcckenje<\/li>\n<li><a href=\"https:\/\/www.isgv.de\/\">Institut za Sakske stawizny a ludow\u011bdu<\/a><br \/>\nzastupjony p\u015bez direktora, prof. dr. Andreasa Rutza<\/li>\n<li><a href=\"https:\/\/www.leibniz-gwzo.de\/de\" target=\"_blank\" rel=\"noopener\">Leibnizowy institut za stawizny a kulturu p\u00f3dzajt\u0161neje Europy<\/a> (GWZO)<br \/>\nzastupjony p\u015bez zastupujucu direktorku, prof. dr. Julia Herzberg<\/li>\n<\/ul>\n<h2>kuratorium<\/h2>\n<ul>\n<li><a title=\"eksterny link Lichotny stat Sakska,\" href=\"http:\/\/www.smwk.sachsen.de\/\" target=\"_blank\" rel=\"noopener\">Lichotny stat Sakska,<\/a><br \/>\nzastupjony p\u015bez Felicitas Roth,<br \/>\nSakske statne ministarstwo za w\u011bdomnos\u0107 a wum\u011b\u0142stwo (p\u015bedseda\u0155ka)<\/li>\n<li><a title=\"eksterny link Kraj Bramborska,\" href=\"http:\/\/www.mwfk.brandenburg.de\/\" target=\"_blank\" rel=\"noopener\">Kraj Bramborska,<\/a><br \/>\nzastupjony p\u015bez Clemensa Neumanna,<br \/>\nMinistarstwo za w\u011bdomnos\u0107, sl\u011b\u017aenje a kulturu kraja Bramborska (zastupujucy p\u015bedseda\u0155)<\/li>\n<li><a title=\"eksterny link Za\u0142o\u017eba za serbski lud,\" href=\"https:\/\/stiftung.sorben.com\/dolnoserbski\/\" target=\"_blank\" rel=\"noopener\">Za\u0142o\u017eba za serbski lud,<\/a><br \/>\nzastupjony p\u015bez direktora, Jana Budarja<\/li>\n<li><a title=\"lokalny link Towaristwo Serbskego instituta,\" href=\"https:\/\/www.serbski-institut.de\/ns\/institut\/gremije\/#q217\" target=\"_self\" rel=\"noopener\">Towaristwo Serbskego instituta,<\/a><br \/>\nzastupjone p\u015bez prof. dr. Andreasa Rutza<\/li>\n<\/ul>\n<p>P\u00f3ra\u017aujucy g\u0142os:<\/p>\n<ul>\n<li><a title=\"lokalny link P\u015bedsedstwo w\u011bdomnostneje p\u015birady Serbskego instituta,\" href=\"https:\/\/www.serbski-institut.de\/ns\/institut\/gremije\/#q219\" target=\"_self\" rel=\"noopener\">P\u015bedsedstwo w\u011bdomnostneje p\u015birady Serbskego instituta,<\/a><br \/>\nzastupjone p\u015bez prof. dr. dr. h.c. Rolanda Martija,<br \/>\nuniwersita we Saarbr\u00fcckenje<\/li>\n<li><a title=\"lokalny link P\u015bedsedstwo towaristwa Serbskego instituta,\" href=\"https:\/\/www.serbski-institut.de\/ns\/institut\/gremije\/#q217\" target=\"_self\" rel=\"noopener\">P\u015bedsedstwo towaristwa Serbskego instituta,<\/a><br \/>\nzastupjone p\u015bez <a href=\"https:\/\/www.serbski-institut.de\/mitarbeiter\/hauke-bartels\/\">prof. dr. Hauke Bartelsa<\/a>,<br \/>\ndirektora Serbskego instituta<\/li>\n<\/ul>\n<h2>w\u011bdomnostna p\u015birada<\/h2>\n<ul>\n<li><a title=\"eksterny link prof. dr. Tilman Berger\" href=\"https:\/\/uni-tuebingen.de\/es\/fakultaeten\/philosophische-fakultaet\/fachbereiche\/neuphilologie\/slavisches-seminar\/institut\/m\/tilman-berger\/\" target=\"_blank\" rel=\"noopener\">prof. dr. Tilman Berger<\/a><br \/>\nuniwersita w T\u00fcbingenje<\/li>\n<li><a title=\"eksterny link prof. dr. Silke G\u00f6ttsch-Elten\" href=\"https:\/\/www.europaeische-ethnologie-volkskunde.uni-kiel.de\/de\/personen\/ehemalige\/prof-dr-phil-silke-goettsch-elten\" target=\"_blank\" rel=\"noopener\">prof. dr. Silke G\u00f6ttsch-Elten<\/a><br \/>\nuniwersita w Kielu<\/li>\n<li><a title=\"eksterny link prof. dr. Gerhard Heyer\" href=\"http:\/\/asv.informatik.uni-leipzig.de\/staff\/Gerhard_Heyer\" target=\"_blank\" rel=\"noopener\">prof. dr. Gerhard Heyer<\/a><br \/>\nuniwersita w Lipsku<\/li>\n<li><a title=\"eksterny link prof. dr. Tadeusz Lewaszkiewicz\" href=\"https:\/\/dialektologia.amu.edu.pl\/prof-dr-hab-tadeusz-lewaszkiewicz\/\" target=\"_blank\" rel=\"noopener\">prof. dr. Tadeusz Lewaszkiewicz<\/a><br \/>\nuniwersita w P\u00f3znanju<\/li>\n<li><a title=\"eksterny link prof. dr. dr. h.c. Roland Marti\" href=\"https:\/\/www.lsf.uni-saarland.de\/qisserver\/rds?state=verpublish&amp;status=init&amp;vmfile=no&amp;moduleCall=webInfo&amp;publishConfFile=webInfoPerson&amp;publishSubDir=personal&amp;keep=y&amp;purge=y&amp;personal.pid=1028\" target=\"_blank\" rel=\"noopener\">prof. dr. dr. h.c. Roland Marti<\/a>\u00a0(p\u015bedseda\u0155)<br \/>\nuniwersita w Saarbr\u00fcckenje<\/li>\n<li><a title=\"eksterny link prof. dr. Andreas Rutz\" href=\"https:\/\/tu-dresden.de\/gsw\/phil\/ige\/slge\/die-professur\/lehrstuhlinhaber-prof-dr-andreas-rutz\" target=\"_blank\" rel=\"noopener\">prof. dr. Andreas Rutz<\/a><br \/>\nInstitut za sakske stawizny a ludow\u011bdu, Drje\u017ed\u017aany<\/li>\n<li><a title=\"Externer Link Prof. Dr. Annette Werberger\" href=\"https:\/\/www.unibz.it\/de\/faculties\/education\/academic-staff\/person\/24-paul-videsott\" target=\"_blank\" rel=\"noopener\">Prof. Paul Videsott<\/a><br \/>\nLicha uniwersita w Bozenje<\/li>\n<li><a title=\"eksterny link dr. J\u00fcrgen Warmbrunn\" href=\"https:\/\/www.herder-institut.de\/institut-personal\/personal\/personen\/person\/warmbrunn-1.html\" target=\"_blank\" rel=\"noopener\">dr. J\u00fcrgen Warmbrunn<\/a><br \/>\nHerder-Institut Marburg<\/li>\n<li><a href=\"https:\/\/www.gose.geschichte.uni-muenchen.de\/personen\/lehrbeauftragte\/weger\/index.html\" target=\"_blank\" rel=\"noopener\">PD dr. Tobias Weger<\/a>, institut za nimsku kulturu a stawizny p\u00f3dpo\u0142dnjoweje Europy p\u015bi uniwersi\u015be Ludwiga Maximiliana w Mnichowje<\/li>\n<li><a title=\"eksterny link prof. dr. Annette Werberger\" href=\"https:\/\/www.kuwi.europa-uni.de\/de\/lehrstuhl\/lw\/osteuropa\/Professurinhaberin\/index.html\" target=\"_blank\" rel=\"noopener\">prof. dr. Annette Werberger<\/a><br \/>\nuniwersita we Frankobro\u017ae nad Odru<\/li>\n<\/ul>\n","protected":false},"excerpt":{"rendered":"<p>towaristwo Lichotny stat Sakska zastupjony p\u015bez Felicitas Roth, Sakske statne ministarstwo za w\u011bdomnos\u0107, wusoko\u0161ulstwo a wum\u011b\u0142stwo Kraj Bramborska zastupjony p\u015bez Clemensa Neumanna, Ministarstwo za w\u011bdomnos\u0107, sl\u011b\u017aenje a kulturu kraja Bramborska Za\u0142o\u017eba za serbski lud zastupjona p\u015bez direktorja Jana Budarja, Budy\u0161yn Ma\u015bica Serbska zastupjona p\u015bez mgr. Katju Branka\u010dkec, Ph.D., Praha em. Prof. Dr. Konrad K\u00f6stlin uniwersita [&hellip;]<\/p>\n","protected":false},"author":32,"featured_media":0,"parent":2960,"menu_order":4,"comment_status":"closed","ping_status":"closed","template":"","meta":{"_acf_changed":false,"footnotes":""},"class_list":["post-3226","page","type-page","status-publish","hentry"],"acf":[],"_links":{"self":[{"href":"https:\/\/www.serbski-institut.de\/ns\/wp-json\/wp\/v2\/pages\/3226","targetHints":{"allow":["GET"]}}],"collection":[{"href":"https:\/\/www.serbski-institut.de\/ns\/wp-json\/wp\/v2\/pages"}],"about":[{"href":"https:\/\/www.serbski-institut.de\/ns\/wp-json\/wp\/v2\/types\/page"}],"author":[{"embeddable":true,"href":"https:\/\/www.serbski-institut.de\/ns\/wp-json\/wp\/v2\/users\/32"}],"replies":[{"embeddable":true,"href":"https:\/\/www.serbski-institut.de\/ns\/wp-json\/wp\/v2\/comments?post=3226"}],"version-history":[{"count":15,"href":"https:\/\/www.serbski-institut.de\/ns\/wp-json\/wp\/v2\/pages\/3226\/revisions"}],"predecessor-version":[{"id":249851,"href":"https:\/\/www.serbski-institut.de\/ns\/wp-json\/wp\/v2\/pages\/3226\/revisions\/249851"}],"up":[{"embeddable":true,"href":"https:\/\/www.serbski-institut.de\/ns\/wp-json\/wp\/v2\/pages\/2960"}],"wp:attachment":[{"href":"https:\/\/www.serbski-institut.de\/ns\/wp-json\/wp\/v2\/media?parent=3226"}],"curies":[{"name":"wp","href":"https:\/\/api.w.org\/{rel}","templated":true}]}}