{"id":3264,"date":"2021-11-25T17:09:14","date_gmt":"2021-11-25T16:09:14","guid":{"rendered":"https:\/\/beta.serbski-institut.de\/startseite\/"},"modified":"2026-04-01T11:34:28","modified_gmt":"2026-04-01T09:34:28","slug":"startseite","status":"publish","type":"page","link":"https:\/\/www.serbski-institut.de\/ns\/","title":{"rendered":"Home"},"content":{"rendered":"<p>Institut p\u015besl\u011b\u017aujo r\u011bc, stawizny a kulturu Serbow w G\u00f3rnej a Dolnej \u0141u\u017eycy a  zab\u011bra se z p\u015birownujucym p\u015besl\u011b\u017aowanim mje\u0144\u0161ynow.<br \/>\n<a href=\"https:\/\/www.serbski-institut.de\/ns\/institut\/\">w\u011bcej zg\u00f3ni\u015b<\/a><\/p>\n<p>&nbsp;<\/p>\n<p>P\u0161osym wuzw\u00f3l\u015bo sebje \u017eyconu r\u011bc<\/p>\n","protected":false},"excerpt":{"rendered":"<p>Institut p\u015besl\u011b\u017aujo r\u011bc, stawizny a kulturu Serbow w G\u00f3rnej a Dolnej \u0141u\u017eycy a zab\u011bra se z p\u015birownujucym p\u015besl\u011b\u017aowanim mje\u0144\u0161ynow. w\u011bcej zg\u00f3ni\u015b &nbsp; P\u0161osym wuzw\u00f3l\u015bo sebje \u017eyconu r\u011bc<\/p>\n","protected":false},"author":32,"featured_media":0,"parent":0,"menu_order":0,"comment_status":"closed","ping_status":"closed","template":"page-startseite.php","meta":{"_acf_changed":false,"footnotes":""},"class_list":["post-3264","page","type-page","status-publish","hentry"],"acf":[],"_links":{"self":[{"href":"https:\/\/www.serbski-institut.de\/ns\/wp-json\/wp\/v2\/pages\/3264","targetHints":{"allow":["GET"]}}],"collection":[{"href":"https:\/\/www.serbski-institut.de\/ns\/wp-json\/wp\/v2\/pages"}],"about":[{"href":"https:\/\/www.serbski-institut.de\/ns\/wp-json\/wp\/v2\/types\/page"}],"author":[{"embeddable":true,"href":"https:\/\/www.serbski-institut.de\/ns\/wp-json\/wp\/v2\/users\/32"}],"replies":[{"embeddable":true,"href":"https:\/\/www.serbski-institut.de\/ns\/wp-json\/wp\/v2\/comments?post=3264"}],"version-history":[{"count":3,"href":"https:\/\/www.serbski-institut.de\/ns\/wp-json\/wp\/v2\/pages\/3264\/revisions"}],"predecessor-version":[{"id":252377,"href":"https:\/\/www.serbski-institut.de\/ns\/wp-json\/wp\/v2\/pages\/3264\/revisions\/252377"}],"wp:attachment":[{"href":"https:\/\/www.serbski-institut.de\/ns\/wp-json\/wp\/v2\/media?parent=3264"}],"curies":[{"name":"wp","href":"https:\/\/api.w.org\/{rel}","templated":true}]}}