{"id":3295,"date":"2021-11-26T10:05:39","date_gmt":"2021-11-26T09:05:39","guid":{"rendered":"https:\/\/beta.serbski-institut.de\/newsletter\/"},"modified":"2026-02-25T13:08:41","modified_gmt":"2026-02-25T12:08:41","slug":"newsletter","status":"publish","type":"page","link":"https:\/\/www.serbski-institut.de\/ns\/newsletter\/","title":{"rendered":"Wokolnik"},"content":{"rendered":"<h3>Aktualne wuda\u0107e<\/h3>\n<div class=\"alert alert-warning\">\n<p><strong>Hnydom online \u010dita\u0107<\/strong> \u2013 aktualne <strong><a href=\"https:\/\/www.serbski-institut.de\/?mailpoet_router&amp;endpoint=view_in_browser&amp;action=view&amp;data=WzY4LCI1MmRjZTlkN2MwNTEiLDAsMCwwLDFd\" target=\"_blank\" rel=\"noopener\">wuda\u0107e 1\/2025 wot 10.7.2025<\/a><\/strong><\/p>\n<p><em>Z na\u0161im Wokolnikom d\u00f3stanje\u0107e nowostki ze Serbskeho instituta direktnje z mejlku. Za to wupjel\u0144\u0107e pro\u0161u p\u0159izjewjenski formular (na tutej stronje dale deleka).<\/em><\/p>\n<\/div>\n<p>Aktualny Wokolnik informuje po zwu\u010denym wa\u0161nju wo <strong>nowinkach ze sorabistiskeho sl\u011bd\u017aenja<\/strong>, <strong>po\u010des\u0107enjach<\/strong>, nowych <strong>publikacijach<\/strong>, p\u0159ipow\u011bd\u017ai <strong>p\u0159ichodne zarjadowanja<\/strong> Serbskeho instituta a <strong>zhladuje<\/strong> na n\u011bkotre zarjadowanja <strong>wr\u00f3\u0107o<\/strong>. <strong>W<\/strong> swojim <strong>p\u0159eds\u0142owje<\/strong> <strong>zjima direktor<\/strong> Serskeho instituta nazornje d\u017a\u011b\u0142awos\u0107 instituta w poslednich m\u011bsacach, kotre\u017e so we Wokolniku wobjednawaja:<\/p>\n<blockquote><p><em>Ces\u0107one cytarki a cytarje,<\/em><\/p>\n<p><em>\u017a\u011b\u0142abnos\u0107 Serbskego instituta jo wjelebocna. W\u00f3na tw\u00f3ri a p\u00f3sr\u011bdnja stawnje nowu w\u011bdu \u2013 ju\u017eo p\u00f3gl\u011bd do\u00a0<a href=\"https:\/\/www.serbski-institut.de\/ns\/aktualne\/nowosci\/\" target=\"_blank\" rel=\"noopener\">rubriki nowos\u0107ow na na\u0161ej homepage<\/a>\u00a0za sl\u011bdne mjasece to\u00a0derje\u00a0ilustr\u011brujo: nowe projekty se wuwijaju a w nejl\u011bp\u0161em pa\u017ae z dodatnym financnym sp\u011bchowanim zachopjju (na p\u015b.\u00a0<a href=\"https:\/\/www.serbski-institut.de\/os\/projekte-kulturwissenschaften\/serbska-mlodzina-w-csr-1945-1950\/\" target=\"_blank\" rel=\"noopener\">projekt DFG k Warno\u0107a\u0144skej generaciji<\/a>,\u00a0<a href=\"https:\/\/www.serbski-institut.de\/small-worlds-of-football\/\" target=\"_blank\" rel=\"noopener\">kopa\u0144cowa konferenca<\/a>), digitalizacija \u0161yroko rozr\u011bdowanego serbskego kulturnego derbstwa se koncip\u011brujo a w\u00f3na stawnje p\u00f3stupujo (<a href=\"https:\/\/www.serbski-institut.de\/bericht-ike-workshop\/\" target=\"_blank\" rel=\"noopener\">Kak m\u00f3\u017eo\u0161 imaterielne kulturne derbstwo digitaliz\u011browa\u015b?<\/a>,\u00a0<a href=\"https:\/\/www.serbski-institut.de\/os\/delnjoserbska-publicistika\/\" target=\"_blank\" rel=\"noopener\">Dolnoserbska publicistika dopo\u0142nje digitalnje p\u015bistupna<\/a>,\u00a0<a href=\"https:\/\/www.serbski-institut.de\/os\/mjenowy-serwis-rozserjeny\/\" target=\"_blank\" rel=\"noopener\">Mjenjowy serwis roz\u0161yrjony<\/a>), nap\u0161awy za rewitalizaciju\u00a0se wuwijaju, p\u015bew\u00f3\u017auju a ewalu\u011bruju\u00a0(<a href=\"https:\/\/www.serbski-institut.de\/ns\/sroka-se-zachopijo\/\" target=\"_blank\" rel=\"noopener\">SROKA<\/a>). Konference m\u00f3gu horicont roz\u0161yri\u015b a su wa\u017ene za wum\u011bnu nazg\u00f3njenjow (<a href=\"https:\/\/www.serbski-institut.de\/ns\/konferenca-planowanje-recneje-rewitalizacije\/\" target=\"_blank\" rel=\"noopener\">europske mje\u0144\u0161ynowe r\u011bcy<\/a>,\u00a0<a href=\"https:\/\/www.serbski-institut.de\/os\/imaterielne-kulturne-herbstwo-trjeba-zetkawanja-wumena-unesco-w-chocebuzu-z-nowymi-impulsami\/\" target=\"_blank\" rel=\"noopener\">IKE-workshop\u00a0w\u00f3t UNESCO 5<\/a>,\u00a0<a href=\"https:\/\/www.serbski-institut.de\/os\/serbske-ziwjenske-rumy-w-digitalnej-dobje-transdisciplinarny-forum-zaberase-so-z-digitalnej-kulturu-serbow\/\" target=\"_blank\" rel=\"noopener\">Serbske \u017eywje\u0144ske sw\u011bty w digitalnem casu<\/a>). P\u015bi tom se teke \u017aiwa na zap\u015b\u011bgnjenje lu\u017ai z \u201ecommunity\u201c (<a href=\"https:\/\/www.serbski-institut.de\/os\/noc-bibliotekow-2025-impresije-a-mala-rozprawa\/\" target=\"_blank\" rel=\"noopener\">noc bibliotekow<\/a>,\u00a0<a href=\"https:\/\/www.serbski-institut.de\/os\/pytamy-listy-warnocanskich-sulerkow-a-sulerjow\/\" target=\"_blank\" rel=\"noopener\">pytanje \u201cWarno\u0107a\u0144skich\u201d listow<\/a>), njegl\u011bdajucy na wjeliku licbu p\u015bednoskow a p\u0161awid\u0142ownu wucbu na uniwersitach (<a href=\"https:\/\/www.serbski-institut.de\/os\/sorabistiska-wucba-na-btu-chocebuz-zly-komorow-europske-mjensiny-a-serbska-kultura-a-rec\/\" target=\"_blank\" rel=\"noopener\">Sorabistiske wucbne zar\u011bdowanje na BTU<\/a>). To\u015b m\u00f3\u017eo\u0161 se jano na\u017aeja\u015b, a\u017e se take bogatstwo idejow a energije hy\u0161\u0107i d\u0142ujko zd\u017aar\u017eyjo.<\/em><\/p>\n<p><em>prof. dr. Hauke Bartels<\/em><br \/>\n<em>direktor instituta<\/em><\/p><\/blockquote>\n<h2>P\u0159izjewjenje<\/h2>\n  \n  \n  <div class=\"\n    mailpoet_form_popup_overlay\n      \"><\/div>\n  <div\n    id=\"mailpoet_form_4\"\n    class=\"\n      mailpoet_form\n      mailpoet_form_shortcode\n      mailpoet_form_position_\n      mailpoet_form_animation_\n    \"\n      >\n\n    <style type=\"text\/css\">\n     #mailpoet_form_4 .mailpoet_form {  }\n#mailpoet_form_4 form { margin-bottom: 0; }\n#mailpoet_form_4 p.mailpoet_form_paragraph.last { margin-bottom: 10px; }\n#mailpoet_form_4 .mailpoet_column_with_background { padding: 10px; }\n#mailpoet_form_4 .mailpoet_form_column:not(:first-child) { margin-left: 20px; }\n#mailpoet_form_4 .mailpoet_paragraph { line-height: 20px; margin-bottom: 20px; }\n#mailpoet_form_4 .mailpoet_segment_label, #mailpoet_form_4 .mailpoet_text_label, #mailpoet_form_4 .mailpoet_textarea_label, #mailpoet_form_4 .mailpoet_select_label, #mailpoet_form_4 .mailpoet_radio_label, #mailpoet_form_4 .mailpoet_checkbox_label, #mailpoet_form_4 .mailpoet_list_label, #mailpoet_form_4 .mailpoet_date_label { display: block; font-weight: normal; }\n#mailpoet_form_4 .mailpoet_text, #mailpoet_form_4 .mailpoet_textarea, #mailpoet_form_4 .mailpoet_select, #mailpoet_form_4 .mailpoet_date_month, #mailpoet_form_4 .mailpoet_date_day, #mailpoet_form_4 .mailpoet_date_year, #mailpoet_form_4 .mailpoet_date { display: block; }\n#mailpoet_form_4 .mailpoet_text, #mailpoet_form_4 .mailpoet_textarea { width: 200px; }\n#mailpoet_form_4 .mailpoet_checkbox {  }\n#mailpoet_form_4 .mailpoet_submit {  }\n#mailpoet_form_4 .mailpoet_divider {  }\n#mailpoet_form_4 .mailpoet_message {  }\n#mailpoet_form_4 .mailpoet_form_loading { width: 30px; text-align: center; line-height: normal; }\n#mailpoet_form_4 .mailpoet_form_loading > span { width: 5px; height: 5px; background-color: #5b5b5b; }#mailpoet_form_4{border-radius: 2px;text-align: left;}#mailpoet_form_4 form.mailpoet_form {padding: 25px;}#mailpoet_form_4{width: 100%;}#mailpoet_form_4 .mailpoet_message {margin: 0; padding: 0 20px;}\n        #mailpoet_form_4 .mailpoet_validate_success {color: #006ab2}\n        #mailpoet_form_4 input.parsley-success {color: #006ab2}\n        #mailpoet_form_4 select.parsley-success {color: #006ab2}\n        #mailpoet_form_4 textarea.parsley-success {color: #006ab2}\n      \n        #mailpoet_form_4 .mailpoet_validate_error {color: #cf2e2e}\n        #mailpoet_form_4 input.parsley-error {color: #cf2e2e}\n        #mailpoet_form_4 select.parsley-error {color: #cf2e2e}\n        #mailpoet_form_4 textarea.textarea.parsley-error {color: #cf2e2e}\n        #mailpoet_form_4 .parsley-errors-list {color: #cf2e2e}\n        #mailpoet_form_4 .parsley-required {color: #cf2e2e}\n        #mailpoet_form_4 .parsley-custom-error-message {color: #cf2e2e}\n      #mailpoet_form_4 .mailpoet_paragraph.last {margin-bottom: 0} @media (max-width: 500px) {#mailpoet_form_4 {background-image: none;}} @media (min-width: 500px) {#mailpoet_form_4 .last .mailpoet_paragraph:last-child {margin-bottom: 0}}  @media (max-width: 500px) {#mailpoet_form_4 .mailpoet_form_column:last-child .mailpoet_paragraph:last-child {margin-bottom: 0}} \n    <\/style>\n\n    <form\n      target=\"_self\"\n      method=\"post\"\n      action=\"https:\/\/www.serbski-institut.de\/wp-admin\/admin-post.php?action=mailpoet_subscription_form\"\n      class=\"mailpoet_form mailpoet_form_form mailpoet_form_shortcode\"\n      novalidate\n      data-delay=\"\"\n      data-exit-intent-enabled=\"\"\n      data-font-family=\"\"\n      data-cookie-expiration-time=\"\"\n    >\n      <input type=\"hidden\" name=\"data[form_id]\" value=\"4\" \/>\n      <input type=\"hidden\" name=\"token\" value=\"4331b52768\" \/>\n      <input type=\"hidden\" name=\"api_version\" value=\"v1\" \/>\n      <input type=\"hidden\" name=\"endpoint\" value=\"subscribers\" \/>\n      <input type=\"hidden\" name=\"mailpoet_method\" value=\"subscribe\" \/>\n\n      <label class=\"mailpoet_hp_email_label\" style=\"display: none !important;\">Bitte dieses Feld leer lassen<input type=\"email\" name=\"data[email]\"\/><\/label><div class='mailpoet_form_columns_container'><div class=\"mailpoet_form_columns mailpoet_paragraph mailpoet_stack_on_mobile\"><div class=\"mailpoet_form_column\" style=\"flex-basis:100%;\"><\/div>\n<\/div><\/div>\n<p class=\"mailpoet_form_paragraph \" style=\"text-align: left\"><\/p>\n<div class='mailpoet_form_columns_container'><div class=\"mailpoet_form_columns mailpoet_paragraph mailpoet_stack_on_mobile\"><div class=\"mailpoet_form_column\" style=\"flex-basis:50%;\"><div class=\"mailpoet_paragraph \"><select\n      class=\"mailpoet_select\"\n      name=\"data[cf_5]\" style=\"padding:16px;margin: 0 auto 0 0;\"><option value=\"\" disabled selected hidden>nar\u011b\u0107<\/option><option value=\"---\" selected=\"selected\">---<\/option><option value=\"knjeni\">knjeni<\/option><option value=\"knje\u017ena\">knje\u017ena<\/option><option value=\"knjez\">knjez<\/option><\/select><span class=\"mailpoet_error_62ef8\"><\/span><\/div>\n<\/div>\n<div class=\"mailpoet_form_column\" style=\"flex-basis:50%;\"><\/div>\n<\/div><\/div>\n<div class='mailpoet_form_columns_container'><div class=\"mailpoet_form_columns mailpoet_paragraph mailpoet_stack_on_mobile\"><div class=\"mailpoet_form_column\" style=\"flex-basis:50%;\"><div class=\"mailpoet_paragraph \"><input type=\"text\" autocomplete=\"given-name\" class=\"mailpoet_text\" id=\"form_first_name_4\" name=\"data[form_field_MzU0MmU5OWQxYmI0X2ZpcnN0X25hbWU=]\" title=\"p\u0159edmjeno\" value=\"\" style=\"width:100%;box-sizing:border-box;padding:16px;margin: 0 auto 0 0;font-family:&#039;Montserrat&#039;;font-size:16px;line-height:1.5;height:auto;\" data-automation-id=\"form_first_name\"  placeholder=\"p\u0159edmjeno\" aria-label=\"p\u0159edmjeno\" data-parsley-errors-container=\".mailpoet_error_ogmj7\" data-parsley-names='[&quot;Bitte geben Sie einen g\u00fcltigen Namen an.&quot;,&quot;Adressen in Namen sind nicht erlaubt, bitte f\u00fcgen Sie stattdessen Ihren Namen hinzu.&quot;]'\/><span class=\"mailpoet_error_ogmj7\"><\/span><\/div>\n<\/div>\n<div class=\"mailpoet_form_column\" style=\"flex-basis:50%;\"><div class=\"mailpoet_paragraph \"><input type=\"text\" autocomplete=\"family-name\" class=\"mailpoet_text\" id=\"form_last_name_4\" name=\"data[form_field_ZjYyMjI2Zjc5MGMyX2xhc3RfbmFtZQ==]\" title=\"mjeno\" value=\"\" style=\"width:100%;box-sizing:border-box;padding:16px;margin: 0 auto 0 0;font-family:&#039;Montserrat&#039;;font-size:16px;line-height:1.5;height:auto;\" data-automation-id=\"form_last_name\"  placeholder=\"mjeno\" aria-label=\"mjeno\" data-parsley-errors-container=\".mailpoet_error_1p45z\" data-parsley-names='[&quot;Bitte geben Sie einen g\u00fcltigen Namen an.&quot;,&quot;Adressen in Namen sind nicht erlaubt, bitte f\u00fcgen Sie stattdessen Ihren Namen hinzu.&quot;]'\/><span class=\"mailpoet_error_1p45z\"><\/span><\/div>\n<\/div>\n<\/div><\/div>\n<div class=\"mailpoet_paragraph \"><input type=\"email\" autocomplete=\"email\" class=\"mailpoet_text\" id=\"form_email_4\" name=\"data[form_field_Zjk0OTg3ZGM1NDY1X2VtYWls]\" title=\"e-mailka\" value=\"\" style=\"width:100%;box-sizing:border-box;background-color:#ffffff;border-style:solid;border-radius:0px !important;border-width:1px;border-color:#313131;padding:16px;margin: 0 auto 0 0;font-family:&#039;Montserrat&#039;;font-size:16px;line-height:1.5;height:auto;\" data-automation-id=\"form_email\"  placeholder=\"e-mailka *\" aria-label=\"e-mailka *\" data-parsley-errors-container=\".mailpoet_error_q6oj9\" data-parsley-required=\"true\" required aria-required=\"true\" data-parsley-minlength=\"6\" data-parsley-maxlength=\"150\" data-parsley-type-message=\"This value should be a valid email.\" data-parsley-required-message=\"Dieses Feld wird ben\u00f6tigt.\"\/><span class=\"mailpoet_error_q6oj9\"><\/span><\/div>\n<p class=\"mailpoet_form_paragraph \" style=\"text-align: left\">P\u0161osym wubje\u0155\u015bo sebje r\u011bc Wokolnika!<\/p>\n<div class='mailpoet_form_columns_container'><div class=\"mailpoet_form_columns mailpoet_paragraph mailpoet_stack_on_mobile\"><div class=\"mailpoet_form_column\"><div class=\"mailpoet_paragraph \"><select\n      class=\"mailpoet_select\"\n      name=\"data[cf_2]\" style=\"padding:16px;margin: 0 auto 0 0;\"><option value=\"\" disabled selected hidden>r\u011bc wubra\u015b: *<\/option><option value=\"nimski\">nimski<\/option><option value=\"serbski\">serbski<\/option><\/select><span class=\"mailpoet_error_11woc\"><\/span><\/div>\n<\/div>\n<div class=\"mailpoet_form_column\"><\/div>\n<\/div><\/div>\n<div class=\"mailpoet_paragraph check_form\"><fieldset><input type=\"hidden\" value=\"1\"  name=\"data[cf_6]\" \/><label class=\"mailpoet_checkbox_label\" for=\"mailpoet_checkbox_1\" style=\"font-size: 16px;line-height: 1.2;\"><input type=\"checkbox\" class=\"mailpoet_checkbox\" id=\"mailpoet_checkbox_1\" name=\"data[cf_6]\" value=\"1\" data-parsley-errors-container=\".mailpoet_error_zikxw\" data-parsley-required=\"true\" required aria-required=\"true\" data-parsley-required-message=\"Dieses Feld wird ben\u00f6tigt.\" data-parsley-group=\"custom_field_6\" \/> Z mojim p\u0159izjewjenjom k personalizowanym wokolnikej p\u0159izwolu, zo so z mojich poda\u0107ow wu\u017eiwarski profil zestaji. W\u00f3n je tr\u011bbny, zo bychu so poskitki a informacije l\u011bpje na moje wosobinske zajimy wusm\u011bri\u0107 m\u00f3hli. P\u0159izwolenje m\u00f3\u017eu p\u0159eco wotwo\u0142a\u0107, na p\u0159ik\u0142ad tule abo pod linkom a k\u00f3ncu k\u00f3\u017edeho wokolnika. Wotzjewjenje wjed\u017ae k hasnjenju zb\u011branych <a href=\"https:\/\/www.serbski-institut.de\/datenschutz\/\" target=\"_blank\">wu\u017eiwarskich datow<\/a>.<\/label><\/fieldset><span class=\"mailpoet_error_zikxw\"><\/span><\/div>\n<div class='mailpoet_form_columns_container'><div class=\"mailpoet_form_columns mailpoet_paragraph mailpoet_stack_on_mobile\"><div class=\"mailpoet_form_column\"><div class=\"mailpoet_paragraph \"><input type=\"submit\" class=\"mailpoet_submit\" value=\"wotp\u00f3s\u0142a\u0107\" data-automation-id=\"subscribe-submit-button\" data-font-family='Montserrat' style=\"width:100%;box-sizing:border-box;background-color:#006ab2;border-style:solid;border-radius:2px !important;border-width:0px;border-color:#313131;padding:15px;margin: 0 auto 0 0;font-family:&#039;Montserrat&#039;;font-size:20px;line-height:1.5;height:auto;color:#ffffff;font-weight:bold;\" \/><span class=\"mailpoet_form_loading\"><span class=\"mailpoet_bounce1\"><\/span><span class=\"mailpoet_bounce2\"><\/span><span class=\"mailpoet_bounce3\"><\/span><\/span><\/div>\n<\/div>\n<div class=\"mailpoet_form_column\"><\/div>\n<\/div><\/div>\n<p class=\"mailpoet_form_paragraph  mailpoet-has-font-size\" style=\"text-align: left; font-size: 13px\"><\/p>\n<div class=\"mailpoet_paragraph \" style=\"font-size: 16px;line-height: 1.2;\">(* obligatoriske poda\u0107e)<\/div>\n\n      <div class=\"mailpoet_message\">\n        <p class=\"mailpoet_validate_success\"\n                style=\"display:none;\"\n                >P\u0161osym p\u015begl\u011bdaj\u015bo sw\u00f3j postowy ka\u0161\u0107ik abo spamowy zar\u011bdnik, aby abonement wobw\u011bs\u0107ili.\n        <\/p>\n        <p class=\"mailpoet_validate_error\"\n                style=\"display:none;\"\n                >        <\/p>\n      <\/div>\n    <\/form>\n\n      <\/div>\n\n  \n<h3>Archiw wokolnikow<\/h3>\n<p><a href=\"https:\/\/www.serbski-institut.de\/?mailpoet_router&amp;endpoint=view_in_browser&amp;action=view&amp;data=WzYxLCJiOWVkMWQ0ZDQ2NGUiLDAsMCwyMiwxXQ\" target=\"_blank\" rel=\"noopener\">wuda\u015be 2\/2024 w\u00f3t 3.7.2024<\/a><br \/>\n<a href=\"https:\/\/www.serbski-institut.de\/?mailpoet_router&amp;endpoint=view_in_browser&amp;action=view&amp;data=WzU2LCJlODA0OTZlNDlhZTkiLDAsMCwwLDFd\" target=\"_blank\" rel=\"noopener\">wuda\u015be 1\/2024 w\u00f3t 27.03.2024<\/a><br \/>\n<a href=\"https:\/\/www.serbski-institut.de\/?mailpoet_router&amp;endpoint=view_in_browser&amp;action=view&amp;data=WzUxLCI0ODc3YTM5YzNlNGMiLDAsMCwwLDFd\" target=\"_blank\" rel=\"noopener\">wuda\u015be 2\/2023 w\u00f3t 18.12.2023<\/a><br \/>\n<a href=\"https:\/\/www.serbski-institut.de\/?mailpoet_router&amp;endpoint=view_in_browser&amp;action=view&amp;data=WzMzLCI2Y2NmYjRhMTIxMDUiLDAsMCwxNSwxXQ\" target=\"_blank\" rel=\"noopener\">wuda\u015be 1\/2023 w\u00f3t 6.4.2023<\/a><br \/>\n<a href=\"https:\/\/www.serbski-institut.de\/?mailpoet_router&amp;endpoint=view_in_browser&amp;action=view&amp;data=WzMwLCI3M2UxZTlkN2JlMDUiLDAsMCwwLDFd\" target=\"_blank\" rel=\"noopener\">wuda\u015be 2\/2022 w\u00f3t 21.12.2022<\/a><br \/>\n<a href=\"https:\/\/www.serbski-institut.de\/?mailpoet_router&amp;endpoint=view_in_browser&amp;action=view&amp;data=WzI1LCIzMzg2MGQ4NDNhNGYiLDAsMCwwLDFd\" target=\"_blank\" rel=\"noopener\">wuda\u015be 1\/2022 w\u00f3t 22.09.2022<\/a><br \/>\n<a href=\"https:\/\/www.serbski-institut.de\/wp-content\/uploads\/2022\/03\/wokolnik_02_2021.pdf\" target=\"_blank\" rel=\"noopener\">wuda\u015be 2\/2021 w\u00f3t 21.12.2021<\/a><br \/>\n<a href=\"https:\/\/www.serbski-institut.de\/wp-content\/uploads\/2022\/03\/wokolnik_01_2021.pdf\" target=\"_blank\" rel=\"noopener\">wuda\u015be 1\/2021 w\u00f3t 07.09.2021<\/a><br \/>\n<a href=\"https:\/\/www.serbski-institut.de\/wp-content\/uploads\/2022\/03\/wokolnik_02_2020.pdf\" target=\"_blank\" rel=\"noopener\">wuda\u015be 2\/2020 w\u00f3t 18.12.2020<\/a><br \/>\n<a href=\"https:\/\/www.serbski-institut.de\/wp-content\/uploads\/2022\/03\/wokolnik_01_2020.pdf\" target=\"_blank\" rel=\"noopener\">wuda\u015be 1\/2020 w\u00f3t 03.07.2020<\/a><br \/>\n<a href=\"https:\/\/www.serbski-institut.de\/wp-content\/uploads\/2022\/03\/wokolnik_03_2019.pdf\" target=\"_blank\" rel=\"noopener\">wuda\u015be 3\/2019 w\u00f3t 17.12.2019<\/a><br \/>\n<a href=\"https:\/\/www.serbski-institut.de\/wp-content\/uploads\/2022\/03\/wokolnik_02_2019.pdf\" target=\"_blank\" rel=\"noopener\">wuda\u015be 2\/2019 w\u00f3t 04.09.2019<\/a><br \/>\n<a href=\"https:\/\/www.serbski-institut.de\/wp-content\/uploads\/2022\/03\/wokolnik_01_2019.pdf\" target=\"_blank\" rel=\"noopener\">wuda\u015be 1\/2019 w\u00f3t 17.04.2019<\/a><br \/>\n<a href=\"https:\/\/www.serbski-institut.de\/wp-content\/uploads\/2022\/03\/wokolnik_01_2018.pdf\" target=\"_blank\" rel=\"noopener\">wuda\u015be 1\/2018 w\u00f3t 18.12.2018<\/a><\/p>\n","protected":false},"excerpt":{"rendered":"<p>Aktualne wuda\u0107e Hnydom online \u010dita\u0107 \u2013 aktualne wuda\u0107e 1\/2025 wot 10.7.2025 Z na\u0161im Wokolnikom d\u00f3stanje\u0107e nowostki ze Serbskeho instituta direktnje z mejlku. Za to wupjel\u0144\u0107e pro\u0161u p\u0159izjewjenski formular (na tutej stronje dale deleka). Aktualny Wokolnik informuje po zwu\u010denym wa\u0161nju wo nowinkach ze sorabistiskeho sl\u011bd\u017aenja, po\u010des\u0107enjach, nowych publikacijach, p\u0159ipow\u011bd\u017ai p\u0159ichodne zarjadowanja Serbskeho instituta a zhladuje na [&hellip;]<\/p>\n","protected":false},"author":32,"featured_media":0,"parent":0,"menu_order":97,"comment_status":"closed","ping_status":"closed","template":"","meta":{"_acf_changed":false,"footnotes":""},"class_list":["post-3295","page","type-page","status-publish","hentry"],"acf":[],"_links":{"self":[{"href":"https:\/\/www.serbski-institut.de\/ns\/wp-json\/wp\/v2\/pages\/3295","targetHints":{"allow":["GET"]}}],"collection":[{"href":"https:\/\/www.serbski-institut.de\/ns\/wp-json\/wp\/v2\/pages"}],"about":[{"href":"https:\/\/www.serbski-institut.de\/ns\/wp-json\/wp\/v2\/types\/page"}],"author":[{"embeddable":true,"href":"https:\/\/www.serbski-institut.de\/ns\/wp-json\/wp\/v2\/users\/32"}],"replies":[{"embeddable":true,"href":"https:\/\/www.serbski-institut.de\/ns\/wp-json\/wp\/v2\/comments?post=3295"}],"version-history":[{"count":3,"href":"https:\/\/www.serbski-institut.de\/ns\/wp-json\/wp\/v2\/pages\/3295\/revisions"}],"predecessor-version":[{"id":251546,"href":"https:\/\/www.serbski-institut.de\/ns\/wp-json\/wp\/v2\/pages\/3295\/revisions\/251546"}],"wp:attachment":[{"href":"https:\/\/www.serbski-institut.de\/ns\/wp-json\/wp\/v2\/media?parent=3295"}],"curies":[{"name":"wp","href":"https:\/\/api.w.org\/{rel}","templated":true}]}}