{"id":3312,"date":"2021-11-26T10:16:57","date_gmt":"2021-11-26T09:16:57","guid":{"rendered":"https:\/\/beta.serbski-institut.de\/scit-datow\/"},"modified":"2026-01-14T10:37:13","modified_gmt":"2026-01-14T09:37:13","slug":"scit-datow","status":"publish","type":"page","link":"https:\/\/www.serbski-institut.de\/ns\/scit-datow\/","title":{"rendered":"\u0160\u0107it datow"},"content":{"rendered":"<p>P\u015bir. <a href=\"https:\/\/www.serbski-institut.de\/datenschutz\/\">nimskor\u011bcna wersija<\/a><\/p>\n","protected":false},"excerpt":{"rendered":"<p>P\u015bir. nimskor\u011bcna wersija<\/p>\n","protected":false},"author":32,"featured_media":0,"parent":0,"menu_order":102,"comment_status":"closed","ping_status":"closed","template":"","meta":{"_acf_changed":false,"footnotes":""},"class_list":["post-3312","page","type-page","status-publish","hentry"],"acf":[],"_links":{"self":[{"href":"https:\/\/www.serbski-institut.de\/ns\/wp-json\/wp\/v2\/pages\/3312","targetHints":{"allow":["GET"]}}],"collection":[{"href":"https:\/\/www.serbski-institut.de\/ns\/wp-json\/wp\/v2\/pages"}],"about":[{"href":"https:\/\/www.serbski-institut.de\/ns\/wp-json\/wp\/v2\/types\/page"}],"author":[{"embeddable":true,"href":"https:\/\/www.serbski-institut.de\/ns\/wp-json\/wp\/v2\/users\/32"}],"replies":[{"embeddable":true,"href":"https:\/\/www.serbski-institut.de\/ns\/wp-json\/wp\/v2\/comments?post=3312"}],"version-history":[{"count":3,"href":"https:\/\/www.serbski-institut.de\/ns\/wp-json\/wp\/v2\/pages\/3312\/revisions"}],"predecessor-version":[{"id":251538,"href":"https:\/\/www.serbski-institut.de\/ns\/wp-json\/wp\/v2\/pages\/3312\/revisions\/251538"}],"wp:attachment":[{"href":"https:\/\/www.serbski-institut.de\/ns\/wp-json\/wp\/v2\/media?parent=3312"}],"curies":[{"name":"wp","href":"https:\/\/api.w.org\/{rel}","templated":true}]}}