{"id":4418,"date":"2021-12-07T15:53:23","date_gmt":"2021-12-07T14:53:23","guid":{"rendered":"https:\/\/beta.serbski-institut.de\/dolnoserbska-ksescijanska-literatura-agendy-katechismus-pselozki-biblije-a-dr\/"},"modified":"2022-02-22T13:19:00","modified_gmt":"2022-02-22T12:19:00","slug":"dolnoserbska-ksescijanska-literatura-agendy-katechismus-pselozki-biblije-a-dr","status":"publish","type":"page","link":"https:\/\/www.serbski-institut.de\/ns\/serbska-centralna-biblioteka\/wirtuelna-cytarnja\/digitalizaty-rukopisow-z-wobstatkow-ska-na-sachsen-digital\/dolnoserbska-ksescijanska-literatura-agendy-katechismus-pselozki-biblije-a-dr\/","title":{"rendered":"Dolnoserbska k\u015bes\u0107ija\u0144ska literatura (agendy, katechismus, p\u015be\u0142o\u017eki biblije a dr.)"},"content":{"rendered":"","protected":false},"excerpt":{"rendered":"","protected":false},"author":32,"featured_media":0,"parent":5898,"menu_order":0,"comment_status":"closed","ping_status":"closed","template":"","meta":{"_acf_changed":false,"footnotes":""},"class_list":["post-4418","page","type-page","status-publish","hentry"],"acf":[],"_links":{"self":[{"href":"https:\/\/www.serbski-institut.de\/ns\/wp-json\/wp\/v2\/pages\/4418","targetHints":{"allow":["GET"]}}],"collection":[{"href":"https:\/\/www.serbski-institut.de\/ns\/wp-json\/wp\/v2\/pages"}],"about":[{"href":"https:\/\/www.serbski-institut.de\/ns\/wp-json\/wp\/v2\/types\/page"}],"author":[{"embeddable":true,"href":"https:\/\/www.serbski-institut.de\/ns\/wp-json\/wp\/v2\/users\/32"}],"replies":[{"embeddable":true,"href":"https:\/\/www.serbski-institut.de\/ns\/wp-json\/wp\/v2\/comments?post=4418"}],"version-history":[{"count":1,"href":"https:\/\/www.serbski-institut.de\/ns\/wp-json\/wp\/v2\/pages\/4418\/revisions"}],"predecessor-version":[{"id":6099,"href":"https:\/\/www.serbski-institut.de\/ns\/wp-json\/wp\/v2\/pages\/4418\/revisions\/6099"}],"up":[{"embeddable":true,"href":"https:\/\/www.serbski-institut.de\/ns\/wp-json\/wp\/v2\/pages\/5898"}],"wp:attachment":[{"href":"https:\/\/www.serbski-institut.de\/ns\/wp-json\/wp\/v2\/media?parent=4418"}],"curies":[{"name":"wp","href":"https:\/\/api.w.org\/{rel}","templated":true}]}}