{"id":4425,"date":"2021-12-07T16:31:11","date_gmt":"2021-12-07T15:31:11","guid":{"rendered":"https:\/\/beta.serbski-institut.de\/gornoserbska-ksescijanska-literatura-spiwarske-modlitwy-agendy-katechismus-a-dr\/"},"modified":"2022-02-22T13:22:13","modified_gmt":"2022-02-22T12:22:13","slug":"gornoserbska-ksescijanska-literatura-spiwarske-modlitwy-agendy-katechismus-a-dr","status":"publish","type":"page","link":"https:\/\/www.serbski-institut.de\/ns\/serbska-centralna-biblioteka\/wirtuelna-cytarnja\/digitalizaty-rukopisow-z-wobstatkow-ska-na-sachsen-digital\/gornoserbska-ksescijanska-literatura-spiwarske-modlitwy-agendy-katechismus-a-dr\/","title":{"rendered":"G\u00f3rnoserbska k\u015bes\u0107ija\u0144ska literatura (spiwarske, m\u00f3dlitwy, agendy, katechismus a dr.)"},"content":{"rendered":"","protected":false},"excerpt":{"rendered":"","protected":false},"author":32,"featured_media":0,"parent":5898,"menu_order":0,"comment_status":"closed","ping_status":"closed","template":"","meta":{"_acf_changed":false,"footnotes":""},"class_list":["post-4425","page","type-page","status-publish","hentry"],"acf":[],"_links":{"self":[{"href":"https:\/\/www.serbski-institut.de\/ns\/wp-json\/wp\/v2\/pages\/4425","targetHints":{"allow":["GET"]}}],"collection":[{"href":"https:\/\/www.serbski-institut.de\/ns\/wp-json\/wp\/v2\/pages"}],"about":[{"href":"https:\/\/www.serbski-institut.de\/ns\/wp-json\/wp\/v2\/types\/page"}],"author":[{"embeddable":true,"href":"https:\/\/www.serbski-institut.de\/ns\/wp-json\/wp\/v2\/users\/32"}],"replies":[{"embeddable":true,"href":"https:\/\/www.serbski-institut.de\/ns\/wp-json\/wp\/v2\/comments?post=4425"}],"version-history":[{"count":1,"href":"https:\/\/www.serbski-institut.de\/ns\/wp-json\/wp\/v2\/pages\/4425\/revisions"}],"predecessor-version":[{"id":6105,"href":"https:\/\/www.serbski-institut.de\/ns\/wp-json\/wp\/v2\/pages\/4425\/revisions\/6105"}],"up":[{"embeddable":true,"href":"https:\/\/www.serbski-institut.de\/ns\/wp-json\/wp\/v2\/pages\/5898"}],"wp:attachment":[{"href":"https:\/\/www.serbski-institut.de\/ns\/wp-json\/wp\/v2\/media?parent=4425"}],"curies":[{"name":"wp","href":"https:\/\/api.w.org\/{rel}","templated":true}]}}