{"id":4502,"date":"2021-12-08T14:34:32","date_gmt":"2021-12-08T13:34:32","guid":{"rendered":"https:\/\/beta.serbski-institut.de\/ludowedne-literariske-zberki-psislowa-pesni-a-dr\/"},"modified":"2022-02-22T13:25:39","modified_gmt":"2022-02-22T12:25:39","slug":"ludowedne-literariske-zberki-psislowa-pesni-a-dr","status":"publish","type":"page","link":"https:\/\/www.serbski-institut.de\/ns\/serbska-centralna-biblioteka\/wirtuelna-cytarnja\/digitalizaty-rukopisow-z-wobstatkow-ska-na-sachsen-digital\/ludowedne-literariske-zberki-psislowa-pesni-a-dr\/","title":{"rendered":"Ludow\u011bdne literariske zb\u011brki (p\u015bis\u0142owa, p\u011bsni a dr.)"},"content":{"rendered":"","protected":false},"excerpt":{"rendered":"","protected":false},"author":32,"featured_media":0,"parent":5898,"menu_order":0,"comment_status":"closed","ping_status":"closed","template":"","meta":{"_acf_changed":false,"footnotes":""},"class_list":["post-4502","page","type-page","status-publish","hentry"],"acf":[],"_links":{"self":[{"href":"https:\/\/www.serbski-institut.de\/ns\/wp-json\/wp\/v2\/pages\/4502","targetHints":{"allow":["GET"]}}],"collection":[{"href":"https:\/\/www.serbski-institut.de\/ns\/wp-json\/wp\/v2\/pages"}],"about":[{"href":"https:\/\/www.serbski-institut.de\/ns\/wp-json\/wp\/v2\/types\/page"}],"author":[{"embeddable":true,"href":"https:\/\/www.serbski-institut.de\/ns\/wp-json\/wp\/v2\/users\/32"}],"replies":[{"embeddable":true,"href":"https:\/\/www.serbski-institut.de\/ns\/wp-json\/wp\/v2\/comments?post=4502"}],"version-history":[{"count":1,"href":"https:\/\/www.serbski-institut.de\/ns\/wp-json\/wp\/v2\/pages\/4502\/revisions"}],"predecessor-version":[{"id":6110,"href":"https:\/\/www.serbski-institut.de\/ns\/wp-json\/wp\/v2\/pages\/4502\/revisions\/6110"}],"up":[{"embeddable":true,"href":"https:\/\/www.serbski-institut.de\/ns\/wp-json\/wp\/v2\/pages\/5898"}],"wp:attachment":[{"href":"https:\/\/www.serbski-institut.de\/ns\/wp-json\/wp\/v2\/media?parent=4502"}],"curies":[{"name":"wp","href":"https:\/\/api.w.org\/{rel}","templated":true}]}}