{"id":4593,"date":"2021-12-08T16:35:24","date_gmt":"2021-12-08T15:35:24","guid":{"rendered":"https:\/\/beta.serbski-institut.de\/biblioteka-archiw\/serbska-centralna-biblioteka\/"},"modified":"2026-03-23T13:40:10","modified_gmt":"2026-03-23T12:40:10","slug":"serbska-centralna-biblioteka","status":"publish","type":"page","link":"https:\/\/www.serbski-institut.de\/ns\/serbska-centralna-biblioteka\/","title":{"rendered":"Serbska centralna biblioteka"},"content":{"rendered":"<p>Za\u0142o\u017eona 1949. G\u0142owny nadawk: Zb\u011bra\u015b ce\u0142u literaturu w serbskej r\u011bcy, w\u00f3 Serbach a w\u00f3 G\u00f3rnej a Dolnej \u0141u\u017eycy. Serbska centralna biblioteka jo zrazom w\u011bdomnostna fachowa knig\u0142ownja Serbskego instituta a wobsej\u017ai p\u015bez wum\u011bnu z wukrajnymi bibliotekami nagl\u011bdny wobstatk slawistiskich a s\u0142owja\u0144skich knig\u0142ow a casopisow.<\/p>\n<p>Zak\u0142adny wobstatk biblioteki tw\u00f3ri zbytk knig\u0142ownje Ma\u015bice Serbskeje. To\u015b ten wobstatk historiskich knig\u0142ow jo se wudopo\u0142nja\u0142 p\u015bez nakup resp. darjenje priwatnych knig\u0142ownjow Oty Wi\u0107aza, Pawo\u0142a Neda, M\u011br\u0107ina Nowaka-Njechor\u0144skego a Jana Me\u0161kanka. Z casa za\u0142o\u017eenja w l\u011b\u015be 1958 p\u00f3dp\u011brujo Ludowe nak\u0142adnistwo Domowina z winowatos\u0107owymi eksemplarami p\u0161awid\u0142ownje Serbsku centralnu biblioteku.<\/p>\n<p>Ce\u0142kowna rozm\u011bra biblioteki: 110000 medijowych jadnotkow. Z togo 27000 casopismowych zw\u011bzkow; knig\u0142owe wuda\u015ba: 13000 w serb\u0161\u0107inoma, 25000 w s\u0142owja\u0144skich r\u011bcach.<\/p>\n<p>We <a href=\"https:\/\/www.serbski-institut.de\/bibliothek\/virtueller-lesesaal\/\">wirtuelnej cyta\u0155ni<\/a> su w\u0161ykne p\u00f3bitowanja Serbskego kulturnego archiwa a Serbskeje centralneje biblioteki na jadnom m\u011bstnje zgroma\u017aone.<\/p>\n<h2>W\u00f3tw\u00f3rje\u0144ski cas<\/h2>\n<p>w\u00f3t p\u00f3nje\u017aele do srjody: 9:00 \u2013 16:00<br \/>\nstw\u00f3rtk: 9:00 \u2013 18:00<br \/>\np\u011btk: zacynjone<\/p>\n<div class=\"alert alert-warning\">Zeleny stw\u00f3rtk, dnja 2. 4. 2026, bu\u017aotej biblioteka a archiw jano a\u017e do zeger 16 w\u00f3tw\u00f3rjonej.<br \/>\n\u017dycymy na\u0161ym cytarkam a cytarjam \u017eognowane jat\u0161y!<\/div>\n<h2>Kontakt<\/h2>\n<p>\u200ee-Mail: <a class=\"link_mail hover\" title=\"link k e-mailce &#x62;&#x69;&#98;l&#x69;&#x6f;&#x74;&#101;k&#x61;&#x2d;&#x61;&#114;c&#x68;&#x69;&#x77;&#64;s&#x65;&#x72;&#x62;&#115;k&#x69;&#x2d;&#x69;&#110;s&#x74;&#x69;&#x74;&#117;t&#x2e;&#x64;&#x65;\" href=\"ma&#105;&#108;&#116;&#x6f;&#x3a;&#x62;&#x69;bl&#105;&#111;&#116;&#x65;&#x6b;&#x61;&#x2d;ar&#99;&#104;&#105;&#x77;&#x40;&#x73;&#x65;rb&#115;&#107;&#105;&#x2d;&#x69;&#x6e;&#x73;ti&#116;&#117;&#116;&#x2e;&#x64;&#x65;\">bibl&#105;&#111;&#116;&#101;&#107;&#97;&#45;&#x61;&#x72;&#x63;&#x68;&#x69;&#x77;&#x40;&#x73;&#x65;rbsk&#105;&#45;&#105;&#110;&#115;&#116;&#105;&#x74;&#x75;&#x74;&#x2e;&#x64;&#x65;<\/a><\/p>\n","protected":false},"excerpt":{"rendered":"<p>Za\u0142o\u017eona 1949. G\u0142owny nadawk: Zb\u011bra\u015b ce\u0142u literaturu w serbskej r\u011bcy, w\u00f3 Serbach a w\u00f3 G\u00f3rnej a Dolnej \u0141u\u017eycy. Serbska centralna biblioteka jo zrazom w\u011bdomnostna fachowa knig\u0142ownja Serbskego instituta a wobsej\u017ai p\u015bez wum\u011bnu z wukrajnymi bibliotekami nagl\u011bdny wobstatk slawistiskich a s\u0142owja\u0144skich knig\u0142ow a casopisow. Zak\u0142adny wobstatk biblioteki tw\u00f3ri zbytk knig\u0142ownje Ma\u015bice Serbskeje. To\u015b ten wobstatk historiskich [&hellip;]<\/p>\n","protected":false},"author":32,"featured_media":7658,"parent":0,"menu_order":9,"comment_status":"closed","ping_status":"closed","template":"","meta":{"_acf_changed":false,"footnotes":""},"class_list":["post-4593","page","type-page","status-publish","has-post-thumbnail","hentry"],"acf":[],"_links":{"self":[{"href":"https:\/\/www.serbski-institut.de\/ns\/wp-json\/wp\/v2\/pages\/4593","targetHints":{"allow":["GET"]}}],"collection":[{"href":"https:\/\/www.serbski-institut.de\/ns\/wp-json\/wp\/v2\/pages"}],"about":[{"href":"https:\/\/www.serbski-institut.de\/ns\/wp-json\/wp\/v2\/types\/page"}],"author":[{"embeddable":true,"href":"https:\/\/www.serbski-institut.de\/ns\/wp-json\/wp\/v2\/users\/32"}],"replies":[{"embeddable":true,"href":"https:\/\/www.serbski-institut.de\/ns\/wp-json\/wp\/v2\/comments?post=4593"}],"version-history":[{"count":3,"href":"https:\/\/www.serbski-institut.de\/ns\/wp-json\/wp\/v2\/pages\/4593\/revisions"}],"predecessor-version":[{"id":252275,"href":"https:\/\/www.serbski-institut.de\/ns\/wp-json\/wp\/v2\/pages\/4593\/revisions\/252275"}],"wp:featuredmedia":[{"embeddable":true,"href":"https:\/\/www.serbski-institut.de\/ns\/wp-json\/wp\/v2\/media\/7658"}],"wp:attachment":[{"href":"https:\/\/www.serbski-institut.de\/ns\/wp-json\/wp\/v2\/media?parent=4593"}],"curies":[{"name":"wp","href":"https:\/\/api.w.org\/{rel}","templated":true}]}}