{"id":4624,"date":"2021-12-08T18:37:27","date_gmt":"2021-12-08T17:37:27","guid":{"rendered":"https:\/\/beta.serbski-institut.de\/psirodowedne-slowniki-michala-rostoka\/"},"modified":"2022-02-22T13:17:44","modified_gmt":"2022-02-22T12:17:44","slug":"psirodowedne-slowniki-michala-rostoka","status":"publish","type":"page","link":"https:\/\/www.serbski-institut.de\/ns\/serbska-centralna-biblioteka\/wirtuelna-cytarnja\/digitalizaty-rukopisow-z-wobstatkow-ska-na-sachsen-digital\/psirodowedne-slowniki-michala-rostoka\/","title":{"rendered":"P\u015birodow\u011bdne s\u0142owniki Micha\u0142a Rostoka"},"content":{"rendered":"","protected":false},"excerpt":{"rendered":"","protected":false},"author":32,"featured_media":0,"parent":5898,"menu_order":0,"comment_status":"closed","ping_status":"closed","template":"","meta":{"_acf_changed":false,"footnotes":""},"class_list":["post-4624","page","type-page","status-publish","hentry"],"acf":[],"_links":{"self":[{"href":"https:\/\/www.serbski-institut.de\/ns\/wp-json\/wp\/v2\/pages\/4624","targetHints":{"allow":["GET"]}}],"collection":[{"href":"https:\/\/www.serbski-institut.de\/ns\/wp-json\/wp\/v2\/pages"}],"about":[{"href":"https:\/\/www.serbski-institut.de\/ns\/wp-json\/wp\/v2\/types\/page"}],"author":[{"embeddable":true,"href":"https:\/\/www.serbski-institut.de\/ns\/wp-json\/wp\/v2\/users\/32"}],"replies":[{"embeddable":true,"href":"https:\/\/www.serbski-institut.de\/ns\/wp-json\/wp\/v2\/comments?post=4624"}],"version-history":[{"count":1,"href":"https:\/\/www.serbski-institut.de\/ns\/wp-json\/wp\/v2\/pages\/4624\/revisions"}],"predecessor-version":[{"id":6144,"href":"https:\/\/www.serbski-institut.de\/ns\/wp-json\/wp\/v2\/pages\/4624\/revisions\/6144"}],"up":[{"embeddable":true,"href":"https:\/\/www.serbski-institut.de\/ns\/wp-json\/wp\/v2\/pages\/5898"}],"wp:attachment":[{"href":"https:\/\/www.serbski-institut.de\/ns\/wp-json\/wp\/v2\/media?parent=4624"}],"curies":[{"name":"wp","href":"https:\/\/api.w.org\/{rel}","templated":true}]}}