{"id":5808,"date":"2022-01-31T16:38:25","date_gmt":"2022-01-31T15:38:25","guid":{"rendered":"https:\/\/beta.serbski-institut.de\/slezenje\/regionalentwicklung-und-minderheitenschutz\/"},"modified":"2025-08-29T10:17:37","modified_gmt":"2025-08-29T08:17:37","slug":"regionalentwicklung-und-minderheitenschutz","status":"publish","type":"page","link":"https:\/\/www.serbski-institut.de\/ns\/slezenje\/regionalentwicklung-und-minderheitenschutz\/","title":{"rendered":"Regionalne wuwi\u015be a mje\u0144\u0161ynowy \u0161\u0107it"},"content":{"rendered":"<p>W\u00f3t\u017a\u011blenje za <a href=\"https:\/\/www.serbski-institut.de\/neue-forschungsabteilung-fuer-regionalentwicklung-und-minderheitenschutz-nimmt-arbeit-auf\/\">regionalne wuwi\u015be a mje\u0144\u0161ynowy \u0161\u0107it<\/a> tematiz\u011brujo serbske \u017eywjenje z p\u00f3\u015b\u011bgom na p\u015bibytnos\u0107 w procesu towari\u0161nostnych zm\u011bnow. W\u00f3no p\u015bepytujo wustatkowanje tych zm\u011bnow na serbsku mje\u0144\u0161ynu, p\u015bew\u00f3\u017aujo a p\u00f3dp\u011brujo serbske strategije za p\u015bim\u011brjenje. \u0179\u011b\u0142o w\u00f3t\u017a\u011blenja za regionalne wuwi\u015be a mje\u0144\u0161ynowy \u0161\u0107it p\u00f3\u015b\u011bgujo se stakim na politiku a jadnanje.<\/p>\n<p>W\u00f3t\u017a\u011blenje se koncentr\u011brujo p\u015bedew\u0161ym na dwa \u017a\u011b\u0142owej wobce\u0155ka: rewitalizaciju serbskeje r\u011bcy a walorizaciju serbskeje kultury. Jogo sobu\u017a\u011b\u0142a\u015berje \u017a\u011b\u0142aju wusko ze w\u0161yknymi wa\u017enymi zajmowymi kupkami a lokalnymi akterami groma\u017ae. K tomu organiz\u011bruju z nimi wob\u017a\u011ble\u0144ske procese a p\u00f3dp\u011bruju je ze sw\u00f3jskimi sl\u011b\u017aenjami. Wa\u017eny wobstatk jich \u017a\u011b\u0142a jo mimo togo systematiske a wob\u0161yrne, mjazynarodnje p\u015birownujuce mje\u0144\u0161ynowe sl\u011b\u017aenje. Jo rownocasnje cel, w\u00f3t mjazynarodnych nazg\u00f3njenjow wuknu\u015b, ako teke w\u011bcej ako don\u011bnta ze sw\u00f3jim sl\u011b\u017aenim k mjazynarodnemu mje\u0144\u0161ynowemu sl\u011b\u017aenju p\u015binosowa\u015b.<\/p>\n<p>P\u015bez wuraznu orientaciju na na\u0142o\u017eowanje jo metodiske \u015b\u011b\u017ey\u0161\u0107o monitoring a ewaluacija nap\u0161awow za sp\u011bchowanje serbskeje kultury a r\u011bcy. Z tym zm\u00f3cnijo Serbski institut sw\u00f3ju kompetencu za na ewidency baz\u011brujuce p\u00f3ra\u017aowanje politiki.<\/p>\n<p>P\u0161a\u0161anja w\u00f3t\u017a\u011blenja za regionalne wuwi\u015be a mje\u0144\u0161ynowy \u0161\u0107it nastupaju wjelerake p\u0161awniske, planowa\u0144ske, g\u00f3spoda\u0155ske, kub\u0142a\u0144ske a dal\u0161ne aspekty, k\u00f3tare\u017e njam\u00f3gu se w\u0161ykne na Serbskem institu\u015be wob\u017a\u011b\u0142a\u015b. Togodla s\u0142u\u0161a k nadawkam w\u00f3t\u017a\u011b\u0142enja, zgromadne \u017a\u011b\u0142o z w\u011bdomnostnymi institucijami w regionje ako teke narodne a mjazynarodne zw\u011bzanje do se\u015bi dalej wuwija\u015b.<\/p>\n<p>Za\u0142o\u017eenje w\u00f3t\u017a\u011blenja jo jaden w\u00f3t \u0161es\u0107 ju\u017eo p\u00f3stajonych serbskich projektow w Bramborskej ze sp\u011bchowa\u0144skego programa Zw\u011bzka \u201eSerbska r\u011bc a kultura w strukturnej zm\u011bnje\u201c (p\u015bir. <a href=\"https:\/\/www.serbski-institut.de\/19-millionen-euro-fuer-sorbische-wendische-projekte-sorbisches-institut-setzt-zwei-der-sechs-gefoerderten-vorhaben-um\/\">medijowu informaciju MWFK\/SI w\u00f3t 16.7.2021<\/a>).<\/p>\n<p><em>Projekt sp\u011bchujo Za\u0142o\u017eba za serbski lud ze sr\u011bdkow Zw\u011bzkowego minista\u0155stwa za nut\u015bikowne na zak\u0142a\u017ae wobzamknjenja Nimskego Zw\u011bzkowego sejma.<\/em><\/p>\n","protected":false},"excerpt":{"rendered":"<p>W\u00f3t\u017a\u011blenje za regionalne wuwi\u015be a mje\u0144\u0161ynowy \u0161\u0107it tematiz\u011brujo serbske \u017eywjenje z p\u00f3\u015b\u011bgom na p\u015bibytnos\u0107 w procesu towari\u0161nostnych zm\u011bnow. W\u00f3no p\u015bepytujo wustatkowanje tych zm\u011bnow na serbsku mje\u0144\u0161ynu, p\u015bew\u00f3\u017aujo a p\u00f3dp\u011brujo serbske strategije za p\u015bim\u011brjenje. \u0179\u011b\u0142o w\u00f3t\u017a\u011blenja za regionalne wuwi\u015be a mje\u0144\u0161ynowy \u0161\u0107it p\u00f3\u015b\u011bgujo se stakim na politiku a jadnanje. W\u00f3t\u017a\u011blenje se koncentr\u011brujo p\u015bedew\u0161ym na dwa \u017a\u011b\u0142owej [&hellip;]<\/p>\n","protected":false},"author":32,"featured_media":0,"parent":3047,"menu_order":5,"comment_status":"closed","ping_status":"closed","template":"","meta":{"_acf_changed":false,"footnotes":""},"class_list":["post-5808","page","type-page","status-publish","hentry"],"acf":[],"_links":{"self":[{"href":"https:\/\/www.serbski-institut.de\/ns\/wp-json\/wp\/v2\/pages\/5808","targetHints":{"allow":["GET"]}}],"collection":[{"href":"https:\/\/www.serbski-institut.de\/ns\/wp-json\/wp\/v2\/pages"}],"about":[{"href":"https:\/\/www.serbski-institut.de\/ns\/wp-json\/wp\/v2\/types\/page"}],"author":[{"embeddable":true,"href":"https:\/\/www.serbski-institut.de\/ns\/wp-json\/wp\/v2\/users\/32"}],"replies":[{"embeddable":true,"href":"https:\/\/www.serbski-institut.de\/ns\/wp-json\/wp\/v2\/comments?post=5808"}],"version-history":[{"count":39,"href":"https:\/\/www.serbski-institut.de\/ns\/wp-json\/wp\/v2\/pages\/5808\/revisions"}],"predecessor-version":[{"id":249208,"href":"https:\/\/www.serbski-institut.de\/ns\/wp-json\/wp\/v2\/pages\/5808\/revisions\/249208"}],"up":[{"embeddable":true,"href":"https:\/\/www.serbski-institut.de\/ns\/wp-json\/wp\/v2\/pages\/3047"}],"wp:attachment":[{"href":"https:\/\/www.serbski-institut.de\/ns\/wp-json\/wp\/v2\/media?parent=5808"}],"curies":[{"name":"wp","href":"https:\/\/api.w.org\/{rel}","templated":true}]}}