{"id":5836,"date":"2022-01-31T17:45:56","date_gmt":"2022-01-31T16:45:56","guid":{"rendered":"https:\/\/beta.serbski-institut.de\/serbski-kulturny-archiw\/wobstatki-serbskego-kulturnego-archiwa\/"},"modified":"2022-03-11T15:12:27","modified_gmt":"2022-03-11T14:12:27","slug":"wobstatki-serbskego-kulturnego-archiwa","status":"publish","type":"page","link":"https:\/\/www.serbski-institut.de\/ns\/serbska-centralna-biblioteka\/wirtuelna-cytarnja\/wobstatki-serbskego-kulturnego-archiwa\/","title":{"rendered":"Wobstatki Serbskego kulturnego archiwa"},"content":{"rendered":"<p>w nimskej r\u011bcy<\/p>\n<ul>\n<li><a title=\"Historiske wobstatki (Archiw Ma\u0107icy Serbskeje MS, MZb)\" href=\"https:\/\/www.serbski-institut.de\/bibliothek\/virtueller-lesesaal\/bestand\/historische-bestaende-archiv-der-macica-serbska-ms-mzb\/\">Historiske wobstatki (Archiw Ma\u0107icy Serbskeje MS, MZb)<\/a><\/li>\n<li><a href=\"https:\/\/www.serbski-institut.de\/bibliothek\/virtueller-lesesaal\/bestand\/nachlaesse-nachlass-splitter-und-personenbezogene-inventare\/\">Zaw\u00f3staje\u0144stwa, fragmenty zaw\u00f3staje\u0144stwow a w\u00f3sobowe inwentary<\/a><\/li>\n<li>Wobstatk \u201eInstitut za serbski ludospyt\u201c 1951-1990 (ISL)<\/li>\n<li>Wobstatk \u201eDomowina\u201c 1912-1989<\/li>\n<li><a href=\"https:\/\/www.serbski-institut.de\/bibliothek\/virtueller-lesesaal\/bestand\/sorbische-institutionen\/\">Serbske institucije (SI)<\/a><\/li>\n<li><a href=\"https:\/\/www.serbski-institut.de\/bibliothek\/virtueller-lesesaal\/bestand\/neuzugaenge\/\">Nowe wobstatki<\/a><\/li>\n<li><a title=\"Wobstatki w SKA k hud\u017abnej kulturje po 1945\u201c\" href=\"https:\/\/www.serbski-institut.de\/bibliothek\/virtueller-lesesaal\/bestand\/bestaende-im-ska-zur-musikkultur-nach-1945\/\">Wobstatki w SKA k hud\u017abnej kulturje po 1945<\/a><\/li>\n<\/ul>\n","protected":false},"excerpt":{"rendered":"<p>w nimskej r\u011bcy Historiske wobstatki (Archiw Ma\u0107icy Serbskeje MS, MZb) Zaw\u00f3staje\u0144stwa, fragmenty zaw\u00f3staje\u0144stwow a w\u00f3sobowe inwentary Wobstatk \u201eInstitut za serbski ludospyt\u201c 1951-1990 (ISL) Wobstatk \u201eDomowina\u201c 1912-1989 Serbske institucije (SI) Nowe wobstatki Wobstatki w SKA k hud\u017abnej kulturje po 1945<\/p>\n","protected":false},"author":32,"featured_media":0,"parent":5854,"menu_order":0,"comment_status":"closed","ping_status":"closed","template":"","meta":{"_acf_changed":false,"footnotes":""},"class_list":["post-5836","page","type-page","status-publish","hentry"],"acf":[],"_links":{"self":[{"href":"https:\/\/www.serbski-institut.de\/ns\/wp-json\/wp\/v2\/pages\/5836","targetHints":{"allow":["GET"]}}],"collection":[{"href":"https:\/\/www.serbski-institut.de\/ns\/wp-json\/wp\/v2\/pages"}],"about":[{"href":"https:\/\/www.serbski-institut.de\/ns\/wp-json\/wp\/v2\/types\/page"}],"author":[{"embeddable":true,"href":"https:\/\/www.serbski-institut.de\/ns\/wp-json\/wp\/v2\/users\/32"}],"replies":[{"embeddable":true,"href":"https:\/\/www.serbski-institut.de\/ns\/wp-json\/wp\/v2\/comments?post=5836"}],"version-history":[{"count":2,"href":"https:\/\/www.serbski-institut.de\/ns\/wp-json\/wp\/v2\/pages\/5836\/revisions"}],"predecessor-version":[{"id":7511,"href":"https:\/\/www.serbski-institut.de\/ns\/wp-json\/wp\/v2\/pages\/5836\/revisions\/7511"}],"up":[{"embeddable":true,"href":"https:\/\/www.serbski-institut.de\/ns\/wp-json\/wp\/v2\/pages\/5854"}],"wp:attachment":[{"href":"https:\/\/www.serbski-institut.de\/ns\/wp-json\/wp\/v2\/media?parent=5836"}],"curies":[{"name":"wp","href":"https:\/\/api.w.org\/{rel}","templated":true}]}}