{"id":5883,"date":"2022-02-01T15:27:08","date_gmt":"2022-02-01T14:27:08","guid":{"rendered":"https:\/\/beta.serbski-institut.de\/slezenje\/konference\/"},"modified":"2022-03-16T10:10:54","modified_gmt":"2022-03-16T09:10:54","slug":"konference","status":"publish","type":"page","link":"https:\/\/www.serbski-institut.de\/ns\/slezenje\/konference\/","title":{"rendered":"Konference"},"content":{"rendered":"<p>How p\u00f3bitujomy p\u015begl\u011bd w\u00f3 zaj\u017aonych zej\u017aenjach Serbskego instituta. Planowane zej\u017aenja namakajo\u015bo w na\u0161om <a href=\"https:\/\/www.serbski-institut.de\/aktuelles\/veranstaltungen\/\">p\u015begl\u011b\u017ae zar\u011bdowanjow<\/a>.<\/p>\n","protected":false},"excerpt":{"rendered":"<p>How p\u00f3bitujomy p\u015begl\u011bd w\u00f3 zaj\u017aonych zej\u017aenjach Serbskego instituta. Planowane zej\u017aenja namakajo\u015bo w na\u0161om p\u015begl\u011b\u017ae zar\u011bdowanjow.<\/p>\n","protected":false},"author":32,"featured_media":0,"parent":3047,"menu_order":13,"comment_status":"closed","ping_status":"closed","template":"archive-tagungen.php","meta":{"_acf_changed":false,"footnotes":""},"class_list":["post-5883","page","type-page","status-publish","hentry"],"acf":[],"_links":{"self":[{"href":"https:\/\/www.serbski-institut.de\/ns\/wp-json\/wp\/v2\/pages\/5883","targetHints":{"allow":["GET"]}}],"collection":[{"href":"https:\/\/www.serbski-institut.de\/ns\/wp-json\/wp\/v2\/pages"}],"about":[{"href":"https:\/\/www.serbski-institut.de\/ns\/wp-json\/wp\/v2\/types\/page"}],"author":[{"embeddable":true,"href":"https:\/\/www.serbski-institut.de\/ns\/wp-json\/wp\/v2\/users\/32"}],"replies":[{"embeddable":true,"href":"https:\/\/www.serbski-institut.de\/ns\/wp-json\/wp\/v2\/comments?post=5883"}],"version-history":[{"count":2,"href":"https:\/\/www.serbski-institut.de\/ns\/wp-json\/wp\/v2\/pages\/5883\/revisions"}],"predecessor-version":[{"id":11784,"href":"https:\/\/www.serbski-institut.de\/ns\/wp-json\/wp\/v2\/pages\/5883\/revisions\/11784"}],"up":[{"embeddable":true,"href":"https:\/\/www.serbski-institut.de\/ns\/wp-json\/wp\/v2\/pages\/3047"}],"wp:attachment":[{"href":"https:\/\/www.serbski-institut.de\/ns\/wp-json\/wp\/v2\/media?parent=5883"}],"curies":[{"name":"wp","href":"https:\/\/api.w.org\/{rel}","templated":true}]}}