{"id":5898,"date":"2022-02-01T16:56:30","date_gmt":"2022-02-01T15:56:30","guid":{"rendered":"https:\/\/beta.serbski-institut.de\/serbski-kulturny-archiw\/digitalizaty-rukopisow-z-wobstatkow-ska-na-sachsen-digital\/"},"modified":"2024-01-09T14:46:17","modified_gmt":"2024-01-09T13:46:17","slug":"digitalizaty-rukopisow-z-wobstatkow-ska-na-sachsen-digital","status":"publish","type":"page","link":"https:\/\/www.serbski-institut.de\/ns\/serbska-centralna-biblioteka\/wirtuelna-cytarnja\/digitalizaty-rukopisow-z-wobstatkow-ska-na-sachsen-digital\/","title":{"rendered":"Digitalizaty rukopisow z wobstatkow SKA na Sachsen.digital"},"content":{"rendered":"<p>Digitalizaty historiskich rukopisow z wobstatka Serbskego kulturnego archiwa porucyjo se how tematiski r\u011bdowane. W\u0161ykne digitalizaty su w l. 2016 w Saksojskem krajnem digitalizaciskem programje nastali.<\/p>\n<h2>k\u015bes\u0107ija\u0144ska literatura<\/h2>\n<ul>\n<li><a class=\"link_in\" title=\"Lokaler Link Niedersorbische Kirchen-Gesangb\u00fccher\" href=\"https:\/\/www.serbski-institut.de\/bibliothek\/virtueller-lesesaal\/handschriften-als-digitalisat\/niedersorbische-kirchen-gesangbuecher\/\">dolnoserbske spiwarske<\/a><\/li>\n<li><a href=\"https:\/\/www.serbski-institut.de\/bibliothek\/virtueller-lesesaal\/handschriften-als-digitalisat\/niedersorbische-christliche-literatur-gottesdienst-agenden-katechismus-bibel-uebersetzungen-u-ae\/\">dolnoserbska k\u015bes\u0107ija\u0144ska literatura (agendy, katechismus, p\u015be\u0142o\u017eki biblije a dr.)<\/a><\/li>\n<li><a href=\"https:\/\/www.serbski-institut.de\/bibliothek\/virtueller-lesesaal\/handschriften-als-digitalisat\/obersorbische-christliche-literatur-gesangbuecher-gebetsammlungen-gottesdienst-agenden-katechismus-u-ae\/\">g\u00f3rnoserbska k\u015bes\u0107ija\u0144ska literatura (spiwarske, m\u00f3dlitwy, agendy, katechismus a dr.)<\/a><\/li>\n<\/ul>\n<h2>kulturnohistoriske zb\u011brki a spisy<\/h2>\n<ul>\n<li><a href=\"https:\/\/www.serbski-institut.de\/bibliothek\/virtueller-lesesaal\/handschriften-als-digitalisat\/volkskundlich-literarische-sammlungen-sprichwoerter-lieder-gedichte-u-ae\/\">ludow\u011bdne literariske zb\u011brki (p\u015bis\u0142owa, p\u011bsni a dr.)<\/a><\/li>\n<li><a href=\"https:\/\/www.serbski-institut.de\/bibliothek\/virtueller-lesesaal\/handschriften-als-digitalisat\/serbska-nowina-handschriftliche-zeitung-der-sorbischen-studenten-in-leipzig-sammlung-zur-volkskunde-und-literatur\/\">&#8220;Serbska Nowina&#8221; \u2013 rukopisna nowina serbskich studentow w Lipsku (zb\u011brka ludow\u011bdnych a literarnych tekstow)<\/a><\/li>\n<li><a href=\"https:\/\/www.serbski-institut.de\/bibliothek\/virtueller-lesesaal\/handschriften-als-digitalisat\/kwetki-jahresschrift-des-vereins-sorbischer-theologiestudenten-in-prag-serbowka-1892-1925\/\">&#8220;Serbowka&#8221; \u2013 L\u011btny spis towarstwa serbskich studowacych teologije \/ serbskich studowacych w Praze (1892-1925)<\/a><\/li>\n<li><a href=\"https:\/\/www.serbski-institut.de\/bibliothek\/virtueller-lesesaal\/handschriften-als-digitalisat\/schriften-von-hanzo-nepila-und-hanzo-koncan-aus-rohne\/\">spisy Hanza Nepile a Hanza Ko\u0144cana z Rownego<\/a><\/li>\n<li><a href=\"https:\/\/www.serbski-institut.de\/bibliothek\/virtueller-lesesaal\/handschriften-als-digitalisat\/quellentexte-zur-geschichte-bautzener-stadtbrand-ponich-pannach-gorjenow-komptendorf\/\">historiske spisy k stawiznam (woge\u0144 w Budy\u0161ynje, Ponich, Gorjenow)<\/a><\/li>\n<\/ul>\n<h2>historiske r\u011bcespytne spisy<\/h2>\n<ul>\n<li><a href=\"https:\/\/www.serbski-institut.de\/bibliothek\/virtueller-lesesaal\/handschriften-als-digitalisat\/niedersorbische-woerterbuecher-und-grammatiken\/\">dolnoserbske s\u0142owniki a gramatiki<\/a><\/li>\n<li><a href=\"https:\/\/www.serbski-institut.de\/bibliothek\/virtueller-lesesaal\/handschriften-als-digitalisat\/obersorbisch-deutsche-woerterbuecher\/\">g\u00f3rnoserbsko-nimske s\u0142owniki<\/a><\/li>\n<li><a href=\"https:\/\/www.serbski-institut.de\/bibliothek\/virtueller-lesesaal\/handschriften-als-digitalisat\/deutsch-obersorbische-woerterbuecher\/\">nimsko-g\u00f3rnoserbske s\u0142owniki<\/a><\/li>\n<li><a href=\"https:\/\/www.serbski-institut.de\/bibliothek\/virtueller-lesesaal\/handschriften-als-digitalisat\/obersorbische-grammatiken\/\">g\u00f3rnoserbske gramatiki<\/a><\/li>\n<li><a href=\"https:\/\/www.serbski-institut.de\/bibliothek\/virtueller-lesesaal\/handschriften-als-digitalisat\/obersorbische-thematische-woerterverzeichnisse-und-sprachkritik\/\">g\u00f3rnoserbske tematiske s\u0142owne zb\u011brki a r\u011bcna kritika<\/a><\/li>\n<li><a href=\"https:\/\/www.serbski-institut.de\/bibliothek\/virtueller-lesesaal\/handschriften-als-digitalisat\/naturkundliche-woerterbuecher-von-michal-rostok\/\">p\u015birodow\u011bdne s\u0142owniki Micha\u0142a Rostoka<\/a><\/li>\n<\/ul>\n","protected":false},"excerpt":{"rendered":"<p>Digitalizaty historiskich rukopisow z wobstatka Serbskego kulturnego archiwa porucyjo se how tematiski r\u011bdowane. W\u0161ykne digitalizaty su w l. 2016 w Saksojskem krajnem digitalizaciskem programje nastali. k\u015bes\u0107ija\u0144ska literatura dolnoserbske spiwarske dolnoserbska k\u015bes\u0107ija\u0144ska literatura (agendy, katechismus, p\u015be\u0142o\u017eki biblije a dr.) g\u00f3rnoserbska k\u015bes\u0107ija\u0144ska literatura (spiwarske, m\u00f3dlitwy, agendy, katechismus a dr.) kulturnohistoriske zb\u011brki a spisy ludow\u011bdne literariske zb\u011brki (p\u015bis\u0142owa, [&hellip;]<\/p>\n","protected":false},"author":32,"featured_media":0,"parent":5854,"menu_order":0,"comment_status":"closed","ping_status":"closed","template":"","meta":{"_acf_changed":false,"footnotes":""},"class_list":["post-5898","page","type-page","status-publish","hentry"],"acf":[],"_links":{"self":[{"href":"https:\/\/www.serbski-institut.de\/ns\/wp-json\/wp\/v2\/pages\/5898","targetHints":{"allow":["GET"]}}],"collection":[{"href":"https:\/\/www.serbski-institut.de\/ns\/wp-json\/wp\/v2\/pages"}],"about":[{"href":"https:\/\/www.serbski-institut.de\/ns\/wp-json\/wp\/v2\/types\/page"}],"author":[{"embeddable":true,"href":"https:\/\/www.serbski-institut.de\/ns\/wp-json\/wp\/v2\/users\/32"}],"replies":[{"embeddable":true,"href":"https:\/\/www.serbski-institut.de\/ns\/wp-json\/wp\/v2\/comments?post=5898"}],"version-history":[{"count":3,"href":"https:\/\/www.serbski-institut.de\/ns\/wp-json\/wp\/v2\/pages\/5898\/revisions"}],"predecessor-version":[{"id":13892,"href":"https:\/\/www.serbski-institut.de\/ns\/wp-json\/wp\/v2\/pages\/5898\/revisions\/13892"}],"up":[{"embeddable":true,"href":"https:\/\/www.serbski-institut.de\/ns\/wp-json\/wp\/v2\/pages\/5854"}],"wp:attachment":[{"href":"https:\/\/www.serbski-institut.de\/ns\/wp-json\/wp\/v2\/media?parent=5898"}],"curies":[{"name":"wp","href":"https:\/\/api.w.org\/{rel}","templated":true}]}}