{"id":5900,"date":"2022-02-01T17:05:52","date_gmt":"2022-02-01T16:05:52","guid":{"rendered":"https:\/\/beta.serbski-institut.de\/serbska-centralna-biblioteka\/wirtuelna-cytarnja\/fotografiske-zberki-z-wobstatkow-ska\/"},"modified":"2022-02-01T17:05:52","modified_gmt":"2022-02-01T16:05:52","slug":"fotografiske-zberki-z-wobstatkow-ska","status":"publish","type":"page","link":"https:\/\/www.serbski-institut.de\/ns\/serbska-centralna-biblioteka\/wirtuelna-cytarnja\/fotografiske-zberki-z-wobstatkow-ska\/","title":{"rendered":"Fotografiske zb\u011brki z wobstatkow SKA"},"content":{"rendered":"<p>Digitalna prezentacija wubranych wobrazowych zb\u011brkow z wobstatka Serbskego kulturnego archiwa jo nasta\u0142a w zgromadnem \u017a\u011ble z <a href=\"http:\/\/www.deutschefotothek.de\/cms\/home.xml\" target=\"_blank\" rel=\"noopener\">Nimskeju fototeku w Drje\u017ed\u017aanach<\/a> (Sakska krajna biblioteka \u2013 Statna a uniwersitna biblioteka Drje\u017ed\u017aany).<\/p>\n<p>Zb\u011brka Serbskego instituta wop\u015bimjejo a\u017e don\u011bnta styri \u017a\u011blne wobstatki:<\/p>\n<ul>\n<li>Ludow\u011bdna zb\u011brka n\u011bgaj\u0161nego Instituta za serbski ludopyt<\/li>\n<li>Portrety z katolskich Serbow (zb\u011brka carte-de-visite w\u00f3t Jana Me\u0161kanka)<\/li>\n<li>\u0141u\u017eyska ludo- a krajow\u011bda 1954\u20131956 (zb\u011brka Arno\u0161ta \u010cernika)<\/li>\n<li>\u0179\u011blne zaw\u00f3staje\u0144stwo casnika\u0155skego fotografa Kurt Heine.<\/li>\n<\/ul>\n<p>Woni se zjadno\u015biju gromadu z w\u00f3tpow\u011bdnymi wobrazami z Nimskeje fototeki do tamneje kolekcije \u201eSerbska kultura \/ Sorbische Kultur\u201c a su za pytanje p\u015big\u00f3towane. Wobrazy ze SKA z to\u015b teje kolekcije su mimo togo na portaloma Sachsen.digital\/Sammlungen a Deutsche digitale Bibliothek p\u015bistupne.<\/p>\n<p><a href=\"http:\/\/www.deutschefotothek.de\/cms\/sorben.xml\" target=\"_blank\" rel=\"noopener\">Kolekcija \u201eSorbische Kultur\u201c w Nimskej fototece<\/a><\/p>\n","protected":false},"excerpt":{"rendered":"<p>Digitalna prezentacija wubranych wobrazowych zb\u011brkow z wobstatka Serbskego kulturnego archiwa jo nasta\u0142a w zgromadnem \u017a\u011ble z Nimskeju fototeku w Drje\u017ed\u017aanach (Sakska krajna biblioteka \u2013 Statna a uniwersitna biblioteka Drje\u017ed\u017aany). Zb\u011brka Serbskego instituta wop\u015bimjejo a\u017e don\u011bnta styri \u017a\u011blne wobstatki: Ludow\u011bdna zb\u011brka n\u011bgaj\u0161nego Instituta za serbski ludopyt Portrety z katolskich Serbow (zb\u011brka carte-de-visite w\u00f3t Jana Me\u0161kanka) \u0141u\u017eyska [&hellip;]<\/p>\n","protected":false},"author":32,"featured_media":0,"parent":5854,"menu_order":0,"comment_status":"closed","ping_status":"closed","template":"","meta":{"_acf_changed":false,"footnotes":""},"class_list":["post-5900","page","type-page","status-publish","hentry"],"acf":[],"_links":{"self":[{"href":"https:\/\/www.serbski-institut.de\/ns\/wp-json\/wp\/v2\/pages\/5900","targetHints":{"allow":["GET"]}}],"collection":[{"href":"https:\/\/www.serbski-institut.de\/ns\/wp-json\/wp\/v2\/pages"}],"about":[{"href":"https:\/\/www.serbski-institut.de\/ns\/wp-json\/wp\/v2\/types\/page"}],"author":[{"embeddable":true,"href":"https:\/\/www.serbski-institut.de\/ns\/wp-json\/wp\/v2\/users\/32"}],"replies":[{"embeddable":true,"href":"https:\/\/www.serbski-institut.de\/ns\/wp-json\/wp\/v2\/comments?post=5900"}],"version-history":[{"count":0,"href":"https:\/\/www.serbski-institut.de\/ns\/wp-json\/wp\/v2\/pages\/5900\/revisions"}],"up":[{"embeddable":true,"href":"https:\/\/www.serbski-institut.de\/ns\/wp-json\/wp\/v2\/pages\/5854"}],"wp:attachment":[{"href":"https:\/\/www.serbski-institut.de\/ns\/wp-json\/wp\/v2\/media?parent=5900"}],"curies":[{"name":"wp","href":"https:\/\/api.w.org\/{rel}","templated":true}]}}