{"id":7079,"date":"2022-03-04T11:02:59","date_gmt":"2022-03-04T10:02:59","guid":{"rendered":"https:\/\/www.serbski-institut.de\/medije\/"},"modified":"2026-03-19T14:57:24","modified_gmt":"2026-03-19T13:57:24","slug":"medije","status":"publish","type":"page","link":"https:\/\/www.serbski-institut.de\/ns\/medije\/","title":{"rendered":"Medije"},"content":{"rendered":"<h2>P\u015bigranja\u0144ski partna\u0155<\/h2>\n<p><a href=\"https:\/\/www.serbski-institut.de\/mitarbeiter\/madlen-domaschke\/\">Madlen Doma\u0161cyna<\/a><br \/>\nTel. +49 3591 4972-54<br \/>\n<a href=\"&#x6d;&#x61;&#105;&#108;to&#x3a;&#x70;&#x72;&#101;ss&#x65;&#x40;&#x73;&#101;&#114;b&#x73;&#x6b;&#x69;&#45;&#105;n&#x73;&#x74;&#x69;&#116;&#117;t&#46;&#x64;&#x65;\">&#x70;&#x72;&#x65;&#x73;&#x73;&#x65;&#x40;&#x73;&#x65;&#x72;&#x62;&#115;&#107;&#105;&#45;&#105;&#110;&#115;titut&#46;&#x64;&#x65;<\/a><\/p>\n","protected":false},"excerpt":{"rendered":"<p>P\u015bigranja\u0144ski partna\u0155 Madlen Doma\u0161cyna Tel. +49 3591 4972-54 &#x70;&#114;&#x65;&#x73;&#115;&#x65;&#64;s&#x65;&#114;b&#x73;&#107;i&#x2d;&#105;n&#x73;&#116;&#x69;&#x74;&#117;&#x74;&#x2e;&#100;&#x65;<\/p>\n","protected":false},"author":6,"featured_media":0,"parent":0,"menu_order":0,"comment_status":"closed","ping_status":"closed","template":"archive-mediendatenbank.php","meta":{"_acf_changed":false,"footnotes":""},"class_list":["post-7079","page","type-page","status-publish","hentry"],"acf":[],"_links":{"self":[{"href":"https:\/\/www.serbski-institut.de\/ns\/wp-json\/wp\/v2\/pages\/7079","targetHints":{"allow":["GET"]}}],"collection":[{"href":"https:\/\/www.serbski-institut.de\/ns\/wp-json\/wp\/v2\/pages"}],"about":[{"href":"https:\/\/www.serbski-institut.de\/ns\/wp-json\/wp\/v2\/types\/page"}],"author":[{"embeddable":true,"href":"https:\/\/www.serbski-institut.de\/ns\/wp-json\/wp\/v2\/users\/6"}],"replies":[{"embeddable":true,"href":"https:\/\/www.serbski-institut.de\/ns\/wp-json\/wp\/v2\/comments?post=7079"}],"version-history":[{"count":3,"href":"https:\/\/www.serbski-institut.de\/ns\/wp-json\/wp\/v2\/pages\/7079\/revisions"}],"predecessor-version":[{"id":252243,"href":"https:\/\/www.serbski-institut.de\/ns\/wp-json\/wp\/v2\/pages\/7079\/revisions\/252243"}],"wp:attachment":[{"href":"https:\/\/www.serbski-institut.de\/ns\/wp-json\/wp\/v2\/media?parent=7079"}],"curies":[{"name":"wp","href":"https:\/\/api.w.org\/{rel}","templated":true}]}}