{"id":7170,"date":"2022-03-07T15:09:07","date_gmt":"2022-03-07T14:09:07","guid":{"rendered":"https:\/\/www.serbski-institut.de\/newsletter\/wobwescenje-wokolnika\/"},"modified":"2022-03-07T15:09:07","modified_gmt":"2022-03-07T14:09:07","slug":"wobwescenje-wokolnika","status":"publish","type":"page","link":"https:\/\/www.serbski-institut.de\/ns\/newsletter\/wobwescenje-wokolnika\/","title":{"rendered":"Wobw\u011bs\u0107enje Wokolnika"},"content":{"rendered":"<p>Wut\u0161obny \u017a\u011bk za to, a\u017e s\u0107o sw\u00f3jo p\u015bizjawjenje za Wokolnik wobw\u011bs\u0107ili.<\/p>\n<p>&nbsp;<\/p>\n<p>[mailpoet_page]<\/p>\n","protected":false},"excerpt":{"rendered":"<p>Wut\u0161obny \u017a\u011bk za to, a\u017e s\u0107o sw\u00f3jo p\u015bizjawjenje za Wokolnik wobw\u011bs\u0107ili. &nbsp; [mailpoet_page]<\/p>\n","protected":false},"author":32,"featured_media":0,"parent":3295,"menu_order":0,"comment_status":"closed","ping_status":"closed","template":"","meta":{"_acf_changed":false,"footnotes":""},"class_list":["post-7170","page","type-page","status-publish","hentry"],"acf":[],"_links":{"self":[{"href":"https:\/\/www.serbski-institut.de\/ns\/wp-json\/wp\/v2\/pages\/7170","targetHints":{"allow":["GET"]}}],"collection":[{"href":"https:\/\/www.serbski-institut.de\/ns\/wp-json\/wp\/v2\/pages"}],"about":[{"href":"https:\/\/www.serbski-institut.de\/ns\/wp-json\/wp\/v2\/types\/page"}],"author":[{"embeddable":true,"href":"https:\/\/www.serbski-institut.de\/ns\/wp-json\/wp\/v2\/users\/32"}],"replies":[{"embeddable":true,"href":"https:\/\/www.serbski-institut.de\/ns\/wp-json\/wp\/v2\/comments?post=7170"}],"version-history":[{"count":0,"href":"https:\/\/www.serbski-institut.de\/ns\/wp-json\/wp\/v2\/pages\/7170\/revisions"}],"up":[{"embeddable":true,"href":"https:\/\/www.serbski-institut.de\/ns\/wp-json\/wp\/v2\/pages\/3295"}],"wp:attachment":[{"href":"https:\/\/www.serbski-institut.de\/ns\/wp-json\/wp\/v2\/media?parent=7170"}],"curies":[{"name":"wp","href":"https:\/\/api.w.org\/{rel}","templated":true}]}}