{"id":7175,"date":"2022-03-07T15:15:01","date_gmt":"2022-03-07T14:15:01","guid":{"rendered":"https:\/\/www.serbski-institut.de\/slezenje\/recyweda\/zelowe-polo-leksikografija-a-leksikologija-dolno-a-gornoserbsciny\/"},"modified":"2022-03-07T15:15:01","modified_gmt":"2022-03-07T14:15:01","slug":"zelowe-polo-leksikografija-a-leksikologija-dolno-a-gornoserbsciny","status":"publish","type":"page","link":"https:\/\/www.serbski-institut.de\/ns\/slezenje\/recyweda\/zelowe-polo-leksikografija-a-leksikologija-dolno-a-gornoserbsciny\/","title":{"rendered":"\u0179\u011b\u0142owe p\u00f3lo \u201eLeksikografija a leksikologija dolno- a g\u00f3rnoserb\u0161\u0107iny\u201c"},"content":{"rendered":"","protected":false},"excerpt":{"rendered":"","protected":false},"author":32,"featured_media":0,"parent":3075,"menu_order":0,"comment_status":"closed","ping_status":"closed","template":"archive-projekte_sw.php","meta":{"_acf_changed":false,"footnotes":""},"class_list":["post-7175","page","type-page","status-publish","hentry"],"acf":[],"_links":{"self":[{"href":"https:\/\/www.serbski-institut.de\/ns\/wp-json\/wp\/v2\/pages\/7175","targetHints":{"allow":["GET"]}}],"collection":[{"href":"https:\/\/www.serbski-institut.de\/ns\/wp-json\/wp\/v2\/pages"}],"about":[{"href":"https:\/\/www.serbski-institut.de\/ns\/wp-json\/wp\/v2\/types\/page"}],"author":[{"embeddable":true,"href":"https:\/\/www.serbski-institut.de\/ns\/wp-json\/wp\/v2\/users\/32"}],"replies":[{"embeddable":true,"href":"https:\/\/www.serbski-institut.de\/ns\/wp-json\/wp\/v2\/comments?post=7175"}],"version-history":[{"count":0,"href":"https:\/\/www.serbski-institut.de\/ns\/wp-json\/wp\/v2\/pages\/7175\/revisions"}],"up":[{"embeddable":true,"href":"https:\/\/www.serbski-institut.de\/ns\/wp-json\/wp\/v2\/pages\/3075"}],"wp:attachment":[{"href":"https:\/\/www.serbski-institut.de\/ns\/wp-json\/wp\/v2\/media?parent=7175"}],"curies":[{"name":"wp","href":"https:\/\/api.w.org\/{rel}","templated":true}]}}