{"id":7182,"date":"2022-03-07T15:23:15","date_gmt":"2022-03-07T14:23:15","guid":{"rendered":"https:\/\/www.serbski-institut.de\/slezenje\/recyweda\/zelowe-polo-wedomnostne-sluzby-a-na-praksu-wusmerjone-psedewzesa\/"},"modified":"2022-03-07T15:23:15","modified_gmt":"2022-03-07T14:23:15","slug":"zelowe-polo-wedomnostne-sluzby-a-na-praksu-wusmerjone-psedewzesa","status":"publish","type":"page","link":"https:\/\/www.serbski-institut.de\/ns\/slezenje\/recyweda\/zelowe-polo-wedomnostne-sluzby-a-na-praksu-wusmerjone-psedewzesa\/","title":{"rendered":"\u0179\u011b\u0142owe p\u00f3lo \u201eW\u011bdomnostne s\u0142u\u017eby a na praksu wusm\u011brjone p\u015bedewze\u015ba\u201c"},"content":{"rendered":"","protected":false},"excerpt":{"rendered":"","protected":false},"author":32,"featured_media":0,"parent":3075,"menu_order":0,"comment_status":"closed","ping_status":"closed","template":"archive-projekte_sw.php","meta":{"_acf_changed":false,"footnotes":""},"class_list":["post-7182","page","type-page","status-publish","hentry"],"acf":[],"_links":{"self":[{"href":"https:\/\/www.serbski-institut.de\/ns\/wp-json\/wp\/v2\/pages\/7182","targetHints":{"allow":["GET"]}}],"collection":[{"href":"https:\/\/www.serbski-institut.de\/ns\/wp-json\/wp\/v2\/pages"}],"about":[{"href":"https:\/\/www.serbski-institut.de\/ns\/wp-json\/wp\/v2\/types\/page"}],"author":[{"embeddable":true,"href":"https:\/\/www.serbski-institut.de\/ns\/wp-json\/wp\/v2\/users\/32"}],"replies":[{"embeddable":true,"href":"https:\/\/www.serbski-institut.de\/ns\/wp-json\/wp\/v2\/comments?post=7182"}],"version-history":[{"count":0,"href":"https:\/\/www.serbski-institut.de\/ns\/wp-json\/wp\/v2\/pages\/7182\/revisions"}],"up":[{"embeddable":true,"href":"https:\/\/www.serbski-institut.de\/ns\/wp-json\/wp\/v2\/pages\/3075"}],"wp:attachment":[{"href":"https:\/\/www.serbski-institut.de\/ns\/wp-json\/wp\/v2\/media?parent=7182"}],"curies":[{"name":"wp","href":"https:\/\/api.w.org\/{rel}","templated":true}]}}