{"id":7183,"date":"2022-03-07T15:24:00","date_gmt":"2022-03-07T14:24:00","guid":{"rendered":"https:\/\/www.serbski-institut.de\/slezenje\/recyweda\/zelowe-polo-dolno-a-gornoserbske-recne-daty-gromazenje-a-wedomnostne-psigotowanje\/"},"modified":"2022-03-09T14:39:58","modified_gmt":"2022-03-09T13:39:58","slug":"zelowe-polo-dolno-a-gornoserbske-recne-daty-gromazenje-a-wedomnostne-psigotowanje","status":"publish","type":"page","link":"https:\/\/www.serbski-institut.de\/ns\/slezenje\/recyweda\/zelowe-polo-dolno-a-gornoserbske-recne-daty-gromazenje-a-wedomnostne-psigotowanje\/","title":{"rendered":"\u0179\u011b\u0142owe p\u00f3lo \u201eDolno- a g\u00f3rnoserbske r\u011bcne daty \u2013 groma\u017aenje a w\u011bdomnostne p\u015big\u00f3towanje\u201c"},"content":{"rendered":"","protected":false},"excerpt":{"rendered":"","protected":false},"author":32,"featured_media":0,"parent":3075,"menu_order":0,"comment_status":"closed","ping_status":"closed","template":"archive-projekte_sw.php","meta":{"_acf_changed":false,"footnotes":""},"class_list":["post-7183","page","type-page","status-publish","hentry"],"acf":[],"_links":{"self":[{"href":"https:\/\/www.serbski-institut.de\/ns\/wp-json\/wp\/v2\/pages\/7183","targetHints":{"allow":["GET"]}}],"collection":[{"href":"https:\/\/www.serbski-institut.de\/ns\/wp-json\/wp\/v2\/pages"}],"about":[{"href":"https:\/\/www.serbski-institut.de\/ns\/wp-json\/wp\/v2\/types\/page"}],"author":[{"embeddable":true,"href":"https:\/\/www.serbski-institut.de\/ns\/wp-json\/wp\/v2\/users\/32"}],"replies":[{"embeddable":true,"href":"https:\/\/www.serbski-institut.de\/ns\/wp-json\/wp\/v2\/comments?post=7183"}],"version-history":[{"count":1,"href":"https:\/\/www.serbski-institut.de\/ns\/wp-json\/wp\/v2\/pages\/7183\/revisions"}],"predecessor-version":[{"id":7327,"href":"https:\/\/www.serbski-institut.de\/ns\/wp-json\/wp\/v2\/pages\/7183\/revisions\/7327"}],"up":[{"embeddable":true,"href":"https:\/\/www.serbski-institut.de\/ns\/wp-json\/wp\/v2\/pages\/3075"}],"wp:attachment":[{"href":"https:\/\/www.serbski-institut.de\/ns\/wp-json\/wp\/v2\/media?parent=7183"}],"curies":[{"name":"wp","href":"https:\/\/api.w.org\/{rel}","templated":true}]}}