{"id":9124,"date":"2022-08-01T11:11:42","date_gmt":"2022-08-01T09:11:42","guid":{"rendered":"https:\/\/www.serbski-institut.de\/serbski-institut\/slezenski-praktikum\/"},"modified":"2026-01-15T11:10:42","modified_gmt":"2026-01-15T10:10:42","slug":"slezenski-praktikum","status":"publish","type":"page","link":"https:\/\/www.serbski-institut.de\/ns\/institut\/porucenja\/slezenski-praktikum\/","title":{"rendered":"(Sl\u011b\u017ae\u0144ski) praktikum"},"content":{"rendered":"<p>Serbski institut p\u00f3bitujo praktikumowe m\u011bstna we w\u0161ych wob\u0142ukach instituta na wobyma stojni\u0161\u0107oma. P\u00f3rucenje m\u011bri se w\u00f3sebnje na studentki a studentow stawiznow, kulturnych a socialnych w\u011bdomnos\u0107ow, r\u011bcyw\u011bdy, biblioteka\u0155stwa a informaciskich w\u011bdomnos\u0107ow ka\u017e teke na p\u00f3lu digital humanities a bliskich fachow. P\u00f3 Wa\u0161ych w\u00f3sobinskich zna\u015bach a zajmach p\u00f3bitujomy Wam wjelebocne a w\u00f3tm\u011bnjate p\u00f3lo nadawkow we wob\u0142ukach sl\u011b\u017aenje, projektowy management, w\u011bdomnostna komunikacija a zjawnostne \u017a\u011b\u0142o.<\/p>\n<p>Interesentki a interesenty dejali se zajmowa\u015b za \u017a\u011b\u0142owe p\u00f3la Serbskego instituta. Zna\u015ba serb\u0161\u0107iny abo drugich p\u00f3dwjacornos\u0142owja\u0144skich r\u011bcow su l\u011bp\u0161yna, w\u00f3ni pak njejsu na ku\u017edy pad notne wum\u011bnjenje za p\u015biwze\u015be. Was w\u00f3cakuju anga\u017e\u011browany team a zap\u015bimujuce nazg\u00f3njenja w jadnorazowej, interdisciplinarnej \u017a\u011b\u0142owej wokolnos\u0107i.<\/p>\n<p>Praktikumy p\u015bi Serbskem institu\u015be su mimo myta. Jo m\u00f3\u017eno se indiwidualnje na tra\u015be a \u017a\u011b\u0142owy cas dojadna\u015b.<\/p>\n","protected":false},"excerpt":{"rendered":"<p>Serbski institut p\u00f3bitujo praktikumowe m\u011bstna we w\u0161ych wob\u0142ukach instituta na wobyma stojni\u0161\u0107oma. P\u00f3rucenje m\u011bri se w\u00f3sebnje na studentki a studentow stawiznow, kulturnych a socialnych w\u011bdomnos\u0107ow, r\u011bcyw\u011bdy, biblioteka\u0155stwa a informaciskich w\u011bdomnos\u0107ow ka\u017e teke na p\u00f3lu digital humanities a bliskich fachow. P\u00f3 Wa\u0161ych w\u00f3sobinskich zna\u015bach a zajmach p\u00f3bitujomy Wam wjelebocne a w\u00f3tm\u011bnjate p\u00f3lo nadawkow we wob\u0142ukach sl\u011b\u017aenje, [&hellip;]<\/p>\n","protected":false},"author":5,"featured_media":0,"parent":3056,"menu_order":0,"comment_status":"closed","ping_status":"closed","template":"","meta":{"_acf_changed":false,"footnotes":""},"class_list":["post-9124","page","type-page","status-publish","hentry"],"acf":[],"_links":{"self":[{"href":"https:\/\/www.serbski-institut.de\/ns\/wp-json\/wp\/v2\/pages\/9124","targetHints":{"allow":["GET"]}}],"collection":[{"href":"https:\/\/www.serbski-institut.de\/ns\/wp-json\/wp\/v2\/pages"}],"about":[{"href":"https:\/\/www.serbski-institut.de\/ns\/wp-json\/wp\/v2\/types\/page"}],"author":[{"embeddable":true,"href":"https:\/\/www.serbski-institut.de\/ns\/wp-json\/wp\/v2\/users\/5"}],"replies":[{"embeddable":true,"href":"https:\/\/www.serbski-institut.de\/ns\/wp-json\/wp\/v2\/comments?post=9124"}],"version-history":[{"count":1,"href":"https:\/\/www.serbski-institut.de\/ns\/wp-json\/wp\/v2\/pages\/9124\/revisions"}],"predecessor-version":[{"id":9125,"href":"https:\/\/www.serbski-institut.de\/ns\/wp-json\/wp\/v2\/pages\/9124\/revisions\/9125"}],"up":[{"embeddable":true,"href":"https:\/\/www.serbski-institut.de\/ns\/wp-json\/wp\/v2\/pages\/3056"}],"wp:attachment":[{"href":"https:\/\/www.serbski-institut.de\/ns\/wp-json\/wp\/v2\/media?parent=9124"}],"curies":[{"name":"wp","href":"https:\/\/api.w.org\/{rel}","templated":true}]}}