{"id":10388,"date":"2022-12-13T16:06:22","date_gmt":"2022-12-13T15:06:22","guid":{"rendered":"https:\/\/www.serbski-institut.de\/sledzenje\/kulturne-wedomosce\/zakoncene-projekty\/"},"modified":"2022-12-13T16:11:08","modified_gmt":"2022-12-13T15:11:08","slug":"zakoncene-projekty","status":"publish","type":"page","link":"https:\/\/www.serbski-institut.de\/os\/sledzenje\/kulturne-wedomosce\/zakoncene-projekty\/","title":{"rendered":"Zak\u00f3n\u010dene projekty"},"content":{"rendered":"<p>P\u0159ehlad zak\u00f3n\u010denych projektow wotrjada kulturne w\u011bdomos\u0107e su w natwarje a so b\u011b\u017enje wudospo\u0142nja.<\/p>\n","protected":false},"excerpt":{"rendered":"<p>P\u0159ehlad zak\u00f3n\u010denych projektow wotrjada kulturne w\u011bdomos\u0107e su w natwarje a so b\u011b\u017enje wudospo\u0142nja.<\/p>\n","protected":false},"author":12,"featured_media":0,"parent":3087,"menu_order":0,"comment_status":"closed","ping_status":"closed","template":"archive-projekte_kw.php","meta":{"_acf_changed":false,"footnotes":""},"class_list":["post-10388","page","type-page","status-publish","hentry"],"acf":[],"_links":{"self":[{"href":"https:\/\/www.serbski-institut.de\/os\/wp-json\/wp\/v2\/pages\/10388","targetHints":{"allow":["GET"]}}],"collection":[{"href":"https:\/\/www.serbski-institut.de\/os\/wp-json\/wp\/v2\/pages"}],"about":[{"href":"https:\/\/www.serbski-institut.de\/os\/wp-json\/wp\/v2\/types\/page"}],"author":[{"embeddable":true,"href":"https:\/\/www.serbski-institut.de\/os\/wp-json\/wp\/v2\/users\/12"}],"replies":[{"embeddable":true,"href":"https:\/\/www.serbski-institut.de\/os\/wp-json\/wp\/v2\/comments?post=10388"}],"version-history":[{"count":1,"href":"https:\/\/www.serbski-institut.de\/os\/wp-json\/wp\/v2\/pages\/10388\/revisions"}],"predecessor-version":[{"id":10389,"href":"https:\/\/www.serbski-institut.de\/os\/wp-json\/wp\/v2\/pages\/10388\/revisions\/10389"}],"up":[{"embeddable":true,"href":"https:\/\/www.serbski-institut.de\/os\/wp-json\/wp\/v2\/pages\/3087"}],"wp:attachment":[{"href":"https:\/\/www.serbski-institut.de\/os\/wp-json\/wp\/v2\/media?parent=10388"}],"curies":[{"name":"wp","href":"https:\/\/api.w.org\/{rel}","templated":true}]}}