{"id":10891,"date":"2023-02-17T12:56:00","date_gmt":"2023-02-17T11:56:00","guid":{"rendered":"https:\/\/www.serbski-institut.de\/serbski-institut\/poskitki\/recne-poradzowanje\/"},"modified":"2023-02-17T13:13:37","modified_gmt":"2023-02-17T12:13:37","slug":"recne-poradzowanje","status":"publish","type":"page","link":"https:\/\/www.serbski-institut.de\/os\/serbski-institut\/poskitki\/recne-poradzowanje\/","title":{"rendered":"R\u011b\u010dne porad\u017aowanje"},"content":{"rendered":"<p>Sobud\u017a\u011b\u0142a\u0107erjo r\u011b\u010despytneho wotrjada porad\u017auja Was, jeli ma\u0107e pra\u0161enja nastupajo prawe hornjo- a delnjoserbske r\u011b\u010dne formy. Za komunalne a komercielne zarjadni\u0161\u0107a poski\u0107amy pomoc za prawe serbske napisy na dr\u00f3howych, wjesnych abo m\u011b\u0161\u0107anskich a dal\u0161ich informaciskich taflach.<\/p>\n<p>Napra\u0161owanja k hornjoserb\u0161\u0107inje:<\/p>\n<ul>\n<li><a href=\"https:\/\/www.serbski-institut.de\/mitarbeiter\/dr-anja-pohontsch\/\">Anja Pohon\u010dowa<\/a><\/li>\n<li><a href=\"https:\/\/www.serbski-institut.de\/mitarbeiter\/dr-jana-schulz\/\">Jana \u0160o\u0142\u0107ina<\/a><\/li>\n<li><a href=\"https:\/\/www.serbski-institut.de\/mitarbeiter\/dr-lenka-scholze\/\">Le\u0144ka \u0160o\u0142\u0107ic<\/a><\/li>\n<\/ul>\n<p>Napra\u0161owanja k delnjoserb\u0161\u0107inje:<\/p>\n<ul>\n<li><a href=\"https:\/\/www.serbski-institut.de\/mitarbeiter\/dr-fabian-kaulfuerst\/\">Fabian Kaulf\u00fcrst<\/a><\/li>\n<\/ul>\n<p>Z wjet\u0161imi p\u0159e\u0142o\u017ekami wobro\u0107\u0107e so pro\u0161u na powo\u0142anskich <a href=\"https:\/\/www.domowina.de\/hsb\/kontakt\/prelozowarjo-1\" target=\"_blank\" rel=\"noopener\">p\u0159e\u0142o\u017eowarjow<\/a> .<br \/>\nSerwis k pra\u0161enjam wo pochad\u017ae mjenow, k dopu\u0161\u0107enju p\u0159edmjenow atd. ski\u0107i <a href=\"http:\/\/www.gfn.name\/namenberatung\/\" target=\"_blank\" rel=\"noopener\">Towarstwo za mjenow\u011bdu z. t.<\/a><\/p>\n<p>P\u0159i zwoprawd\u017aenju Zakonja wo online-p\u0159istupje a Braniborskeho zakonja wo e-governmen\u0107e d\u017aiwa so te\u017e na <strong>delnjoserb\u0161\u0107inu<\/strong>. Z financ\u011browanjom <strong>koordinaciskeho resp. p\u0159e\u0142o\u017eowarskeho m\u011bstna<\/strong> zm\u00f3\u017enja Braniborska, zo m\u00f3\u017ee so prawo wu\u017eiwanja teje r\u011b\u010de w kontak\u0107e ze zarjadami te\u017e we wob\u0142uku <strong>elektroniskich pos\u0142u\u017ebow<\/strong> wu\u017eiwa\u0107. M\u011bstno stara so wo p\u0159e\u0142o\u017eki, porad\u017auje zarjadnistwa a koordinuje tr\u011bbne terminologiske wuwiwanje delnjoserb\u0161\u0107iny. Za nadawk je so m\u00f3h\u0142 <a href=\"https:\/\/www.serbski-institut.de\/mitarbeiter\/gregor-wieczorek\/\">Gregor Wieczorek<\/a> zdoby\u0107.<\/p>\n","protected":false},"excerpt":{"rendered":"<p>Sobud\u017a\u011b\u0142a\u0107erjo r\u011b\u010despytneho wotrjada porad\u017auja Was, jeli ma\u0107e pra\u0161enja nastupajo prawe hornjo- a delnjoserbske r\u011b\u010dne formy. Za komunalne a komercielne zarjadni\u0161\u0107a poski\u0107amy pomoc za prawe serbske napisy na dr\u00f3howych, wjesnych abo m\u011b\u0161\u0107anskich a dal\u0161ich informaciskich taflach. Napra\u0161owanja k hornjoserb\u0161\u0107inje: Anja Pohon\u010dowa Jana \u0160o\u0142\u0107ina Le\u0144ka \u0160o\u0142\u0107ic Napra\u0161owanja k delnjoserb\u0161\u0107inje: Fabian Kaulf\u00fcrst Z wjet\u0161imi p\u0159e\u0142o\u017ekami wobro\u0107\u0107e so pro\u0161u [&hellip;]<\/p>\n","protected":false},"author":32,"featured_media":0,"parent":3103,"menu_order":10,"comment_status":"closed","ping_status":"closed","template":"","meta":{"_acf_changed":false,"footnotes":""},"class_list":["post-10891","page","type-page","status-publish","hentry"],"acf":[],"_links":{"self":[{"href":"https:\/\/www.serbski-institut.de\/os\/wp-json\/wp\/v2\/pages\/10891","targetHints":{"allow":["GET"]}}],"collection":[{"href":"https:\/\/www.serbski-institut.de\/os\/wp-json\/wp\/v2\/pages"}],"about":[{"href":"https:\/\/www.serbski-institut.de\/os\/wp-json\/wp\/v2\/types\/page"}],"author":[{"embeddable":true,"href":"https:\/\/www.serbski-institut.de\/os\/wp-json\/wp\/v2\/users\/32"}],"replies":[{"embeddable":true,"href":"https:\/\/www.serbski-institut.de\/os\/wp-json\/wp\/v2\/comments?post=10891"}],"version-history":[{"count":1,"href":"https:\/\/www.serbski-institut.de\/os\/wp-json\/wp\/v2\/pages\/10891\/revisions"}],"predecessor-version":[{"id":10893,"href":"https:\/\/www.serbski-institut.de\/os\/wp-json\/wp\/v2\/pages\/10891\/revisions\/10893"}],"up":[{"embeddable":true,"href":"https:\/\/www.serbski-institut.de\/os\/wp-json\/wp\/v2\/pages\/3103"}],"wp:attachment":[{"href":"https:\/\/www.serbski-institut.de\/os\/wp-json\/wp\/v2\/media?parent=10891"}],"curies":[{"name":"wp","href":"https:\/\/api.w.org\/{rel}","templated":true}]}}