{"id":1279,"date":"2021-11-09T15:14:21","date_gmt":"2021-11-09T14:14:21","guid":{"rendered":"https:\/\/beta.serbski-institut.de\/letopis\/"},"modified":"2026-03-10T10:27:38","modified_gmt":"2026-03-10T09:27:38","slug":"letopis","status":"publish","type":"page","link":"https:\/\/www.serbski-institut.de\/os\/publikacije\/letopis\/","title":{"rendered":"L\u011btopis &#8211; \u010casopis za sorabistiku a p\u0159irunowace mje\u0144\u0161inowe sl\u011bd\u017aenje"},"content":{"rendered":"<p>Jako interdisciplinarny periodikum sorabistiskich a duchownow\u011bdnych sl\u011bd\u017aenjow wudawa Serbski institut w l\u011b\u0107e 1952 za\u0142o\u017eeny \u010dasopis &#8220;L\u011btopis&#8221;, kotry\u017e wuchad\u017aa wot 2023 online pod <a href=\"https:\/\/xn--ltopis-b5a.de\/letopis\" target=\"_blank\" rel=\"noopener\">www.l\u011btopis.de<\/a> a z podtitulom &#8220;\u010casopis za sorabistiku a p\u0159irunowace mje\u0144\u0161inowe sl\u011bd\u017aenje&#8221;. Akceptowane artikle wuchad\u017aeja online jako wosebite wozjewjenja (ze sw\u00f3jskej DOI), po tym te\u017e w \u0107i\u0161\u0107anej formje jako l\u011btny zb\u011brnik.<\/p>\n<ul>\n<li>Informacije <a href=\"https:\/\/xn--ltopis-b5a.de\/letopis\/about\/editorialTeam\" target=\"_blank\" rel=\"noopener\">wo redakciji<\/a> a <a href=\"https:\/\/xn--ltopis-b5a.de\/letopis\/about\/submissions\" target=\"_blank\" rel=\"noopener\">pokiwy za format\u011browanje<\/a> namaka\u0107e na homepage \u010dasopisa.<\/li>\n<li>Wuda\u0107a wot ze\u0161iwka 2008\/1 do ze\u0161iwka 2022\/2 su te\u017e online na webstronje <a title=\"Externer Link www.ceeol.com\" href=\"https:\/\/www.ceeol.com\/search\/journal-detail?id=718\" target=\"_blank\" rel=\"noopener\">www.ceeol.com<\/a> p\u0159istupne.<\/li>\n<li>Star\u0161e p\u0159ino\u0161ki (z \u010dasa do l\u011bta 1990) su <a href=\"https:\/\/www.serbski-institut.de\/bibliothek\/\">w \u010ditarni Serbskeje centralneje biblioteki<\/a> digitalnje p\u0159istupne.<\/li>\n<\/ul>\n","protected":false},"excerpt":{"rendered":"<p>Jako interdisciplinarny periodikum sorabistiskich a duchownow\u011bdnych sl\u011bd\u017aenjow wudawa Serbski institut w l\u011b\u0107e 1952 za\u0142o\u017eeny \u010dasopis &#8220;L\u011btopis&#8221;, kotry\u017e wuchad\u017aa wot 2023 online pod www.l\u011btopis.de a z podtitulom &#8220;\u010casopis za sorabistiku a p\u0159irunowace mje\u0144\u0161inowe sl\u011bd\u017aenje&#8221;. Akceptowane artikle wuchad\u017aeja online jako wosebite wozjewjenja (ze sw\u00f3jskej DOI), po tym te\u017e w \u0107i\u0161\u0107anej formje jako l\u011btny zb\u011brnik. Informacije wo redakciji [&hellip;]<\/p>\n","protected":false},"author":32,"featured_media":247954,"parent":13383,"menu_order":11,"comment_status":"closed","ping_status":"closed","template":"archive-publikationen.php","meta":{"_acf_changed":false,"footnotes":""},"class_list":["post-1279","page","type-page","status-publish","has-post-thumbnail","hentry"],"acf":[],"_links":{"self":[{"href":"https:\/\/www.serbski-institut.de\/os\/wp-json\/wp\/v2\/pages\/1279","targetHints":{"allow":["GET"]}}],"collection":[{"href":"https:\/\/www.serbski-institut.de\/os\/wp-json\/wp\/v2\/pages"}],"about":[{"href":"https:\/\/www.serbski-institut.de\/os\/wp-json\/wp\/v2\/types\/page"}],"author":[{"embeddable":true,"href":"https:\/\/www.serbski-institut.de\/os\/wp-json\/wp\/v2\/users\/32"}],"replies":[{"embeddable":true,"href":"https:\/\/www.serbski-institut.de\/os\/wp-json\/wp\/v2\/comments?post=1279"}],"version-history":[{"count":3,"href":"https:\/\/www.serbski-institut.de\/os\/wp-json\/wp\/v2\/pages\/1279\/revisions"}],"predecessor-version":[{"id":252118,"href":"https:\/\/www.serbski-institut.de\/os\/wp-json\/wp\/v2\/pages\/1279\/revisions\/252118"}],"up":[{"embeddable":true,"href":"https:\/\/www.serbski-institut.de\/os\/wp-json\/wp\/v2\/pages\/13383"}],"wp:featuredmedia":[{"embeddable":true,"href":"https:\/\/www.serbski-institut.de\/os\/wp-json\/wp\/v2\/media\/247954"}],"wp:attachment":[{"href":"https:\/\/www.serbski-institut.de\/os\/wp-json\/wp\/v2\/media?parent=1279"}],"curies":[{"name":"wp","href":"https:\/\/api.w.org\/{rel}","templated":true}]}}