{"id":13026,"date":"2023-11-03T08:19:01","date_gmt":"2023-11-03T07:19:01","guid":{"rendered":"https:\/\/www.serbski-institut.de\/publikacije\/sorabistiske-dzelowe-papjery\/"},"modified":"2025-10-24T14:33:02","modified_gmt":"2025-10-24T12:33:02","slug":"sorabistiske-dzelowe-papjery","status":"publish","type":"page","link":"https:\/\/www.serbski-institut.de\/os\/publikacije\/sorabistiske-dzelowe-papjery\/","title":{"rendered":"Sorabistiske d\u017a\u011b\u0142owe papjery"},"content":{"rendered":"<p>W rjed\u017ae spisow &#8220;Sorabistiske d\u017a\u011b\u0142owe papjery&#8221; jewja so w swobodnym sl\u011bd\u017ae d\u017a\u011b\u0142a a rozprawy, zwjet\u0161a z projektow Serbskeho instituta. Jedna so p\u0159i tym wo poziciske abo konceptowe papjery, dokumentacije (na p\u0159. wot najl\u011bp\u0161ich praktikow) a podobne teksty z b\u011b\u017eneho d\u017a\u011b\u0142oweho procesa. W jednotliwych p\u0159ino\u0161kach zwuraznjene nahlady njedyrbja nahlady Serbskeho instituta wotb\u0142y\u0161\u0107owa\u0107. Redakcionelna zamo\u0142witos\u0107 ka\u017e te\u017e rozsud wo p\u0159iwza\u0107u do rjadu le\u017ei pola p\u0159is\u0142u\u0161neho wotrjadneho wjednistwa. Komentary a p\u0159ispomnjenja so jara witaja a m\u011bli so direktnje awtoram p\u0159ino\u0161kow p\u0159ip\u00f3s\u0142a\u0107. <\/p>\n","protected":false},"excerpt":{"rendered":"<p>W rjed\u017ae spisow &#8220;Sorabistiske d\u017a\u011b\u0142owe papjery&#8221; jewja so w swobodnym sl\u011bd\u017ae d\u017a\u011b\u0142a a rozprawy, zwjet\u0161a z projektow Serbskeho instituta. Jedna so p\u0159i tym wo poziciske abo konceptowe papjery, dokumentacije (na p\u0159. wot najl\u011bp\u0161ich praktikow) a podobne teksty z b\u011b\u017eneho d\u017a\u011b\u0142oweho procesa. W jednotliwych p\u0159ino\u0161kach zwuraznjene nahlady njedyrbja nahlady Serbskeho instituta wotb\u0142y\u0161\u0107owa\u0107. Redakcionelna zamo\u0142witos\u0107 ka\u017e te\u017e [&hellip;]<\/p>\n","protected":false},"author":5,"featured_media":0,"parent":13383,"menu_order":10,"comment_status":"closed","ping_status":"closed","template":"archive-publikationen.php","meta":{"_acf_changed":false,"footnotes":""},"class_list":["post-13026","page","type-page","status-publish","hentry"],"acf":[],"_links":{"self":[{"href":"https:\/\/www.serbski-institut.de\/os\/wp-json\/wp\/v2\/pages\/13026","targetHints":{"allow":["GET"]}}],"collection":[{"href":"https:\/\/www.serbski-institut.de\/os\/wp-json\/wp\/v2\/pages"}],"about":[{"href":"https:\/\/www.serbski-institut.de\/os\/wp-json\/wp\/v2\/types\/page"}],"author":[{"embeddable":true,"href":"https:\/\/www.serbski-institut.de\/os\/wp-json\/wp\/v2\/users\/5"}],"replies":[{"embeddable":true,"href":"https:\/\/www.serbski-institut.de\/os\/wp-json\/wp\/v2\/comments?post=13026"}],"version-history":[{"count":3,"href":"https:\/\/www.serbski-institut.de\/os\/wp-json\/wp\/v2\/pages\/13026\/revisions"}],"predecessor-version":[{"id":13902,"href":"https:\/\/www.serbski-institut.de\/os\/wp-json\/wp\/v2\/pages\/13026\/revisions\/13902"}],"up":[{"embeddable":true,"href":"https:\/\/www.serbski-institut.de\/os\/wp-json\/wp\/v2\/pages\/13383"}],"wp:attachment":[{"href":"https:\/\/www.serbski-institut.de\/os\/wp-json\/wp\/v2\/media?parent=13026"}],"curies":[{"name":"wp","href":"https:\/\/api.w.org\/{rel}","templated":true}]}}