{"id":13876,"date":"2024-01-09T11:59:50","date_gmt":"2024-01-09T10:59:50","guid":{"rendered":"https:\/\/www.serbski-institut.de\/serbska-centralna-biblioteka\/wirtuelna-citarnja\/digitalizaty-rukopisow-z-wobstatkow-ska-na-sachsen-digital\/serbowka-letny-spis-18892-1925-towarstwa-serbskich-studentow-teologije-serbskich-studowacych-w-praze-serbowka\/"},"modified":"2024-01-09T14:50:27","modified_gmt":"2024-01-09T13:50:27","slug":"serbowka-letny-spis-18892-1925-towarstwa-serbskich-studentow-teologije-serbskich-studowacych-w-praze-serbowka","status":"publish","type":"page","link":"https:\/\/www.serbski-institut.de\/os\/serbska-centralna-biblioteka\/wirtuelna-citarnja\/digitalizaty-rukopisow-z-wobstatkow-ska-na-sachsen-digital\/serbowka-letny-spis-18892-1925-towarstwa-serbskich-studentow-teologije-serbskich-studowacych-w-praze-serbowka\/","title":{"rendered":"\u201eSerbowka\u201c \u2013 l\u011btny spis (1892\u20131925) Towarstwa serbskich studentow teologije \/ serbskich studowacych w Praze"},"content":{"rendered":"<div class=\"hspace\"><\/div>\n<div class=\"templ_td_nosize\">\n<div class=\"box_txt\">Do l\u011btnych zwjazkow zwjazane zapiski Towarstwa serbskich studentow teologije \/ serbskich studowacych \u201eSerbowka\u201c w Praze (1892-1925).<br \/>\nL\u011btny zwjazk \u201eSerbowka\u201c wobsahuje 1) d\u017aenik, 2) \u201eKw\u011btki\u201c \u2013 zb\u011brka literarnych, stawiznow\u011bdnych, r\u011b\u010despytnych a ludow\u011bdnych p\u0159ino\u0161kow \u010d\u0142onow, 3) korespondenca (dochad\u017aace listy a na\u0107iski\/wotpisy wotp\u00f3s\u0142anych listow).<br \/>\nZwjazki 1 do 46 (z l\u011bt 1846\/47 do 1891\/92) wobchowaja so w \u201eH\u00f3rnikowej knihowni\u201c w Praze \u2013 Biblioteka Towarstwa p\u0159e\u0107elow Serbow Spole\u010dnost p\u0159\u00e1tel Lu\u017eice (SPL). <a class=\"link_ex\" title=\"Externer Link Katalog der \u201eH\u00f3rnik-Bibliothek\u201c\" href=\"https:\/\/katalog.hornikovaknihovna.cz\/\">Katalog \u201eH\u00f3rnikoweje knihownje\u201c <\/a><\/p>\n<p>Kopije Praskich zwjazkow m\u00f3\u017ea so w \u010ditarni Serbskeho instituta wu\u017eiwa\u0107.<\/p>\n<p>Digitalizaty zwjazkow poski\u0107a webstrony Narodneje biblioteki \u010c\u011bskeje republiki (N\u00e1rodn\u00ed\u00ad knihovna \u010cesk\u00e9 republiky) <a href=\"https:\/\/kramerius5.nkp.cz\/\">https:\/\/kramerius5.nkp.cz\/<\/a> abo portal Manuscriptorium <a href=\"https:\/\/www.manuscriptorium.com\/cs\">https:\/\/www.manuscriptorium.com\/cs<\/a>.<\/p>\n","protected":false},"excerpt":{"rendered":"<p>Do l\u011btnych zwjazkow zwjazane zapiski Towarstwa serbskich studentow teologije \/ serbskich studowacych \u201eSerbowka\u201c w Praze (1892-1925). L\u011btny zwjazk \u201eSerbowka\u201c wobsahuje 1) d\u017aenik, 2) \u201eKw\u011btki\u201c \u2013 zb\u011brka literarnych, stawiznow\u011bdnych, r\u011b\u010despytnych a ludow\u011bdnych p\u0159ino\u0161kow \u010d\u0142onow, 3) korespondenca (dochad\u017aace listy a na\u0107iski\/wotpisy wotp\u00f3s\u0142anych listow). Zwjazki 1 do 46 (z l\u011bt 1846\/47 do 1891\/92) wobchowaja so w \u201eH\u00f3rnikowej knihowni\u201c [&hellip;]<\/p>\n","protected":false},"author":32,"featured_media":4541,"parent":5899,"menu_order":0,"comment_status":"closed","ping_status":"closed","template":"","meta":{"_acf_changed":false,"footnotes":""},"class_list":["post-13876","page","type-page","status-publish","has-post-thumbnail","hentry"],"acf":[],"_links":{"self":[{"href":"https:\/\/www.serbski-institut.de\/os\/wp-json\/wp\/v2\/pages\/13876","targetHints":{"allow":["GET"]}}],"collection":[{"href":"https:\/\/www.serbski-institut.de\/os\/wp-json\/wp\/v2\/pages"}],"about":[{"href":"https:\/\/www.serbski-institut.de\/os\/wp-json\/wp\/v2\/types\/page"}],"author":[{"embeddable":true,"href":"https:\/\/www.serbski-institut.de\/os\/wp-json\/wp\/v2\/users\/32"}],"replies":[{"embeddable":true,"href":"https:\/\/www.serbski-institut.de\/os\/wp-json\/wp\/v2\/comments?post=13876"}],"version-history":[{"count":6,"href":"https:\/\/www.serbski-institut.de\/os\/wp-json\/wp\/v2\/pages\/13876\/revisions"}],"predecessor-version":[{"id":13893,"href":"https:\/\/www.serbski-institut.de\/os\/wp-json\/wp\/v2\/pages\/13876\/revisions\/13893"}],"up":[{"embeddable":true,"href":"https:\/\/www.serbski-institut.de\/os\/wp-json\/wp\/v2\/pages\/5899"}],"wp:featuredmedia":[{"embeddable":true,"href":"https:\/\/www.serbski-institut.de\/os\/wp-json\/wp\/v2\/media\/4541"}],"wp:attachment":[{"href":"https:\/\/www.serbski-institut.de\/os\/wp-json\/wp\/v2\/media?parent=13876"}],"curies":[{"name":"wp","href":"https:\/\/api.w.org\/{rel}","templated":true}]}}