{"id":16318,"date":"2024-09-02T11:04:22","date_gmt":"2024-09-02T09:04:22","guid":{"rendered":"https:\/\/www.serbski-institut.de\/sledzenje\/sledzerska-kultura-zawescenje-dobreje-wedomostneje-praksy\/"},"modified":"2025-08-05T14:38:50","modified_gmt":"2025-08-05T12:38:50","slug":"sledzerska-kultura-zawescenje-dobreje-wedomostneje-praksy","status":"publish","type":"page","link":"https:\/\/www.serbski-institut.de\/os\/sledzenje\/sledzerska-kultura-zawescenje-dobreje-wedomostneje-praksy\/","title":{"rendered":"Sl\u011bd\u017aerska kultura \u2013 zaw\u011bs\u0107enje dobreje w\u011bdomostneje praksy"},"content":{"rendered":"<p>Serbski institut (SI) ze swojimi w\u011bdomostnicami a w\u011bdomostnikami je so zawjaza\u0142, prawid\u0142a dobreje w\u011bdomostneje praksy dod\u017aer\u017ee\u0107. Z tym chce w\u011bdomostnu integernos\u0107 ka\u017e te\u017e ked\u017abliwy a fairny wobchad mjez sobu zaw\u011bs\u0107i\u0107 a wopa\u010dnemu w\u011bdomostnemu zad\u017aer\u017eenju zad\u017a\u011bwa\u0107.<\/p>\n<p>Serbski institut je so sm\u011brnicam DFG k <a href=\"https:\/\/wissenschaftliche-integritaet.de\/kodex\/\" target=\"_blank\" rel=\"noopener\">zaw\u011bs\u0107enju dobreje w\u011bdomostneje praksy<\/a> p\u0159izamkny\u0142. Tr\u011bbne naprawy zwoprawd\u017ai p\u0159ez kooperaciju z Techniskej uniwersitu w Drje\u017ed\u017aanach (TUD) a po p\u0159ik\u0142ad\u017ae tamni\u0161ich \u201ewustawkow wo zaw\u011bs\u0107enju dobreje w\u011bdomostneje praksy, wo zad\u017a\u011bwanju wopa\u010dnemu w\u011bdomostnemu zad\u017aer\u017eenja a wo zad\u017aer\u017eenju p\u0159i p\u0159e\u0144d\u017aenjach\u201c (hlej deleka). Za to stej SI a TUD wotpow\u011bdne kooperaciske zr\u011b\u010denje wotzamkny\u0142oj.<\/p>\n<p>Z tym p\u0142a\u0107a prawid\u0142a runje mjenowanych wustawkow TUD te\u017e za w\u011bdomostny a w\u011bdomostno-techniski personal p\u0159i SI. Wo pra\u0161enjach w\u011bdomostneje integernos\u0107e ka\u017e te\u017e jako nar\u011b\u010denska wosoba za w\u0161\u011b pady mylneho zad\u017aer\u017eenja porad\u017aujetej ombudna wosoba resp. dow\u011brna wosoba za w\u011bdomostny dorost. Tutej wosobje dyrbitej po dow\u011brliwym porad\u017aowanju, je-li trjeba, dal\u0161e kroki zahaji\u0107.<\/p>\n<h3>Ombudna wosoba w Serbskim institu\u0107e<\/h3>\n<p>Ombudna wosoba je nar\u011b\u010denski partner, m\u00f3\u017ee porad\u017aowa\u0107 a posr\u011bdkowa\u0107 we w\u0161\u011bch podhladnych padach wopa\u010dneho w\u011bdomostneho zad\u017aer\u017eenja . Z m\u00f3\u017enej wozjewjenku wobchad\u017aa so dow\u011brliwje. Tole \u0161kita wosobu, kotra\u017e pad p\u0159izjewja, a zdobom wosobu, p\u0159e\u0107iwo kotrej\u017e so podhlad m\u011bri. Wopodstatni so z wida ombudneje wosoby podhlad wopa\u010dneho w\u011bdomostneho zad\u017aer\u017eenja, sposr\u011bdkuje so tut\u00f3n p\u0159is\u0142u\u0161nej p\u0159epytowanskej komisiji p\u0159i Drje\u017ed\u017aanskej TU.<\/p>\n<p><strong><a href=\"https:\/\/www.serbski-institut.de\/mitarbeiter\/dr-jana-pinosova\/\">dr. Jana Pi\u0148osov\u00e1<\/a><\/strong><br \/>\n<a href=\"&#x6d;&#x61;&#x69;&#x6c;&#116;&#111;&#58;&#106;ana&#x2e;&#x70;&#x69;&#x6e;&#x6f;&#115;&#111;&#118;a&#64;s&#x65;&#x72;&#x62;&#x73;&#x6b;&#105;&#45;&#105;nst&#x69;&#x74;&#x75;&#x74;&#x2e;&#100;&#101;\">jana.pinosova[a]serbski-institut.de<\/a>, tel. +49 3591 4972-0<\/p>\n<p>zastupnik:<\/p>\n<p><a href=\"https:\/\/www.serbski-institut.de\/mitarbeiter\/dr-fabian-jacobs\/\"><strong>dr. Fabian Jacobs<\/strong><\/a><br \/>\n<a href=\"&#x6d;&#x61;&#x69;&#x6c;&#x74;&#x6f;&#x3a;&#x66;&#x61;&#x62;&#x69;&#x61;&#x6e;&#x2e;&#x6a;&#x61;&#x63;&#x6f;&#x62;&#x73;&#x40;&#x73;&#x65;&#x72;&#x62;&#x73;&#x6b;&#x69;&#x2d;&#x69;&#x6e;&#x73;&#x74;&#x69;&#x74;&#x75;&#x74;&#x2e;&#x64;&#x65;\">fabian.jacobs[a]serbski-institut.de<\/a>, tel. +49 355 48576-482<\/p>\n<h3>Wosoba dow\u011bry za w\u011bdomostny dorost<\/h3>\n<p>Wosoba dow\u011bry za w\u011bdomostny dorost je w pr\u011bnim rjed\u017ae nar\u011b\u010denska wosoba za promowowacych a m\u00f3\u017ee w situacijach, kotre\u017e za\u010duwaja so hladajo na dobru w\u011bdomostnu praksu jako problematiske, porad\u017aowa\u0107 a posr\u011bdkowa\u0107. Je-li trjeba, a hdy\u017e je radu pytaca wosoba p\u0159ih\u0142osowa\u0142a, sposr\u011bdkuje dow\u011brna wosoba konfliktny pad ombudnej wosobje. P\u0159i tym p\u0142a\u0107i prawo, so bjezposr\u011bdnje na ombudnu wosobu wobro\u0107i\u0107, dale.<\/p>\n<p><a href=\"https:\/\/www.serbski-institut.de\/mitarbeiter\/dr-jenny-hagemann\/\"><strong>dr. Jenny Hagemanowa<\/strong><\/a><br \/>\n<a href=\"&#109;&#x61;i&#108;&#x74;o&#58;&#x6a;e&#110;&#x6e;y&#46;&#x68;a&#103;&#x65;m&#97;&#x6e;n&#64;&#x73;e&#114;&#x62;s&#107;&#x69;-&#105;&#x6e;s&#x74;&#x69;t&#x75;&#x74;&#46;&#x64;&#x65;\">jenny.hagemann[a]serbski-institut.de<\/a>, tel. 0355 48 64 48 15<\/p>\n<p>zastupnica:<\/p>\n<p><a href=\"https:\/\/www.serbski-institut.de\/mitarbeiter\/dr-anastasija-kostiucenko\/\"><strong>dr. Anastasija Kostiu\u010denko-Kessler<\/strong><\/a><br \/>\n<a href=\"&#x6d;&#x61;&#x69;&#x6c;&#x74;&#x6f;&#x3a;&#x61;&#x6e;&#x61;&#x73;&#116;&#97;&#115;&#105;&#106;&#97;&#46;kostiu&#x63;&#x65;&#x6e;&#x6b;&#x6f;&#x40;&#x73;&#x65;&#x72;&#x62;&#x73;&#x6b;&#105;&#45;&#105;&#110;&#115;&#116;&#105;tut&#46;de\">&#97;&#x6e;&#97;&#x73;&#116;&#x61;s&#x69;j&#x61;&#46;&#107;&#x6f;&#115;&#x74;&#105;&#x75;&#99;&#x65;n&#x6b;o&#x40;s&#101;&#x72;&#98;&#x73;&#107;&#x69;&#45;&#x69;n&#x73;t&#x69;t&#117;&#x74;&#46;&#x64;&#101;<\/a>, tel. 0355 48 64 48 14<\/p>\n<p>Jako alternatiwa k ombudnej wosobje Serbskeho instituta m\u00f3\u017ee so k\u00f3\u017edy sam na nadregionalny gremij \u201e<a href=\"https:\/\/ombudsgremium.de\/\" target=\"_blank\" rel=\"noopener\">Ombudsgremium f\u00fcr wissenschaftliche Integrit\u00e4t in Deutschland<\/a>\u201c wobro\u0107i\u0107. Tut\u00f3n gremij je DFG zasad\u017ai\u0142o.<\/p>\n<h3>Dal\u0161e informacije<\/h3>\n<ul>\n<li>kodeks DFG \u201e<a href=\"https:\/\/wissenschaftliche-integritaet.de\/kodex\/\" target=\"_blank\" rel=\"noopener\">Sm\u011brnicy za zaw\u011bs\u0107enje dobreje w\u011bdomostneje praksy<\/a>\u201c<\/li>\n<li><a href=\"https:\/\/tu-dresden.de\/forschung-transfer\/gute-wissenschaftliche-praxis\/leitlinien-hinweise\" target=\"_blank\" rel=\"noopener\">sm\u011brnicy za dobru w\u011bdomostnu praksu<\/a> p\u0159i Drje\u017ed\u017aanskej TU<\/li>\n<\/ul>\n","protected":false},"excerpt":{"rendered":"<p>Serbski institut (SI) ze swojimi w\u011bdomostnicami a w\u011bdomostnikami je so zawjaza\u0142, prawid\u0142a dobreje w\u011bdomostneje praksy dod\u017aer\u017ee\u0107. Z tym chce w\u011bdomostnu integernos\u0107 ka\u017e te\u017e ked\u017abliwy a fairny wobchad mjez sobu zaw\u011bs\u0107i\u0107 a wopa\u010dnemu w\u011bdomostnemu zad\u017aer\u017eenju zad\u017a\u011bwa\u0107. Serbski institut je so sm\u011brnicam DFG k zaw\u011bs\u0107enju dobreje w\u011bdomostneje praksy p\u0159izamkny\u0142. Tr\u011bbne naprawy zwoprawd\u017ai p\u0159ez kooperaciju z Techniskej uniwersitu [&hellip;]<\/p>\n","protected":false},"author":5,"featured_media":0,"parent":3086,"menu_order":14,"comment_status":"closed","ping_status":"closed","template":"","meta":{"_acf_changed":false,"footnotes":""},"class_list":["post-16318","page","type-page","status-publish","hentry"],"acf":[],"_links":{"self":[{"href":"https:\/\/www.serbski-institut.de\/os\/wp-json\/wp\/v2\/pages\/16318","targetHints":{"allow":["GET"]}}],"collection":[{"href":"https:\/\/www.serbski-institut.de\/os\/wp-json\/wp\/v2\/pages"}],"about":[{"href":"https:\/\/www.serbski-institut.de\/os\/wp-json\/wp\/v2\/types\/page"}],"author":[{"embeddable":true,"href":"https:\/\/www.serbski-institut.de\/os\/wp-json\/wp\/v2\/users\/5"}],"replies":[{"embeddable":true,"href":"https:\/\/www.serbski-institut.de\/os\/wp-json\/wp\/v2\/comments?post=16318"}],"version-history":[{"count":7,"href":"https:\/\/www.serbski-institut.de\/os\/wp-json\/wp\/v2\/pages\/16318\/revisions"}],"predecessor-version":[{"id":248879,"href":"https:\/\/www.serbski-institut.de\/os\/wp-json\/wp\/v2\/pages\/16318\/revisions\/248879"}],"up":[{"embeddable":true,"href":"https:\/\/www.serbski-institut.de\/os\/wp-json\/wp\/v2\/pages\/3086"}],"wp:attachment":[{"href":"https:\/\/www.serbski-institut.de\/os\/wp-json\/wp\/v2\/media?parent=16318"}],"curies":[{"name":"wp","href":"https:\/\/api.w.org\/{rel}","templated":true}]}}