{"id":251462,"date":"2026-01-09T09:45:35","date_gmt":"2026-01-09T08:45:35","guid":{"rendered":"https:\/\/www.serbski-institut.de\/aktualne\/sorabistika-po-pucu\/"},"modified":"2026-03-12T08:19:41","modified_gmt":"2026-03-12T07:19:41","slug":"sorabistika-po-pucu","status":"publish","type":"page","link":"https:\/\/www.serbski-institut.de\/os\/aktualne\/sorabistika-po-pucu\/","title":{"rendered":"Sorabistika po pu\u0107u"},"content":{"rendered":"<p>Dnja 1. meje 1951 bu Institut za serbski ludospyt za\u0142o\u017eeny. Z tutoho wu\u0144d\u017ae w l\u011b\u0107e 1992 Serbski institut. Z tym zhladujemy na 75 l\u011bt institucionelneje sorabistiki w Budy\u0161inje. Za sobud\u017a\u011b\u0142a\u0107erki a za sobud\u017a\u011b\u0142a\u0107erjow je to dobra sk\u0142adnos\u0107, na wosebite wa\u0161nje dohlady do swojich sl\u011bd\u017aenjow wo r\u011b\u010di, stawiznach a kulturje Serbow poski\u0107i\u0107\u00a0 &#8211; w rjed\u017ae &#8220;Sorabistika po pu\u0107u&#8221;.<\/p>\n<p>Poskitk je mysleny za towarstwa, muzeje a dal\u0161e kulturne kub\u0142ani\u0161\u0107a w Sakskej a Braniborskej. Jinak prajene: P\u0159i\u0144d\u017aemy k wam, bjez toho zo nastanu Wam wudawki za j\u011bzbne k\u00f3\u0161ty a honorary. Poski\u0107amy Wam p\u0159edno\u0161ki wo wum\u011b\u0142stwje, kulturje a r\u011b\u010dnych wosebitos\u0107ach \u0141u\u017eicy, runje tak ka\u017e wjed\u017aenja a zarjadowanja, w kotrych\u017e m\u00f3\u017ee\u0107e sami sobu \u010dini\u0107.<\/p>\n","protected":false},"excerpt":{"rendered":"<p>Dnja 1. meje 1951 bu Institut za serbski ludospyt za\u0142o\u017eeny. Z tutoho wu\u0144d\u017ae w l\u011b\u0107e 1992 Serbski institut. Z tym zhladujemy na 75 l\u011bt institucionelneje sorabistiki w Budy\u0161inje. Za sobud\u017a\u011b\u0142a\u0107erki a za sobud\u017a\u011b\u0142a\u0107erjow je to dobra sk\u0142adnos\u0107, na wosebite wa\u0161nje dohlady do swojich sl\u011bd\u017aenjow wo r\u011b\u010di, stawiznach a kulturje Serbow poski\u0107i\u0107\u00a0 &#8211; w rjed\u017ae &#8220;Sorabistika [&hellip;]<\/p>\n","protected":false},"author":33,"featured_media":251780,"parent":3359,"menu_order":0,"comment_status":"closed","ping_status":"closed","template":"archive-vortragsangebot-start.php","meta":{"_acf_changed":false,"footnotes":""},"class_list":["post-251462","page","type-page","status-publish","has-post-thumbnail","hentry"],"acf":[],"_links":{"self":[{"href":"https:\/\/www.serbski-institut.de\/os\/wp-json\/wp\/v2\/pages\/251462","targetHints":{"allow":["GET"]}}],"collection":[{"href":"https:\/\/www.serbski-institut.de\/os\/wp-json\/wp\/v2\/pages"}],"about":[{"href":"https:\/\/www.serbski-institut.de\/os\/wp-json\/wp\/v2\/types\/page"}],"author":[{"embeddable":true,"href":"https:\/\/www.serbski-institut.de\/os\/wp-json\/wp\/v2\/users\/33"}],"replies":[{"embeddable":true,"href":"https:\/\/www.serbski-institut.de\/os\/wp-json\/wp\/v2\/comments?post=251462"}],"version-history":[{"count":3,"href":"https:\/\/www.serbski-institut.de\/os\/wp-json\/wp\/v2\/pages\/251462\/revisions"}],"predecessor-version":[{"id":252163,"href":"https:\/\/www.serbski-institut.de\/os\/wp-json\/wp\/v2\/pages\/251462\/revisions\/252163"}],"up":[{"embeddable":true,"href":"https:\/\/www.serbski-institut.de\/os\/wp-json\/wp\/v2\/pages\/3359"}],"wp:featuredmedia":[{"embeddable":true,"href":"https:\/\/www.serbski-institut.de\/os\/wp-json\/wp\/v2\/media\/251780"}],"wp:attachment":[{"href":"https:\/\/www.serbski-institut.de\/os\/wp-json\/wp\/v2\/media?parent=251462"}],"curies":[{"name":"wp","href":"https:\/\/api.w.org\/{rel}","templated":true}]}}