{"id":2961,"date":"2021-11-23T12:01:20","date_gmt":"2021-11-23T11:01:20","guid":{"rendered":"https:\/\/beta.serbski-institut.de\/serbski-institut\/"},"modified":"2026-03-30T13:06:54","modified_gmt":"2026-03-30T11:06:54","slug":"serbski-institut","status":"publish","type":"page","link":"https:\/\/www.serbski-institut.de\/os\/serbski-institut\/","title":{"rendered":"Institut"},"content":{"rendered":"<p>Serbski institut ze syd\u0142om w Budy\u0161inje a wotno\u017ekomaj w Cho\u0107ebuzu p\u0159epytuje r\u011b\u010d, stawizny a kulturu Serbow w Hornjej a Delnjej \u0141u\u017eicy w za\u0161\u0142os\u0107i a p\u0159itomnos\u0107i.<\/p>\n<p>W\u00f3n zb\u011bra a archiw\u011bruje k tomu tr\u011bbne materialije, p\u0159ihotuje je za w\u011bdomostne sl\u011bd\u017aenje a sp\u0159istupnja je zdobom zjawnos\u0107i. Nimo toho su interdisciplinarne sl\u011bd\u017aenja instituta na aktualne po\u0142o\u017eenje, na wosebitos\u0107e a na p\u0159irunowanje ma\u0142ych r\u011b\u010dow a kulturow w Europje wusm\u011brjene.<\/p>\n<p>K Serbskemu institutej s\u0142u\u0161atej <a href=\"https:\/\/www.serbski-institut.de\/bibliothek\/\">Serbska centralna biblioteka<\/a> a <a href=\"https:\/\/www.serbski-institut.de\/sorbisches-kulturarchiv\/\">Serbski kulturny archiw<\/a> jako jeni\u010dkej zjawnej fachowej zb\u011brce za serbske a sorabistiske bibliotekowe a archiwne materialije.<\/p>\n<p>Sl\u011bd\u017aenje je we t\u0159och wotrjadach za <a href=\"https:\/\/www.serbski-institut.de\/forschung\/kulturwissenschaften\/\">kulturne w\u011bdomos\u0107e<\/a>, <a href=\"https:\/\/www.serbski-institut.de\/forschung\/sprachwissenschaft\/\">r\u011b\u010despyt<\/a> a za <a href=\"https:\/\/www.serbski-institut.de\/forschung\/regionalentwicklung-und-minderheitenschutz\/\">regionalne wuwi\u0107e a \u0161kit mje\u0144\u0161in<\/a> organizowane. K\u00f3\u017edy wotrjad w\u011bnuje so swojemu specifiskemu polu z interdisciplinarneje perspektiwy. Serbski institut kooperuje z druhimi w\u011bdomostnymi zarjadni\u0161\u0107emi w tu- a wukraju. Jeho fachowcy spjelnjeja wu\u010dbne nadawki na uniwersitach a wysokich \u0161ulach. K\u00f3\u017ede druhe l\u011bto wuhotuje institut <a href=\"https:\/\/www.serbski-institut.de\/institut\/angebote\/sommerkurs\/\">mjezynarodny l\u011btni pr\u00f3zdninski kurs za serbsku r\u011b\u010d a kulturu<\/a>.<\/p>\n<p>Institut njep\u0159ino\u0161uje jeno\u017e k wuwi\u0107u w\u011bdomos\u0107e w teoriji a metod\u017ae, ale posylnja te\u017e \u2013 w zmysle wustawkow \u2013 \u010destnohamtske mocy w serbskich towarstwach runje tak ka\u017e w \u0161ulach, kulturnych institucijach a medijach skutkowacych Serbow a N\u011bmcow, kot\u0159i\u017e so wo zd\u017aer\u017eenje bikulturneje substancy pr\u00f3cuja.<\/p>\n<p>Z dw\u00f3jnym wusm\u011brjenjom na sorabistisko-socialnow\u011bdomostne sl\u011bd\u017aenje a na praktisku podp\u011bru za serbsku r\u011b\u010d a kulturu w Hornjej a Delnjej \u0141u\u017eicy je drje zapo\u0142o\u017eenje instituta, ki\u017e je kruty wobstatk w\u011bdomos\u0107e w N\u011bmskej, j\u00f3nkr\u00f3tne. Z tym zwuraznja so na\u010dasny, na dialogu mjez w\u011bdomos\u0107u a towar\u0161nos\u0107u wotpo\u010dowacy koncept.<\/p>\n<p>Serbski institut je so k 1. januarej 1992 wot Swobodneho stata Sakska zhromadnje z krajom Braniborska wutwori\u0142. Po swojej prawniskej formje je w\u00f3n zapisane towarstwo. Jeho tradicije jako zwonkauniwersitne sl\u011bd\u017aeni\u0161\u0107o z\u0142o\u017euja so na Institut za serbski ludospyt, kotry\u017e b\u011b so l\u011bta 1951 za\u0142o\u017ei\u0142 a wot 1952 do 1991 N\u011bmskej akademiji w\u011bdomos\u0107ow (wot 1972: Akademiji w\u011bdomos\u0107ow NDR) p\u0159is\u0142u\u0161a\u0142. Z nowoza\u0142o\u017eenjom Serbskeho instituta spo\u010datk 1992 nawjaza so na tradiciju, zdobom pak poski\u0107i so \u0161ansa za inowaciju. Fachowospecifiske a interdisciplinarne projekty p\u0159edchadnika, Instituta za serbski ludospyt \u2013 b\u011bchu to zd\u017a\u011bla p\u0159edewza\u0107a z do\u0142hodobnym akademijowym charakterom \u2013 m\u00f3\u017eachu so zwjet\u0161a dale wjes\u0107.<\/p>\n<div class=\"alert alert-warning\">\n<p>W l\u011b\u0107e 2026 swje\u0107imy 75. jubilej. Informacije wo na\u0161ich aktiwitach namaka\u0107e <a href=\"https:\/\/www.serbski-institut.de\/aktuelles\/\">w rubrice &#8220;Aktualne&#8221;<\/a>.<\/p>\n<\/div>\n<p><em>Aktualne wustawki Serbskeho instituta namaka\u0107e na tutej stronce deleka.<\/em><\/p>\n","protected":false},"excerpt":{"rendered":"<p>Serbski institut ze syd\u0142om w Budy\u0161inje a wotno\u017ekomaj w Cho\u0107ebuzu p\u0159epytuje r\u011b\u010d, stawizny a kulturu Serbow w Hornjej a Delnjej \u0141u\u017eicy w za\u0161\u0142os\u0107i a p\u0159itomnos\u0107i. W\u00f3n zb\u011bra a archiw\u011bruje k tomu tr\u011bbne materialije, p\u0159ihotuje je za w\u011bdomostne sl\u011bd\u017aenje a sp\u0159istupnja je zdobom zjawnos\u0107i. Nimo toho su interdisciplinarne sl\u011bd\u017aenja instituta na aktualne po\u0142o\u017eenje, na wosebitos\u0107e a [&hellip;]<\/p>\n","protected":false},"author":32,"featured_media":0,"parent":0,"menu_order":5,"comment_status":"closed","ping_status":"closed","template":"","meta":{"_acf_changed":false,"footnotes":""},"class_list":["post-2961","page","type-page","status-publish","hentry"],"acf":[],"_links":{"self":[{"href":"https:\/\/www.serbski-institut.de\/os\/wp-json\/wp\/v2\/pages\/2961","targetHints":{"allow":["GET"]}}],"collection":[{"href":"https:\/\/www.serbski-institut.de\/os\/wp-json\/wp\/v2\/pages"}],"about":[{"href":"https:\/\/www.serbski-institut.de\/os\/wp-json\/wp\/v2\/types\/page"}],"author":[{"embeddable":true,"href":"https:\/\/www.serbski-institut.de\/os\/wp-json\/wp\/v2\/users\/32"}],"replies":[{"embeddable":true,"href":"https:\/\/www.serbski-institut.de\/os\/wp-json\/wp\/v2\/comments?post=2961"}],"version-history":[{"count":3,"href":"https:\/\/www.serbski-institut.de\/os\/wp-json\/wp\/v2\/pages\/2961\/revisions"}],"predecessor-version":[{"id":252348,"href":"https:\/\/www.serbski-institut.de\/os\/wp-json\/wp\/v2\/pages\/2961\/revisions\/252348"}],"wp:attachment":[{"href":"https:\/\/www.serbski-institut.de\/os\/wp-json\/wp\/v2\/media?parent=2961"}],"curies":[{"name":"wp","href":"https:\/\/api.w.org\/{rel}","templated":true}]}}