{"id":3070,"date":"2021-11-23T14:25:05","date_gmt":"2021-11-23T13:25:05","guid":{"rendered":"https:\/\/beta.serbski-institut.de\/serbski-institut\/sobudzelacerjo-sobudzelacerki\/"},"modified":"2026-03-30T13:08:20","modified_gmt":"2026-03-30T11:08:20","slug":"sobudzelacerjo-sobudzelacerki","status":"publish","type":"page","link":"https:\/\/www.serbski-institut.de\/os\/serbski-institut\/sobudzelacerjo-sobudzelacerki\/","title":{"rendered":"P\u0159istajeni"},"content":{"rendered":"<p>Na tutej stronje su p\u0159istajeni Serbskeho instituta wotpow\u011bdnym wotrjadam respektiwnje organizaciskim jednotkam p\u0159irjadowani. Cyle deleka na stronje namaka\u0107e <a href=\"#az\">alfabetisku lis\u0107inu w\u0161itkich p\u0159istajenych<\/a>.<\/p>\n","protected":false},"excerpt":{"rendered":"<p>Na tutej stronje su p\u0159istajeni Serbskeho instituta wotpow\u011bdnym wotrjadam respektiwnje organizaciskim jednotkam p\u0159irjadowani. Cyle deleka na stronje namaka\u0107e alfabetisku lis\u0107inu w\u0161itkich p\u0159istajenych.<\/p>\n","protected":false},"author":32,"featured_media":0,"parent":2961,"menu_order":3,"comment_status":"closed","ping_status":"closed","template":"archive-mitarbeiter.php","meta":{"_acf_changed":false,"footnotes":""},"class_list":["post-3070","page","type-page","status-publish","hentry"],"acf":[],"_links":{"self":[{"href":"https:\/\/www.serbski-institut.de\/os\/wp-json\/wp\/v2\/pages\/3070","targetHints":{"allow":["GET"]}}],"collection":[{"href":"https:\/\/www.serbski-institut.de\/os\/wp-json\/wp\/v2\/pages"}],"about":[{"href":"https:\/\/www.serbski-institut.de\/os\/wp-json\/wp\/v2\/types\/page"}],"author":[{"embeddable":true,"href":"https:\/\/www.serbski-institut.de\/os\/wp-json\/wp\/v2\/users\/32"}],"replies":[{"embeddable":true,"href":"https:\/\/www.serbski-institut.de\/os\/wp-json\/wp\/v2\/comments?post=3070"}],"version-history":[{"count":3,"href":"https:\/\/www.serbski-institut.de\/os\/wp-json\/wp\/v2\/pages\/3070\/revisions"}],"predecessor-version":[{"id":252352,"href":"https:\/\/www.serbski-institut.de\/os\/wp-json\/wp\/v2\/pages\/3070\/revisions\/252352"}],"up":[{"embeddable":true,"href":"https:\/\/www.serbski-institut.de\/os\/wp-json\/wp\/v2\/pages\/2961"}],"wp:attachment":[{"href":"https:\/\/www.serbski-institut.de\/os\/wp-json\/wp\/v2\/media?parent=3070"}],"curies":[{"name":"wp","href":"https:\/\/api.w.org\/{rel}","templated":true}]}}