{"id":3087,"date":"2021-11-23T14:45:19","date_gmt":"2021-11-23T13:45:19","guid":{"rendered":"https:\/\/beta.serbski-institut.de\/sledzenje\/kulturne-wedomosce\/"},"modified":"2025-02-20T17:08:56","modified_gmt":"2025-02-20T16:08:56","slug":"kulturne-wedomosce","status":"publish","type":"page","link":"https:\/\/www.serbski-institut.de\/os\/sledzenje\/kulturne-wedomosce\/","title":{"rendered":"Kulturne w\u011bdomos\u0107e"},"content":{"rendered":"<p>W kulturnow\u011bdomostnym wotrjed\u017ae sl\u011bd\u017ai so tuchwilnje we dw\u011bmaj \u0107e\u017ei\u0161\u0107omaj. Wob\u011b tematiskej \u0107e\u017ei\u0161\u0107i zab\u011bratej so interdisciplinarnje a p\u0159irunujo z pra\u0161enjemi zaru\u010denja w\u011bstoty za etniske a r\u011b\u010dne mje\u0144\u0161iny, ka\u017e te\u017e z transformaciju kulturnych praktikow a towar\u0161nostnych normow pola Serbow a druhich mje\u0144\u0161inow. Sl\u011bd\u017aerske \u0107e\u017ei\u0161\u0107o \u201eInstitucionalizacija\u201c wobked\u017abuje wosebje fazu posp\u011b\u0161eneho institucionelneho a organizatoriskeho wuwi\u0107a serbskeje eksistency w modernje. \u0106e\u017ei\u0161\u0107o \u201e\u017diwjenske wa\u0161nja\u201c rozestaja so ze \u0161ansami a wu\u017eadanjemi socialnych, kulturnych, politiskich a ekonomiskich p\u0159ewr\u00f3tow w za\u017enym 21. l\u011btstotku. Dal\u0161e jednotliwe projekty w\u011bnuja so indiwiduelnym pra\u0161enjam, zaw\u011bs\u0107eja do\u0142hodobne p\u0159edewza\u0107a abo s\u0142u\u017ea kr\u00f3tkodobnym zam\u011bram.<\/p>\n","protected":false},"excerpt":{"rendered":"<p>W kulturnow\u011bdomostnym wotrjed\u017ae sl\u011bd\u017ai so tuchwilnje we dw\u011bmaj \u0107e\u017ei\u0161\u0107omaj. Wob\u011b tematiskej \u0107e\u017ei\u0161\u0107i zab\u011bratej so interdisciplinarnje a p\u0159irunujo z pra\u0161enjemi zaru\u010denja w\u011bstoty za etniske a r\u011b\u010dne mje\u0144\u0161iny, ka\u017e te\u017e z transformaciju kulturnych praktikow a towar\u0161nostnych normow pola Serbow a druhich mje\u0144\u0161inow. Sl\u011bd\u017aerske \u0107e\u017ei\u0161\u0107o \u201eInstitucionalizacija\u201c wobked\u017abuje wosebje fazu posp\u011b\u0161eneho institucionelneho a organizatoriskeho wuwi\u0107a serbskeje eksistency w modernje. [&hellip;]<\/p>\n","protected":false},"author":32,"featured_media":0,"parent":3086,"menu_order":5,"comment_status":"closed","ping_status":"closed","template":"","meta":{"_acf_changed":false,"footnotes":""},"class_list":["post-3087","page","type-page","status-publish","hentry"],"acf":[],"_links":{"self":[{"href":"https:\/\/www.serbski-institut.de\/os\/wp-json\/wp\/v2\/pages\/3087","targetHints":{"allow":["GET"]}}],"collection":[{"href":"https:\/\/www.serbski-institut.de\/os\/wp-json\/wp\/v2\/pages"}],"about":[{"href":"https:\/\/www.serbski-institut.de\/os\/wp-json\/wp\/v2\/types\/page"}],"author":[{"embeddable":true,"href":"https:\/\/www.serbski-institut.de\/os\/wp-json\/wp\/v2\/users\/32"}],"replies":[{"embeddable":true,"href":"https:\/\/www.serbski-institut.de\/os\/wp-json\/wp\/v2\/comments?post=3087"}],"version-history":[{"count":3,"href":"https:\/\/www.serbski-institut.de\/os\/wp-json\/wp\/v2\/pages\/3087\/revisions"}],"predecessor-version":[{"id":6858,"href":"https:\/\/www.serbski-institut.de\/os\/wp-json\/wp\/v2\/pages\/3087\/revisions\/6858"}],"up":[{"embeddable":true,"href":"https:\/\/www.serbski-institut.de\/os\/wp-json\/wp\/v2\/pages\/3086"}],"wp:attachment":[{"href":"https:\/\/www.serbski-institut.de\/os\/wp-json\/wp\/v2\/media?parent=3087"}],"curies":[{"name":"wp","href":"https:\/\/api.w.org\/{rel}","templated":true}]}}