{"id":3090,"date":"2021-11-23T14:56:10","date_gmt":"2021-11-23T13:56:10","guid":{"rendered":"https:\/\/beta.serbski-institut.de\/biblioteka-archiw\/serbski-kulturny-archiw\/"},"modified":"2026-03-23T14:15:39","modified_gmt":"2026-03-23T13:15:39","slug":"serbski-kulturny-archiw","status":"publish","type":"page","link":"https:\/\/www.serbski-institut.de\/os\/serbski-kulturny-archiw\/","title":{"rendered":"Serbski kulturny archiw"},"content":{"rendered":"<p>Serbski kulturny archiw je jeni\u010dki zjawny archiw za serbske a sorabistiske dokumenty a zb\u011brki. Ka\u017e te\u017e biblioteka nasta archiw na zak\u0142ad\u017ae zb\u011brkow byw\u0161eje Ma\u0107icy Serbskeje. Wulki d\u017a\u011bl archiwalijow tworja zawostajenstwa serbskich pr\u00f3cowarjow, w\u011bdomostnikow, spisowa\u0107elow, tworjacych wum\u011b\u0142cow a komponistow Delnjeje a Hornjeje \u0141u\u017eicy. Dal\u0161i wa\u017eny wobstatk je aktowy archiw Domowiny wot jeje za\u0142o\u017eenja w l. 1912 ha\u010d do l. 1989. K tomu p\u0159i\u0144du pod\u0142o\u017eki serbskich towarstwow, na p\u0159. Ma\u0107icy Serbskeje, studentskich zjedno\u0107enstwow, ch\u00f3row, &#8220;Soko\u0142a&#8221; ka\u017e te\u017e n\u011bkotrych kub\u0142ani\u0161\u0107ow a institucijow NDRskeho \u010dasa. Wuznamne mjez wobstatkami su nahladne zb\u011brki fotografijow, zawostajenstwa fotografow, zynkopaski, widea a filmowe nahrawanja. Nimo toho zb\u011bramy kwalifikaciske d\u017a\u011b\u0142a, nowinske wur\u011bzki, plakaty a programowe ze\u0161iwki. Tute schowamy a sp\u0159istupnjamy k historiskemu sl\u011bd\u017aenju. Runje tak tworja wone zajimawy pok\u0142ad za na\u010dasne serbske kulturne \u017eiwjenje.<\/p>\n<p>Wulki d\u017a\u011bl wobstatkow w Serbskim kulturnym archiwje su dary. Wjeselimy so p\u0159ez k\u00f3\u017edy p\u0159edmjet \u2013 dopisy, protokole serbskich towarstwow, fotografije, amaterske filmy, dopomnjenki, z kotrym\u017e wudospo\u0142ni so wobraz na\u0161ich stawiznow a kultury.<\/p>\n<p>We <a href=\"https:\/\/www.serbski-institut.de\/bibliothek\/virtueller-lesesaal\/\">wirtuelnej \u010ditarni<\/a> namaka\u0107e w\u0161itke poskitki Serbskeho kulturneho archiwa a Serbskeje centralneje biblioteki na jednym m\u011bstnje zhromad\u017aene.<\/p>\n<h2>\nWotewrjenske \u010dasy za biblioteku a archiw<\/h2>\n<p>wot p\u00f3nd\u017aele do srjedy: 9:00 \u2013 16:00 hod\u017a.<br \/>\n\u0161tw\u00f3rtk: 9:00 \u2013 18:00 hod\u017a.<br \/>\npjatk: zawrjene<\/p>\n<div class=\"alert alert-warning\">Zeleny \u0161tw\u00f3rtk, dnja 2. 4. 2026, bud\u017aetej biblioteka a archiw jeno\u017e ha\u010d do 16 hod\u017a. wotewrjenej.<br \/>\nP\u0159ejemy na\u0161im \u010ditarkam a \u010ditarjam \u017eohnowane jutry!<\/div>\n<p>Kontakt: <a class=\"link_mail hover\" title=\"link k e-mailce b&#105;&#98;&#x6c;&#x69;&#x6f;te&#107;&#97;&#x2d;&#x61;&#x72;c&#104;&#105;&#119;&#x40;&#x73;&#x65;r&#98;&#115;&#x6b;&#x69;&#x2d;in&#115;&#116;&#x69;&#x74;&#x75;t&#46;&#100;&#101;\" href=\"m&#97;&#105;&#x6c;&#x74;&#x6f;&#x3a;b&#105;&#98;&#108;&#x69;&#x6f;&#x74;ek&#97;&#45;&#x61;&#x72;&#x63;hi&#119;&#64;&#x73;&#x65;&#x72;bs&#107;&#105;&#x2d;&#x69;&#x6e;st&#105;&#116;&#x75;&#x74;&#x2e;de\">&#x62;&#x69;&#98;&#108;i&#x6f;&#x74;&#x65;&#107;a-&#x61;&#x72;&#99;&#104;i&#x77;&#x40;&#x73;&#101;rb&#x73;&#x6b;&#105;&#45;i&#x6e;&#x73;&#x74;&#105;tu&#x74;&#x2e;&#100;&#101;<\/a><br \/>\nTelefon: 03591 4972-33, -34<\/p>\n","protected":false},"excerpt":{"rendered":"<p>Serbski kulturny archiw je jeni\u010dki zjawny archiw za serbske a sorabistiske dokumenty a zb\u011brki. Ka\u017e te\u017e biblioteka nasta archiw na zak\u0142ad\u017ae zb\u011brkow byw\u0161eje Ma\u0107icy Serbskeje. Wulki d\u017a\u011bl archiwalijow tworja zawostajenstwa serbskich pr\u00f3cowarjow, w\u011bdomostnikow, spisowa\u0107elow, tworjacych wum\u011b\u0142cow a komponistow Delnjeje a Hornjeje \u0141u\u017eicy. Dal\u0161i wa\u017eny wobstatk je aktowy archiw Domowiny wot jeje za\u0142o\u017eenja w l. 1912 [&hellip;]<\/p>\n","protected":false},"author":32,"featured_media":0,"parent":0,"menu_order":10,"comment_status":"closed","ping_status":"closed","template":"","meta":{"_acf_changed":false,"footnotes":""},"class_list":["post-3090","page","type-page","status-publish","hentry"],"acf":[],"_links":{"self":[{"href":"https:\/\/www.serbski-institut.de\/os\/wp-json\/wp\/v2\/pages\/3090","targetHints":{"allow":["GET"]}}],"collection":[{"href":"https:\/\/www.serbski-institut.de\/os\/wp-json\/wp\/v2\/pages"}],"about":[{"href":"https:\/\/www.serbski-institut.de\/os\/wp-json\/wp\/v2\/types\/page"}],"author":[{"embeddable":true,"href":"https:\/\/www.serbski-institut.de\/os\/wp-json\/wp\/v2\/users\/32"}],"replies":[{"embeddable":true,"href":"https:\/\/www.serbski-institut.de\/os\/wp-json\/wp\/v2\/comments?post=3090"}],"version-history":[{"count":3,"href":"https:\/\/www.serbski-institut.de\/os\/wp-json\/wp\/v2\/pages\/3090\/revisions"}],"predecessor-version":[{"id":252278,"href":"https:\/\/www.serbski-institut.de\/os\/wp-json\/wp\/v2\/pages\/3090\/revisions\/252278"}],"wp:attachment":[{"href":"https:\/\/www.serbski-institut.de\/os\/wp-json\/wp\/v2\/media?parent=3090"}],"curies":[{"name":"wp","href":"https:\/\/api.w.org\/{rel}","templated":true}]}}