{"id":3091,"date":"2021-11-23T14:58:09","date_gmt":"2021-11-23T13:58:09","guid":{"rendered":"https:\/\/beta.serbski-institut.de\/maly-rjad-serbskeho-instituta\/"},"modified":"2026-03-27T10:23:01","modified_gmt":"2026-03-27T09:23:01","slug":"maly-rjad-serbskeho-instituta","status":"publish","type":"page","link":"https:\/\/www.serbski-institut.de\/os\/publikacije\/maly-rjad-serbskeho-instituta\/","title":{"rendered":"Ma\u0142y rjad Serbskeho instituta"},"content":{"rendered":"<p>Publikaciski rjad wuchad\u017aa w sw\u00f3jskim nak\u0142adnistwje Serbskeho instituta. Jeho tematiski spektrum wobjimuje w\u011bdomostne studije z wob\u0142uka serbskeje r\u011b\u010de a kultury ka\u017e te\u017e mje\u0144\u0161inoweje politiki. Sw\u00f3jska re\u017eija p\u0159i redakcionelnym a \u0107i\u0161\u0107erskim p\u0159ihotowanju ze\u0161iwkow garantuje wysoku fleksibilitu a zm\u00f3\u017enja te\u017e kr\u00f3tkodobne wozjewjenje dokumentow, zak\u00f3n\u010dacych d\u017a\u011b\u0142ow, konferencnych zb\u011brnikow, posudkow a pod.<\/p>\n<p>Tuchwilu wozjewjeja so wuda\u0107a Ma\u0142eho rjadu postupnje za open access wum\u011bnjenja na <a href=\"https:\/\/si.qucosa.de\/recherche\/\">publikaciskim serweru Serbskeho instituta Qucosa<\/a>. Wjacorych zwjazkow\u00a0 (ze\u0161iwk \u010do. 27 ha\u010d do 39) je hi\u017eo wozjewjenych a je docp\u011bjomnych p\u0159ez sw\u00f3jsku DOI.<\/p>\n<p>Jednotliwe (star\u0161e) publikacije hod\u017aa so tule jako pdf-ka darmotnje dele s\u0107ahny\u0107. \u0106i\u0161\u0107ane eksemplary skazaj\u0107e pro\u0161u p\u0159ez mejlku na <a href=\"&#x6d;&#97;i&#x6c;&#116;o&#x3a;&#115;i&#x40;&#115;e&#x72;&#98;s&#x6b;&#x69;-&#x69;&#x6e;&#115;&#x74;&#x69;&#116;&#x75;&#x74;&#46;d&#x65;\">si&#64;&#115;&#101;&#114;&#98;&#x73;&#x6b;&#x69;&#x2d;&#x69;&#x6e;&#x73;tit&#117;&#116;&#46;&#100;&#101;<\/a> abo telefonisce w sekretaria\u0107e Serbskeho instituta, tel. 03591 4972-0. Pro\u0161u \u010ditaj\u0107e w &#8220;Lis\u0107inje w\u0161\u011bch wuda\u0107ow Ma\u0142eho rjadu&#8221;, kotre ze\u0161iwki su rozebrane.<\/p>\n<p>&nbsp;<\/p>\n","protected":false},"excerpt":{"rendered":"<p>Publikaciski rjad wuchad\u017aa w sw\u00f3jskim nak\u0142adnistwje Serbskeho instituta. Jeho tematiski spektrum wobjimuje w\u011bdomostne studije z wob\u0142uka serbskeje r\u011b\u010de a kultury ka\u017e te\u017e mje\u0144\u0161inoweje politiki. Sw\u00f3jska re\u017eija p\u0159i redakcionelnym a \u0107i\u0161\u0107erskim p\u0159ihotowanju ze\u0161iwkow garantuje wysoku fleksibilitu a zm\u00f3\u017enja te\u017e kr\u00f3tkodobne wozjewjenje dokumentow, zak\u00f3n\u010dacych d\u017a\u011b\u0142ow, konferencnych zb\u011brnikow, posudkow a pod. Tuchwilu wozjewjeja so wuda\u0107a Ma\u0142eho rjadu postupnje [&hellip;]<\/p>\n","protected":false},"author":32,"featured_media":0,"parent":13383,"menu_order":13,"comment_status":"closed","ping_status":"closed","template":"archive-publikationen.php","meta":{"_acf_changed":false,"footnotes":""},"class_list":["post-3091","page","type-page","status-publish","hentry"],"acf":[],"_links":{"self":[{"href":"https:\/\/www.serbski-institut.de\/os\/wp-json\/wp\/v2\/pages\/3091","targetHints":{"allow":["GET"]}}],"collection":[{"href":"https:\/\/www.serbski-institut.de\/os\/wp-json\/wp\/v2\/pages"}],"about":[{"href":"https:\/\/www.serbski-institut.de\/os\/wp-json\/wp\/v2\/types\/page"}],"author":[{"embeddable":true,"href":"https:\/\/www.serbski-institut.de\/os\/wp-json\/wp\/v2\/users\/32"}],"replies":[{"embeddable":true,"href":"https:\/\/www.serbski-institut.de\/os\/wp-json\/wp\/v2\/comments?post=3091"}],"version-history":[{"count":3,"href":"https:\/\/www.serbski-institut.de\/os\/wp-json\/wp\/v2\/pages\/3091\/revisions"}],"predecessor-version":[{"id":252313,"href":"https:\/\/www.serbski-institut.de\/os\/wp-json\/wp\/v2\/pages\/3091\/revisions\/252313"}],"up":[{"embeddable":true,"href":"https:\/\/www.serbski-institut.de\/os\/wp-json\/wp\/v2\/pages\/13383"}],"wp:attachment":[{"href":"https:\/\/www.serbski-institut.de\/os\/wp-json\/wp\/v2\/media?parent=3091"}],"curies":[{"name":"wp","href":"https:\/\/api.w.org\/{rel}","templated":true}]}}