{"id":3093,"date":"2021-11-23T15:02:25","date_gmt":"2021-11-23T14:02:25","guid":{"rendered":"https:\/\/beta.serbski-institut.de\/spisy-serbskeho-instituta\/"},"modified":"2026-03-26T15:06:18","modified_gmt":"2026-03-26T14:06:18","slug":"spisy-serbskeho-instituta","status":"publish","type":"page","link":"https:\/\/www.serbski-institut.de\/os\/publikacije\/spisy-serbskeho-instituta\/","title":{"rendered":"Spisy Serbskeho instituta"},"content":{"rendered":"<p>Wot l\u011bta 2026 (zwjazk 73) wu\u0144d\u017ae rjad Spisow pola Berlinskeho w\u011bdomostneho\u00a0 nak\u0142adnistwa Frank &amp; Timme. Publikacije nak\u0142aduja so darmotnje a swobodnje p\u0159istupne we formje open access, nimo toho jako \u0107i\u0161\u0107ane wuda\u0107a.<\/p>\n<p>Interdisciplinarny rjad Spisow Serbskeho instituta wuchad\u017aa wot znowaza\u0142o\u017eenja Serbskeho instituta w l\u011b\u0107e 1992. <em>Spisy<\/em> su pokro\u010dowanje <a href=\"https:\/\/www.serbski-institut.de\/veroeffentlichung\/abgeschlossene-reihen\/schriftenreihe-des-instituts-fuer-sorbische-volksforschung-1954-1990\/\">rjada spisow<\/a>, kotry\u017e je p\u0159edchadnik instituta, Institut za serbski ludospyt, mjez 1954 a 1990 wudawa\u0142 (dohromady 58 zwjazkow; wot l\u011bta 1992 so wotnowa li\u010di). We <em>Spisach<\/em> wozjewjeja so nowe sl\u011bd\u017aerske wusl\u011bdki k r\u011b\u010di, stawiznam a kulturje Serbow ka\u017e te\u017e z p\u0159irunowaceho mje\u0144\u0161inoweho sl\u011bd\u017aenja. <em>Spisy<\/em> dokumentuja sl\u011bd\u017aersku d\u017a\u011b\u0142awos\u0107 Serbskeho instituta runje tak ka\u017e konferency. P\u0159iwzaja so ale te\u017e eksternje nastate sl\u011bd\u017aerske a kwalifikaciske d\u017a\u011b\u0142a, kotre\u017e zarjaduja so do sl\u011bd\u017aerskeho spektruma Serbskeho instituta. Rjad spisow je ha\u010d do l\u011bta 2025 (zwjazk 72) pola Ludoweho nak\u0142adnistwa Domowina w Budy\u0161inje wu\u0161o\u0142.<\/p>\n","protected":false},"excerpt":{"rendered":"<p>Wot l\u011bta 2026 (zwjazk 73) wu\u0144d\u017ae rjad Spisow pola Berlinskeho w\u011bdomostneho\u00a0 nak\u0142adnistwa Frank &amp; Timme. Publikacije nak\u0142aduja so darmotnje a swobodnje p\u0159istupne we formje open access, nimo toho jako \u0107i\u0161\u0107ane wuda\u0107a. Interdisciplinarny rjad Spisow Serbskeho instituta wuchad\u017aa wot znowaza\u0142o\u017eenja Serbskeho instituta w l\u011b\u0107e 1992. Spisy su pokro\u010dowanje rjada spisow, kotry\u017e je p\u0159edchadnik instituta, Institut za [&hellip;]<\/p>\n","protected":false},"author":32,"featured_media":0,"parent":13383,"menu_order":16,"comment_status":"closed","ping_status":"closed","template":"archive-publikationen.php","meta":{"_acf_changed":false,"footnotes":""},"class_list":["post-3093","page","type-page","status-publish","hentry"],"acf":[],"_links":{"self":[{"href":"https:\/\/www.serbski-institut.de\/os\/wp-json\/wp\/v2\/pages\/3093","targetHints":{"allow":["GET"]}}],"collection":[{"href":"https:\/\/www.serbski-institut.de\/os\/wp-json\/wp\/v2\/pages"}],"about":[{"href":"https:\/\/www.serbski-institut.de\/os\/wp-json\/wp\/v2\/types\/page"}],"author":[{"embeddable":true,"href":"https:\/\/www.serbski-institut.de\/os\/wp-json\/wp\/v2\/users\/32"}],"replies":[{"embeddable":true,"href":"https:\/\/www.serbski-institut.de\/os\/wp-json\/wp\/v2\/comments?post=3093"}],"version-history":[{"count":3,"href":"https:\/\/www.serbski-institut.de\/os\/wp-json\/wp\/v2\/pages\/3093\/revisions"}],"predecessor-version":[{"id":252296,"href":"https:\/\/www.serbski-institut.de\/os\/wp-json\/wp\/v2\/pages\/3093\/revisions\/252296"}],"up":[{"embeddable":true,"href":"https:\/\/www.serbski-institut.de\/os\/wp-json\/wp\/v2\/pages\/13383"}],"wp:attachment":[{"href":"https:\/\/www.serbski-institut.de\/os\/wp-json\/wp\/v2\/media?parent=3093"}],"curies":[{"name":"wp","href":"https:\/\/api.w.org\/{rel}","templated":true}]}}