{"id":3204,"date":"2021-11-25T14:08:36","date_gmt":"2021-11-25T13:08:36","guid":{"rendered":"https:\/\/beta.serbski-institut.de\/serbski-institut\/rozprawy\/"},"modified":"2025-05-27T10:48:51","modified_gmt":"2025-05-27T08:48:51","slug":"rozprawy","status":"publish","type":"page","link":"https:\/\/www.serbski-institut.de\/os\/serbski-institut\/rozprawy\/","title":{"rendered":"Rozprawy"},"content":{"rendered":"<h2>K d\u017a\u011b\u0142awos\u0107i Serbskeho instituta<\/h2>\n<p>Serbski institut rozprawja b\u011b\u017enje p\u0159ez sw\u00f3j <a href=\"https:\/\/www.serbski-institut.de\/newsletter\/\">Wokolnik<\/a>. Wot l\u011bta 2018 wu\u0144du dw\u011b do t\u0159i wuda\u0107a wob l\u011bto. Nimo toho wozjewja Serbski institut nowinki na swojej domjacej stronce w <a href=\"https:\/\/www.serbski-institut.de\/aktuelles\/\">rubrice &#8220;Aktualne&#8221;<\/a>. Tam wozjewjeja so <a href=\"https:\/\/www.serbski-institut.de\/aktuelles\/neuigkeiten\/\">nowostki<\/a>, ale te\u017e aktualne <a href=\"https:\/\/www.serbski-institut.de\/aktuelles\/veranstaltungen\/\">zarjadowanja<\/a> a <a href=\"https:\/\/www.serbski-institut.de\/aktuelles\/ausschreibungen\/\">wupisanja<\/a>.<\/p>\n<p>Dale je Serbski institut na &#8220;Twitter&#8221; zastupjeny (<a href=\"https:\/\/twitter.com\/serbskiinstitut\" target=\"_blank\" rel=\"noopener\">@serbskiinstitut<\/a>) a hdys a hdys staji widejo te\u017e do swojeho <a href=\"https:\/\/www.youtube.com\/@sorbischesinstitutserbskii9128\/about\" target=\"_blank\" rel=\"noopener\">Youtube-kanala<\/a>.<\/p>\n<p>Wot l\u011bta 2013\/14 p\u0159edstaja Serbski institut zajimowanej zjawnos\u0107i njeprawid\u0142ownje bro\u0161urku z wosebje sp\u0159ihotowanej d\u017a\u011b\u0142owej rozprawu. Nimo wub\u011bra sl\u011bd\u017aerskich projektow, zarjadowanych do wjet\u0161ich tematiskich wob\u0142ukow, poski\u0107a bro\u0161ura te\u017e pozadkowe informacije k d\u017a\u011b\u0142awos\u0107i instituta. Runje so p\u0159ichodne wuda\u0107e p\u0159ihotuje.<\/p>\n","protected":false},"excerpt":{"rendered":"<p>K d\u017a\u011b\u0142awos\u0107i Serbskeho instituta Serbski institut rozprawja b\u011b\u017enje p\u0159ez sw\u00f3j Wokolnik. Wot l\u011bta 2018 wu\u0144du dw\u011b do t\u0159i wuda\u0107a wob l\u011bto. Nimo toho wozjewja Serbski institut nowinki na swojej domjacej stronce w rubrice &#8220;Aktualne&#8221;. Tam wozjewjeja so nowostki, ale te\u017e aktualne zarjadowanja a wupisanja. Dale je Serbski institut na &#8220;Twitter&#8221; zastupjeny (@serbskiinstitut) a hdys a [&hellip;]<\/p>\n","protected":false},"author":32,"featured_media":0,"parent":2961,"menu_order":5,"comment_status":"closed","ping_status":"closed","template":"","meta":{"_acf_changed":false,"footnotes":""},"class_list":["post-3204","page","type-page","status-publish","hentry"],"acf":[],"_links":{"self":[{"href":"https:\/\/www.serbski-institut.de\/os\/wp-json\/wp\/v2\/pages\/3204","targetHints":{"allow":["GET"]}}],"collection":[{"href":"https:\/\/www.serbski-institut.de\/os\/wp-json\/wp\/v2\/pages"}],"about":[{"href":"https:\/\/www.serbski-institut.de\/os\/wp-json\/wp\/v2\/types\/page"}],"author":[{"embeddable":true,"href":"https:\/\/www.serbski-institut.de\/os\/wp-json\/wp\/v2\/users\/32"}],"replies":[{"embeddable":true,"href":"https:\/\/www.serbski-institut.de\/os\/wp-json\/wp\/v2\/comments?post=3204"}],"version-history":[{"count":5,"href":"https:\/\/www.serbski-institut.de\/os\/wp-json\/wp\/v2\/pages\/3204\/revisions"}],"predecessor-version":[{"id":11439,"href":"https:\/\/www.serbski-institut.de\/os\/wp-json\/wp\/v2\/pages\/3204\/revisions\/11439"}],"up":[{"embeddable":true,"href":"https:\/\/www.serbski-institut.de\/os\/wp-json\/wp\/v2\/pages\/2961"}],"wp:attachment":[{"href":"https:\/\/www.serbski-institut.de\/os\/wp-json\/wp\/v2\/media?parent=3204"}],"curies":[{"name":"wp","href":"https:\/\/api.w.org\/{rel}","templated":true}]}}