{"id":3227,"date":"2021-11-25T14:19:18","date_gmt":"2021-11-25T13:19:18","guid":{"rendered":"https:\/\/beta.serbski-institut.de\/serbski-institut\/gremije\/"},"modified":"2025-10-13T14:47:46","modified_gmt":"2025-10-13T12:47:46","slug":"gremije","status":"publish","type":"page","link":"https:\/\/www.serbski-institut.de\/os\/serbski-institut\/gremije\/","title":{"rendered":"Gremije"},"content":{"rendered":"<h2>Towarstwo<\/h2>\n<ul>\n<li><a title=\"eksterny link Swobodny stat Sakska\" href=\"http:\/\/www.smwk.sachsen.de\/\" target=\"_blank\" rel=\"noopener\">Swobodny stat Sakska<\/a><br \/>\nzastupowany p\u0159ez Felicitas Roth, statne ministerstwo za w\u011bdomos\u0107, wysoke \u0161ule a sl\u011bd\u017aenje<\/li>\n<li><a title=\"eksterny link Kraj Braniborska\" href=\"http:\/\/www.mwfk.brandenburg.de\/\" target=\"_blank\" rel=\"noopener\">Kraj Braniborska<\/a><br \/>\nzastupowany p\u0159ez Clemensa Neumanna, ministerstwo za w\u011bdomos\u0107, sl\u011bd\u017aenje a kulturu kraja Braniborskeje<\/li>\n<li><a title=\"eksterny link Za\u0142o\u017eba za serbski lud,\" href=\"http:\/\/www.stiftung.sorben.com\/\" target=\"_blank\" rel=\"noopener\">Za\u0142o\u017eba za serbski lud,<\/a>\u00a0Budy\u0161in<br \/>\nzastupowana p\u0159ez direktora Jana Budarja<\/li>\n<li><a title=\"eksterny link Ma\u0107ica Serbska\" href=\"https:\/\/www.domowina.de\/dsb\/clonkojstwo\/sobustawske-towaristwa\/masica-serbska\/macica-serbska\/\" target=\"_blank\" rel=\"noopener\">Ma\u0107ica Serbska<\/a><br \/>\nzastupowana p\u0159ez mgr. Katju Branka\u010dkec, Ph.D., Praha<\/li>\n<li>em. prof. dr. Konrad K\u00f6stlin<br \/>\nuniwersita Wien<\/li>\n<li><a title=\"eksterny link prof. dr. Silke G\u00f6ttsch-Elten\" href=\"https:\/\/www.europaeische-ethnologie-volkskunde.uni-kiel.de\/de\/personen\/ehemalige\/prof-dr-phil-silke-goettsch-elten\" target=\"_blank\" rel=\"noopener\">prof. dr. Silke G\u00f6ttsch-Elten<\/a><br \/>\nuniwersita w Kielu<\/li>\n<li><a href=\"https:\/\/tu-dresden.de\/gsw\/slk\/slavistik\/das-institut\/professuren-und-lehrbereiche\/westslav\/inhaber-der-professur\/prunitsch\" target=\"_blank\" rel=\"noopener\">prof. dr. Christian Prunitsch<\/a><br \/>\nTechniska uniwersita Drje\u017ed\u017aany<\/li>\n<li><a title=\"eksterny link prof. dr. dr. h.c. Roland Marti\" href=\"https:\/\/www.uni-saarland.de\/fakultaet-p\/memus\/slavistik\/marti.html\" target=\"_blank\" rel=\"noopener\">prof. dr. dr. h.c. Roland Marti<\/a><br \/>\nuniwersita w Saarbr\u00fcckenje<\/li>\n<li><a href=\"https:\/\/www.isgv.de\/\" target=\"_blank\" rel=\"noopener\">Institut za Sakske stawizny a ludow\u011bdu<\/a><br \/>\nzastupowany p\u0159ez direktora, prof. dr. Andreasa Rutza<\/li>\n<li><a href=\"https:\/\/www.leibniz-gwzo.de\/de\" target=\"_blank\" rel=\"noopener\">Leibnizowy institut za stawizny a kulturu wuchodneje Europy<\/a> (GWZO)<br \/>\nzastupowany p\u0159ez zastupowacu direktorku, prof. dr. Julia Herzberg<\/li>\n<\/ul>\n<h2>Kuratorij<\/h2>\n<ul>\n<li><a title=\"eksterny link Swobodny stat Sakska,\" href=\"http:\/\/www.smwk.sachsen.de\/\" target=\"_blank\" rel=\"noopener\">Swobodny stat Sakska,<\/a><br \/>\nzastupowany p\u0159ez Felicitas Roth,<br \/>\nSakske statne ministerstwo za w\u011bdomos\u0107 a wum\u011b\u0142stwo (p\u0159edsydka)<\/li>\n<li><a title=\"eksterny link Kraj Braniborska,\" href=\"http:\/\/www.mwfk.brandenburg.de\/\" target=\"_blank\" rel=\"noopener\">Kraj Braniborska,<\/a><br \/>\nzastupowany p\u0159ez Clemensa Neumanna,<br \/>\nMinisterstwo za w\u011bdomos\u0107, sl\u011bd\u017aenje a kulturu (m\u011bstop\u0159edsyda)<\/li>\n<li><a title=\"eksterny link Za\u0142o\u017eba za serbski lud,\" href=\"http:\/\/www.stiftung.sorben.com\/\" target=\"_blank\" rel=\"noopener\">Za\u0142o\u017eba za serbski lud,<\/a><br \/>\nzastupowana p\u0159ez direktora Jana Budarja<\/li>\n<li><a title=\"lokalny link Towarstwo Serbskeho instituta,\" href=\"https:\/\/www.serbski-institut.de\/os\/serbski-institut\/gremije\/#q431\" target=\"_self\" rel=\"noopener\">Towarstwo Serbskeho instituta,<\/a><br \/>\nzastupowane p\u0159ez prof. dr. Andreasa Rutza<\/li>\n<\/ul>\n<p>Z porad\u017aowacym h\u0142osom:<\/p>\n<ul>\n<li><a title=\"lokalny link W\u011bdomostna p\u0159irada Serbskeho instituta,\" href=\"https:\/\/www.serbski-institut.de\/os\/serbski-institut\/gremije\/#q432\" target=\"_self\" rel=\"noopener\">w\u011bdomostna p\u0159irada Serbskeho instituta,<\/a><br \/>\nzastupowana p\u0159ez prof. dr. dr. h.c. Rolanda Martija,<br \/>\nuniwersita w Saarbr\u00fcckenje<\/li>\n<li><a title=\"lokalny link P\u0159edsydstwo towarstwa Serbskeho instituta,\" href=\"https:\/\/www.serbski-institut.de\/os\/serbski-institut\/gremije\/#q431\" target=\"_self\" rel=\"noopener\">p\u0159edsydstwo towarstwa Serbskeho instituta,<\/a><br \/>\nzastupowane p\u0159ez <a href=\"https:\/\/www.serbski-institut.de\/mitarbeiter\/hauke-bartels\/\">prof. dr. Hauke Bartelsa<\/a>,<br \/>\ndirektor Serbskeho instituta<\/li>\n<\/ul>\n<h2>W\u011bdomostna p\u0159irada<\/h2>\n<ul>\n<li style=\"list-style-type: none\">\n<ul>\n<li><a title=\"eksterny link prof. dr. Tilman Berger\" href=\"https:\/\/uni-tuebingen.de\/fakultaeten\/philosophische-fakultaet\/fachbereiche\/neuphilologie\/slavisches-seminar\/institut\/mitarbeitende\/tilman-berger\/\" target=\"_blank\" rel=\"noopener\">prof. dr. Tilman Berger<\/a><br \/>\nuniwersita w T\u00fcbingenje<\/li>\n<li><a title=\"eksterny link prof. dr. Silke G\u00f6ttsch-Elten\" href=\"https:\/\/www.europaeische-ethnologie-volkskunde.uni-kiel.de\/de\/personen\/ehemalige\/prof-dr-phil-silke-goettsch-elten\" target=\"_blank\" rel=\"noopener\">prof. dr. Silke G\u00f6ttsch-Elten<\/a><br \/>\nuniwersita w Kielu<\/li>\n<li><a title=\"eksterny link prof. dr. Gerhard Heyer\" href=\"http:\/\/asv.informatik.uni-leipzig.de\/staff\/Gerhard_Heyer\" target=\"_blank\" rel=\"noopener\">prof. dr. Gerhard Heyer<\/a><br \/>\nuniwersita w Lipsku<\/li>\n<li><a title=\"eksterny link prof. dr. Tadeusz Lewaszkiewicz\" href=\"https:\/\/dialektologia.amu.edu.pl\/prof-dr-hab-tadeusz-lewaszkiewicz\/\" target=\"_blank\" rel=\"noopener\">prof. dr. Tadeusz Lewaszkiewicz<\/a><br \/>\nuniwersita w P\u00f3znanju<\/li>\n<li><a title=\"eksterny link prof. dr. dr. h.c. Roland Marti\" href=\"https:\/\/www.uni-saarland.de\/fakultaet-p\/memus\/slavistik\/marti.html\" target=\"_blank\" rel=\"noopener\">prof. dr. dr. h.c. Roland Marti<\/a>\u00a0(p\u0159edsyda)<br \/>\nuniwersita w Saarbr\u00fcckenje<\/li>\n<li><a title=\"eksterny link prof. dr. Andreas Rutz\" href=\"https:\/\/tu-dresden.de\/gsw\/phil\/ige\/slge\/die-professur\/lehrstuhlinhaber-prof-dr-andreas-rutz\" target=\"_blank\" rel=\"noopener\">prof. dr. Andreas Rutz<\/a><br \/>\nInstitut za Sakske stawizny a ludow\u011bdu<\/li>\n<li><a title=\"Externer Link Prof. Dr. Annette Werberger\" href=\"https:\/\/www.unibz.it\/de\/faculties\/education\/academic-staff\/person\/24-paul-videsott\" target=\"_blank\" rel=\"noopener\">prof. Paul Videsott<\/a><br \/>\nSwobodna uniwersita w Bozenje<\/li>\n<li><a title=\"eksterny link prof. dr. J\u00fcrgen Warmbrunn\" href=\"https:\/\/www.herder-institut.de\/institut-personal\/personal\/personen\/person\/warmbrunn-1.html\" target=\"_blank\" rel=\"noopener\">prof. dr. J\u00fcrgen Warmbrunn<\/a><br \/>\nHerder-Institut Marburg<\/li>\n<li><a href=\"https:\/\/www.gose.geschichte.uni-muenchen.de\/personen\/lehrbeauftragte\/weger\/index.html\" target=\"_blank\" rel=\"noopener\">PD dr. Tobias Weger<\/a><br \/>\nInstitut za n\u011bmsku kulturu a stawizny ju\u017eneje wuchodneje Europy p\u0159i uniweris\u0107e Ludwiga Maximiliana w Mnichowje<\/li>\n<li><a title=\"eksterny link prof. dr. Annette Werberger\" href=\"https:\/\/www.kuwi.europa-uni.de\/de\/lehrstuhl\/lw\/osteuropa\/Professurinhaberin\/index.html\" target=\"_blank\" rel=\"noopener\">prof. dr. Annette Werberger<\/a><br \/>\nEuropa-uniwersita Viadrina<\/li>\n<\/ul>\n<\/li>\n<\/ul>\n","protected":false},"excerpt":{"rendered":"<p>Towarstwo Swobodny stat Sakska zastupowany p\u0159ez Felicitas Roth, statne ministerstwo za w\u011bdomos\u0107, wysoke \u0161ule a sl\u011bd\u017aenje Kraj Braniborska zastupowany p\u0159ez Clemensa Neumanna, ministerstwo za w\u011bdomos\u0107, sl\u011bd\u017aenje a kulturu kraja Braniborskeje Za\u0142o\u017eba za serbski lud,\u00a0Budy\u0161in zastupowana p\u0159ez direktora Jana Budarja Ma\u0107ica Serbska zastupowana p\u0159ez mgr. Katju Branka\u010dkec, Ph.D., Praha em. prof. dr. Konrad K\u00f6stlin uniwersita Wien [&hellip;]<\/p>\n","protected":false},"author":32,"featured_media":0,"parent":2961,"menu_order":4,"comment_status":"closed","ping_status":"closed","template":"","meta":{"_acf_changed":false,"footnotes":""},"class_list":["post-3227","page","type-page","status-publish","hentry"],"acf":[],"_links":{"self":[{"href":"https:\/\/www.serbski-institut.de\/os\/wp-json\/wp\/v2\/pages\/3227","targetHints":{"allow":["GET"]}}],"collection":[{"href":"https:\/\/www.serbski-institut.de\/os\/wp-json\/wp\/v2\/pages"}],"about":[{"href":"https:\/\/www.serbski-institut.de\/os\/wp-json\/wp\/v2\/types\/page"}],"author":[{"embeddable":true,"href":"https:\/\/www.serbski-institut.de\/os\/wp-json\/wp\/v2\/users\/32"}],"replies":[{"embeddable":true,"href":"https:\/\/www.serbski-institut.de\/os\/wp-json\/wp\/v2\/comments?post=3227"}],"version-history":[{"count":15,"href":"https:\/\/www.serbski-institut.de\/os\/wp-json\/wp\/v2\/pages\/3227\/revisions"}],"predecessor-version":[{"id":249850,"href":"https:\/\/www.serbski-institut.de\/os\/wp-json\/wp\/v2\/pages\/3227\/revisions\/249850"}],"up":[{"embeddable":true,"href":"https:\/\/www.serbski-institut.de\/os\/wp-json\/wp\/v2\/pages\/2961"}],"wp:attachment":[{"href":"https:\/\/www.serbski-institut.de\/os\/wp-json\/wp\/v2\/media?parent=3227"}],"curies":[{"name":"wp","href":"https:\/\/api.w.org\/{rel}","templated":true}]}}