{"id":3266,"date":"2021-11-25T17:09:27","date_gmt":"2021-11-25T16:09:27","guid":{"rendered":"https:\/\/beta.serbski-institut.de\/startseite\/"},"modified":"2026-04-13T12:40:37","modified_gmt":"2026-04-13T10:40:37","slug":"startseite","status":"publish","type":"page","link":"https:\/\/www.serbski-institut.de\/os\/","title":{"rendered":"Home"},"content":{"rendered":"<p>Institut sl\u011bd\u017ai na polu r\u011b\u010de, stawiznow a kultury Serbow w Hornjej a Delnjej \u0141u\u017eicy a w\u011bnuje so p\u0159irunowacym mje\u0144\u0161inowym sl\u011bd\u017aenjam<br \/>\n<a href=\"https:\/\/www.serbski-institut.de\/os\/serbski-institut\/\">wjace zhoni\u0107<\/a><\/p>\n<p>&nbsp;<\/p>\n<p>Pro\u0161u wuzwol\u0107e sej r\u011b\u010d, kotru\u017e sej p\u0159eje\u0107e.<\/p>\n","protected":false},"excerpt":{"rendered":"<p>Institut sl\u011bd\u017ai na polu r\u011b\u010de, stawiznow a kultury Serbow w Hornjej a Delnjej \u0141u\u017eicy a w\u011bnuje so p\u0159irunowacym mje\u0144\u0161inowym sl\u011bd\u017aenjam wjace zhoni\u0107 &nbsp; Pro\u0161u wuzwol\u0107e sej r\u011b\u010d, kotru\u017e sej p\u0159eje\u0107e.<\/p>\n","protected":false},"author":32,"featured_media":0,"parent":0,"menu_order":0,"comment_status":"closed","ping_status":"closed","template":"page-startseite.php","meta":{"_acf_changed":false,"footnotes":""},"class_list":["post-3266","page","type-page","status-publish","hentry"],"acf":[],"_links":{"self":[{"href":"https:\/\/www.serbski-institut.de\/os\/wp-json\/wp\/v2\/pages\/3266","targetHints":{"allow":["GET"]}}],"collection":[{"href":"https:\/\/www.serbski-institut.de\/os\/wp-json\/wp\/v2\/pages"}],"about":[{"href":"https:\/\/www.serbski-institut.de\/os\/wp-json\/wp\/v2\/types\/page"}],"author":[{"embeddable":true,"href":"https:\/\/www.serbski-institut.de\/os\/wp-json\/wp\/v2\/users\/32"}],"replies":[{"embeddable":true,"href":"https:\/\/www.serbski-institut.de\/os\/wp-json\/wp\/v2\/comments?post=3266"}],"version-history":[{"count":3,"href":"https:\/\/www.serbski-institut.de\/os\/wp-json\/wp\/v2\/pages\/3266\/revisions"}],"predecessor-version":[{"id":252414,"href":"https:\/\/www.serbski-institut.de\/os\/wp-json\/wp\/v2\/pages\/3266\/revisions\/252414"}],"wp:attachment":[{"href":"https:\/\/www.serbski-institut.de\/os\/wp-json\/wp\/v2\/media?parent=3266"}],"curies":[{"name":"wp","href":"https:\/\/api.w.org\/{rel}","templated":true}]}}